{"id":15,"date":"2017-01-07T09:07:41","date_gmt":"2017-01-07T08:07:41","guid":{"rendered":"https:\/?page_id=15"},"modified":"2025-03-19T06:52:31","modified_gmt":"2025-03-19T05:52:31","slug":"accueil","status":"publish","type":"page","link":"https:\/\/cedric-devarenne.com\/demo\/dalisier\/fr\/accueil\/","title":{"rendered":"Accueil"},"content":{"rendered":"<p>[spb_boxed_content element_name=&#8221;Titre de la gamme des produits&#8221; type=&#8221;coloured&#8221; box_link_target=&#8221;_self&#8221; padding_vertical=&#8221;0&#8243; padding_horizontal=&#8221;0&#8243; el_class=&#8221;titre-home&#8221; width=&#8221;1\/1&#8243; el_position=&#8221;first last&#8221;]<\/p>\n<h2 style=\"text-align: center;\"><a href=\"https:\/\/cedric-devarenne.com\/demo\/dalisier\/fr\/accueil\/produits\/\"> Produits en Bois Naturel d&#8217;Alisier<\/a><\/h2>\n<p>[\/spb_boxed_content] [spb_column col_animation=&#8221;fadeInRight&#8221; col_animation_delay=&#8221;1200&#8243; col_bg_type=&#8221;cover&#8221; col_parallax_image_movement=&#8221;fixed&#8221; col_parallax_image_speed=&#8221;0.5&#8243; col_padding=&#8221;0&#8243; col_vertical_offset=&#8221;0&#8243; col_horizontal_offset=&#8221;0&#8243; col_custom_zindex=&#8221;0&#8243; col_sm=&#8221;6&#8243; simplified_controls=&#8221;yes&#8221; custom_css_percentage=&#8221;no&#8221; padding_vertical=&#8221;400&#8243; padding_horizontal=&#8221;0&#8243; margin_vertical=&#8221;0&#8243; custom_css=&#8221;margin-top: 0px;margin-bottom: 0px;&#8221; border_styling_global=&#8221;default&#8221; width=&#8221;1\/2&#8243; el_position=&#8221;first&#8221;] [spb_image_banner image=&#8221;366&#8243; image_size=&#8221;full&#8221; content_pos=&#8221;center&#8221; content_textalign=&#8221;center&#8221; animation=&#8221;none&#8221; animation_delay=&#8221;200&#8243; image_link=&#8221;https:\/\/cedric-devarenne.com\/demo\/dalisier\/fr\/accueil\/produits\/coques-en-bois-pour-smartphone\/&#8221; link_target=&#8221;_self&#8221; el_class=&#8221;img2&#8243; width=&#8221;1\/1&#8243; el_position=&#8221;first last&#8221;]<\/p>\n<h2>Coques en bois de SmartPhone<\/h2>\n<p>[\/spb_image_banner] [spb_image_banner image=&#8221;367&#8243; image_size=&#8221;full&#8221; content_pos=&#8221;center&#8221; content_textalign=&#8221;center&#8221; animation=&#8221;none&#8221; animation_delay=&#8221;200&#8243; image_link=&#8221;https:\/\/cedric-devarenne.com\/demo\/dalisier\/dalisier\/fr\/accueil\/produits\/chargeurs-de-smartphone-kiwibox-en-bois\/&#8221; link_target=&#8221;_self&#8221; el_class=&#8221;img2&#8243; width=&#8221;1\/1&#8243; el_position=&#8221;first last&#8221;]<\/p>\n<h2>KiwiBox Chargeur de SmartPhone<\/h2>\n<p>[\/spb_image_banner] [spb_image_banner image=&#8221;700&#8243; image_size=&#8221;full&#8221; content_pos=&#8221;center&#8221; content_textalign=&#8221;center&#8221; animation=&#8221;none&#8221; animation_delay=&#8221;200&#8243; image_link=&#8221;https:\/\/cedric-devarenne.com\/demo\/dalisier\/fr\/boutique\/peigne-en-bois-naturel-avec-son-etui\/&#8221; link_target=&#8221;_self&#8221; el_class=&#8221;img2&#8243; width=&#8221;1\/1&#8243; el_position=&#8221;first last&#8221;]<\/p>\n<h2>Peigne en bois<\/h2>\n<p>[\/spb_image_banner] [\/spb_column] [spb_column col_animation=&#8221;fadeInLeft&#8221; col_animation_delay=&#8221;1200&#8243; col_bg_type=&#8221;cover&#8221; col_parallax_image_movement=&#8221;fixed&#8221; col_parallax_image_speed=&#8221;0.5&#8243; col_padding=&#8221;0&#8243; col_vertical_offset=&#8221;0&#8243; col_horizontal_offset=&#8221;0&#8243; col_custom_zindex=&#8221;0&#8243; col_sm=&#8221;6&#8243; simplified_controls=&#8221;yes&#8221; custom_css_percentage=&#8221;no&#8221; padding_vertical=&#8221;400&#8243; padding_horizontal=&#8221;0&#8243; margin_vertical=&#8221;0&#8243; custom_css=&#8221;margin-top: 0px;margin-bottom: 0px;&#8221; border_styling_global=&#8221;default&#8221; width=&#8221;1\/2&#8243; el_position=&#8221;last&#8221;] [spb_image_banner image=&#8221;685&#8243; image_size=&#8221;full&#8221; content_pos=&#8221;center&#8221; content_textalign=&#8221;center&#8221; animation=&#8221;none&#8221; animation_delay=&#8221;200&#8243; image_link=&#8221;https:\/\/cedric-devarenne.com\/demo\/dalisier\/fr\/boutique\/montre-en-bois-sandalwood\/&#8221; link_target=&#8221;_self&#8221; el_class=&#8221;img2&#8243; width=&#8221;1\/1&#8243; el_position=&#8221;first last&#8221;]<\/p>\n<h2>Montres en bois<\/h2>\n<p>[\/spb_image_banner] [spb_image_banner image=&#8221;686&#8243; image_size=&#8221;full&#8221; content_pos=&#8221;center&#8221; content_textalign=&#8221;center&#8221; animation=&#8221;none&#8221; animation_delay=&#8221;200&#8243; image_link=&#8221;https:\/\/cedric-devarenne.com\/demo\/dalisier\/fr\/accueil\/produits\/noeuds-papillon-en-bois-collection-oolha\/&#8221; link_target=&#8221;_self&#8221; el_class=&#8221;img2&#8243; width=&#8221;1\/1&#8243; el_position=&#8221;first last&#8221;]<\/p>\n<h2>Noeuds papillon en bois<\/h2>\n<p>[\/spb_image_banner] [spb_image_banner image=&#8221;701&#8243; image_size=&#8221;full&#8221; content_pos=&#8221;center&#8221; content_textalign=&#8221;center&#8221; animation=&#8221;none&#8221; animation_delay=&#8221;200&#8243; image_link=&#8221;https:\/\/cedric-devarenne.com\/demo\/dalisier\/fr\/boutique\/porte-cartes-en-bois-naturel-et-son-etui\/&#8221; link_target=&#8221;_self&#8221; el_class=&#8221;img2&#8243; width=&#8221;1\/1&#8243; el_position=&#8221;first last&#8221;]<\/p>\n<h2>Porte cartes en bois<\/h2>\n<p>[\/spb_image_banner] [\/spb_column] [spb_boxed_content type=&#8221;coloured&#8221; box_link_target=&#8221;_self&#8221; padding_vertical=&#8221;0&#8243; padding_horizontal=&#8221;0&#8243; el_class=&#8221;titre-home&#8221; width=&#8221;1\/1&#8243; el_position=&#8221;first last&#8221;]<\/p>\n<h2 style=\"text-align: center;\"><a href=\"https:\/\/cedric-devarenne.com\/demo\/dalisier\/fr\/boutique\/?orderby=date\">Nouveaut\u00e9s !<\/a><\/h2>\n<p>[\/spb_boxed_content] [spb_products asset_type=&#8221;latest-products&#8221; category=&#8221;accessoires,coque-en-bois-fr,kiwibox,montre-en-bois,noeud-papillon&#8221; display_type=&#8221;standard&#8221; display_layout=&#8221;standard&#8221; multi_masonry=&#8221;no&#8221; carousel=&#8221;no&#8221; fullwidth=&#8221;no&#8221; columns=&#8221;4&#8243; item_count=&#8221;4&#8243; order=&#8221;DESC&#8221; button_enabled=&#8221;no&#8221; width=&#8221;1\/1&#8243; el_position=&#8221;first last&#8221;] [spb_parallax parallax_type=&#8221;image&#8221; bg_image=&#8221;270&#8243; bg_type=&#8221;cover&#8221; parallax_video_height=&#8221;content-height&#8221; parallax_video_overlay=&#8221;none&#8221; parallax_image_height=&#8221;content-height&#8221; parallax_image_movement=&#8221;fixed&#8221; parallax_image_speed=&#8221;standard&#8221; padding_horizontal=&#8221;15&#8243; el_class=&#8221;titre-home2&#8243; width=&#8221;1\/1&#8243; el_position=&#8221;first last&#8221;]<\/p>\n<h2 style=\"text-align: center;\">A Propos d\u2019Alisier<\/h2>\n<p>&nbsp;<\/p>\n<p>&nbsp;<\/p>\n<p>[\/spb_parallax] [spb_boxed_content type=&#8221;coloured&#8221; box_link_target=&#8221;_self&#8221; padding_vertical=&#8221;0&#8243; padding_horizontal=&#8221;0&#8243; width=&#8221;1\/1&#8243; el_position=&#8221;first last&#8221;]<\/p>\n<p>&nbsp;<\/p>\n<p><strong><em>Notre d\u00e9marche<\/em><\/strong><\/p>\n<p>Alors que la technologie n\u2019a jamais autant impr\u00e9gn\u00e9 notre soci\u00e9t\u00e9, s\u2019observe en m\u00eame temps une aspiration de plus en plus forte \u00e0 retrouver le go\u00fbt de la nature et de l\u2019authenticit\u00e9. En fondant D\u2019alisier, une jeune \u00e9quipe d\u2019entrepreneurs s\u2019est donn\u00e9e pour ambition d\u2019y r\u00e9pondre, en mariant les objets qui nous suivent au quotidien, y compris les plus connect\u00e9s, avec la mati\u00e8re naturelle la plus \u00e9l\u00e9mentaire qu\u2019est le bois.<\/p>\n<p>Notre \u00e9quipe est riche d\u2019exp\u00e9riences \u00e0 fortes responsabilit\u00e9s dans des secteurs vari\u00e9s, allant des grandes maisons de couture au d\u00e9veloppement de produits technologiques. Notre passion\u00a0 commune pour l\u2019\u00e9b\u00e9nisterie nous a pouss\u00e9s \u00e0 unir nos talents afin de cr\u00e9er toute une gamme de produits (lunettes, montres, smartphones, tablettes,\u2026) permettant de rev\u00eatir de bois pr\u00e9cieux vos objets et accessoires favoris.<\/p>\n<p>Coupons imm\u00e9diatement court \u00e0 une id\u00e9e re\u00e7ue: couper du bois, ce n\u2019est pas tuer la for\u00eat, mais simplement accompagner le travail de la nature en permettant son renouvellement. Seule mati\u00e8re premi\u00e8re renouvelable, biod\u00e9gradable et enti\u00e8rement exploitable, le bois constitue une mati\u00e8re riche, \u00e9conomique et multi-usages.<\/p>\n<p>D\u2019alisier travaille en \u00e9troite collaboration avec des \u00e9b\u00e9nistes, des charpentiers, et de nombreux artisans du bois, dans le plus profond respect de l\u2019environnement et de nos objectifs de qualit\u00e9. Notre r\u00e9seau humain, li\u00e9 par des valeurs partag\u00e9es, constitue notre principal atout pour charmer votre quotidien tout en contribuant \u00e0 l\u2019effort commun de conscience \u00e9cologique.<\/p>\n<p><em>\u00a0<\/em><\/p>\n<p><strong><em>Au commencement\u2026<\/em><\/strong><\/p>\n<p>Apr\u00e8s plusieurs ann\u00e9es pass\u00e9es dans le monde du luxe et des produits artificiels, j\u2019ai souhait\u00e9 retrouver une forme de libert\u00e9 en travaillant les mat\u00e9riaux naturels et en m\u2019engageant au service d\u2019une vision environnementale forte. Histoire de me refaire une image du monde qui nous fait vivre.<\/p>\n<p>Durant un an, j\u2019ai voyag\u00e9 \u00e0 travers le monde en parcourant villes, for\u00eats, fermes et champs. J\u2019en ai tir\u00e9 des rencontres inoubliables, des \u00e9changes avec de nombreux artisans passionn\u00e9s, et j\u2019ai appris \u00e0 travailler des mati\u00e8res nobles. C\u2019est au cours de ce p\u00e9riple que j\u2019ai muri l\u2019id\u00e9e de cr\u00e9er D\u2019alisier.<\/p>\n<p>A travers D\u2019alisier, j\u2019ai souhait\u00e9 prolonger cette exp\u00e9rience acquise en la mat\u00e9rialisant dans un projet \u00e0 m\u00eame d\u2019\u00eatre partag\u00e9 avec le plus grand nombre.<\/p>\n<p>Hippie\u00a0? non\u00a0! Extr\u00e9miste\u00a0? Encore moins\u00a0! Je suis tout simplement un amoureux du beau et des belles choses, qui consid\u00e8re que technologie et environnement ne sont pas incompatibles. Gr\u00e2ce \u00e0 de simples choix de consommation, nous pouvons associer l\u2019un et l\u2019autre et sentir la nature nous accompagner toute la journ\u00e9e.<\/p>\n<p>Pour cela, faisons du bois votre\u00a0plus bel accessoire\u00a0!<\/p>\n<p style=\"text-align: center;\"><strong>In the Wood for Love<\/strong><\/p>\n<p>[\/spb_boxed_content] [spb_boxed_content type=&#8221;coloured&#8221; box_link_target=&#8221;_self&#8221; padding_vertical=&#8221;0&#8243; padding_horizontal=&#8221;0&#8243; el_class=&#8221;titre-home&#8221; width=&#8221;1\/1&#8243; el_position=&#8221;first last&#8221;]<\/p>\n<h2 style=\"text-align: center;\"><a href=\"https:\/\/cedric-devarenne.com\/demo\/dalisier\/fr\/boutique\/?orderby=popularity\">Produits les plus appr\u00e9ci\u00e9s !<\/a><\/h2>\n<p>[\/spb_boxed_content] [spb_products asset_type=&#8221;top-rated&#8221; category=&#8221;accessoires,coque-en-bois-fr,kiwibox,kiwibox2,kiwibox4,montre-en-bois,noeud-papillon,peigne-en-bois,porte-cartes-en-bois,telephone-mobile-fr&#8221; display_type=&#8221;standard&#8221; display_layout=&#8221;standard&#8221; multi_masonry=&#8221;no&#8221; carousel=&#8221;no&#8221; fullwidth=&#8221;no&#8221; columns=&#8221;4&#8243; item_count=&#8221;8&#8243; order=&#8221;DESC&#8221; button_enabled=&#8221;no&#8221; width=&#8221;1\/1&#8243; el_position=&#8221;first last&#8221;] [spb_testimonial element_name=&#8221;Avis des consommateurs et t\u00e9moignages&#8221; title=&#8221;T\u00e9moignages&#8221; text_size=&#8221;normal&#8221; item_count=&#8221;6&#8243; order=&#8221;rand&#8221; category=&#8221;All&#8221; pagination=&#8221;no&#8221; page_link=&#8221;no&#8221; width=&#8221;1\/1&#8243; el_position=&#8221;first last&#8221;] [spb_product_reviews element_name=&#8221;Avis des consommateurs sur les Produits&#8221; text_size=&#8221;normal&#8221; item_count=&#8221;6&#8243; order_by=&#8221;date&#8221; order=&#8221;DESC&#8221; display_type=&#8221;standard&#8221; columns=&#8221;3&#8243; link=&#8221;yes&#8221; show_thumbnail=&#8221;yes&#8221; show_rating=&#8221;yes&#8221; width=&#8221;1\/1&#8243; el_position=&#8221;first last&#8221;]<\/p>\n<div id=\"gtx-trans\" style=\"position: absolute; left: 87px; top: 419.318px;\">\n<div class=\"gtx-trans-icon\"><\/div>\n<\/div>\n<div style=\"clear:both\"><\/div><div class=\"crunchify-social\"><!-- Social Sharing Buttons Plugin without any Java Script Loading by Crunchify.com - START--><h5><\/h5><a class=\"crunchify-link crunchify-facebook\" href=\"https:\/\/www.facebook.com\/sharer\/sharer.php?u=https:\/\/cedric-devarenne.com\/demo\/dalisier\/fr\/accueil\/\" target=\"_blank\" >Facebook<\/a><a class=\"crunchify-link crunchify-twitter\" href=\"https:\/\/twitter.com\/intent\/tweet?text=Accueil&amp;url=https:\/\/cedric-devarenne.com\/demo\/dalisier\/fr\/accueil\/&amp;via=\" target=\"_blank\" >Twitter<\/a><a class=\"crunchify-link crunchify-googleplus\" href=\"https:\/\/plus.google.com\/share?url=https:\/\/cedric-devarenne.com\/demo\/dalisier\/fr\/accueil\/\" target=\"_blank\" >Google+<\/a><a class=\"crunchify-link crunchify-linkedin\" href=\"https:\/\/www.linkedin.com\/shareArticle?mini=true&url=https:\/\/cedric-devarenne.com\/demo\/dalisier\/fr\/accueil\/&amp;title=Accueil\" target=\"_blank\" >LinkedIn<\/a><a class=\"crunchify-link crunchify-pinterest\" href=\"https:\/\/pinterest.com\/pin\/create\/button\/?url=https:\/\/cedric-devarenne.com\/demo\/dalisier\/fr\/accueil\/&amp;media=https:\/\/cedric-devarenne.com\/demo\/dalisier\/wp-content\/uploads\/2017\/01\/grand-logo-d-alisier.jpg&amp;description=Accueil\" target=\"_blank\" >Pin It<\/a><a class=\"crunchify-link crunchify-email\" href=\"mailto:?subject=Accueil&amp;body=Check out this site: https:\/\/cedric-devarenne.com\/demo\/dalisier\/fr\/accueil\/\" title=\"Share by Email\" target=\"_blank\" >Email<\/a><!-- Social Sharing Buttons Plugin - END--><\/div><div style=\"clear:both\"><\/div>","protected":false},"excerpt":{"rendered":"<p>[spb_boxed_content element_name=&#8221;Titre de la gamme des produits&#8221; type=&#8221;coloured&#8221; box_link_target=&#8221;_self&#8221; padding_vertical=&#8221;0&#8243; padding_horizontal=&#8221;0&#8243; el_class=&#8221;titre-home&#8221; width=&#8221;1\/1&#8243; el_position=&#8221;first last&#8221;] Produits en Bois Naturel d&#8217;Alisier [\/spb_boxed_content] [spb_column col_animation=&#8221;fadeInRight&#8221; col_animation_delay=&#8221;1200&#8243; col_bg_type=&#8221;cover&#8221; col_parallax_image_movement=&#8221;fixed&#8221; col_parallax_image_speed=&#8221;0.5&#8243; col_padding=&#8221;0&#8243; col_vertical_offset=&#8221;0&#8243; col_horizontal_offset=&#8221;0&#8243; col_custom_zindex=&#8221;0&#8243; col_sm=&#8221;6&#8243; simplified_controls=&#8221;yes&#8221; custom_css_percentage=&#8221;no&#8221; padding_vertical=&#8221;400&#8243; padding_horizontal=&#8221;0&#8243; margin_vertical=&#8221;0&#8243; custom_css=&#8221;margin-top: 0px;margin-bottom: 0px;&#8221; border_styling_global=&#8221;default&#8221; width=&#8221;1\/2&#8243; el_position=&#8221;first&#8221;] [spb_image_banner image=&#8221;366&#8243; image_size=&#8221;full&#8221; content_pos=&#8221;center&#8221; content_textalign=&#8221;center&#8221; animation=&#8221;none&#8221; animation_delay=&#8221;200&#8243; image_link=&#8221;https:\/\/cedric-devarenne.com\/demo\/dalisier\/fr\/accueil\/produits\/coques-en-bois-pour-smartphone\/&#8221; link_target=&#8221;_self&#8221; el_class=&#8221;img2&#8243; width=&#8221;1\/1&#8243; el_position=&#8221;first last&#8221;] Coques en bois de [&hellip;]<\/p>\n","protected":false},"author":1,"featured_media":135,"parent":0,"menu_order":0,"comment_status":"closed","ping_status":"closed","template":"","meta":{"footnotes":""},"class_list":["post-15","page","type-page","status-publish","has-post-thumbnail","hentry"],"aioseo_notices":[],"_links":{"self":[{"href":"https:\/\/cedric-devarenne.com\/demo\/dalisier\/wp-json\/wp\/v2\/pages\/15","targetHints":{"allow":["GET"]}}],"collection":[{"href":"https:\/\/cedric-devarenne.com\/demo\/dalisier\/wp-json\/wp\/v2\/pages"}],"about":[{"href":"https:\/\/cedric-devarenne.com\/demo\/dalisier\/wp-json\/wp\/v2\/types\/page"}],"author":[{"embeddable":true,"href":"https:\/\/cedric-devarenne.com\/demo\/dalisier\/wp-json\/wp\/v2\/users\/1"}],"replies":[{"embeddable":true,"href":"https:\/\/cedric-devarenne.com\/demo\/dalisier\/wp-json\/wp\/v2\/comments?post=15"}],"version-history":[{"count":0,"href":"https:\/\/cedric-devarenne.com\/demo\/dalisier\/wp-json\/wp\/v2\/pages\/15\/revisions"}],"wp:featuredmedia":[{"embeddable":true,"href":"https:\/\/cedric-devarenne.com\/demo\/dalisier\/wp-json\/wp\/v2\/media\/135"}],"wp:attachment":[{"href":"https:\/\/cedric-devarenne.com\/demo\/dalisier\/wp-json\/wp\/v2\/media?parent=15"}],"curies":[{"name":"wp","href":"https:\/\/api.w.org\/{rel}","templated":true}]}}