{"id":211,"date":"2017-01-10T19:00:14","date_gmt":"2017-01-10T18:00:14","guid":{"rendered":"https:\/?page_id=211"},"modified":"2017-01-29T09:23:01","modified_gmt":"2017-01-29T08:23:01","slug":"coques-en-bois-pour-smartphone","status":"publish","type":"page","link":"https:\/\/cedric-devarenne.com\/demo\/dalisier\/fr\/accueil\/produits\/coques-en-bois-pour-smartphone\/","title":{"rendered":"Coques en bois pour SmartPhone"},"content":{"rendered":"<p>[spb_products element_name=&#8221;Coques en bois Weng\u00e9 pour SmartPhone&#8221; title=&#8221;Coques en bois Weng\u00e9 pour SmartPhone&#8221; asset_type=&#8221;selected-products&#8221; products=&#8221;73,77,114&#8243; display_type=&#8221;standard&#8221; display_layout=&#8221;standard&#8221; multi_masonry=&#8221;no&#8221; carousel=&#8221;no&#8221; fullwidth=&#8221;no&#8221; columns=&#8221;4&#8243; item_count=&#8221;8&#8243; order_by=&#8221;ID&#8221; order=&#8221;DESC&#8221; button_enabled=&#8221;no&#8221; width=&#8221;1\/1&#8243; el_position=&#8221;first last&#8221;] [spb_products element_name=&#8221;Coques en bois de Noyer pour SmartPhone&#8221; title=&#8221;Coques en bois de Noyer pour SmartPhone&#8221; asset_type=&#8221;selected-products&#8221; products=&#8221;55,61&#8243; display_type=&#8221;standard&#8221; display_layout=&#8221;standard&#8221; multi_masonry=&#8221;no&#8221; carousel=&#8221;no&#8221; fullwidth=&#8221;no&#8221; columns=&#8221;4&#8243; item_count=&#8221;8&#8243; order_by=&#8221;ID&#8221; order=&#8221;DESC&#8221; button_enabled=&#8221;no&#8221; width=&#8221;1\/1&#8243; el_position=&#8221;first last&#8221;] [spb_products element_name=&#8221;Coques en bois d&#8217;\u00e9b\u00e8ne naturel pour SmartPhone&#8221; title=&#8221;Coques en bois d&#8217;\u00e9b\u00e8ne naturel pour SmartPhone&#8221; asset_type=&#8221;selected-products&#8221; products=&#8221;38,33&#8243; display_type=&#8221;standard&#8221; display_layout=&#8221;standard&#8221; multi_masonry=&#8221;no&#8221; carousel=&#8221;no&#8221; fullwidth=&#8221;no&#8221; columns=&#8221;4&#8243; item_count=&#8221;8&#8243; order_by=&#8221;ID&#8221; order=&#8221;DESC&#8221; button_enabled=&#8221;no&#8221; width=&#8221;1\/1&#8243; el_position=&#8221;first last&#8221;] [spb_products element_name=&#8221;Coques en bois d&#8217;\u00e9b\u00e8ne ray\u00e9 pour SmartPhone&#8221; title=&#8221;Coques en bois d&#8217;\u00e9b\u00e8ne ray\u00e9 pour SmartPhone&#8221; asset_type=&#8221;selected-products&#8221; products=&#8221;50,68,44&#8243; display_type=&#8221;standard&#8221; display_layout=&#8221;standard&#8221; multi_masonry=&#8221;no&#8221; carousel=&#8221;no&#8221; fullwidth=&#8221;no&#8221; columns=&#8221;4&#8243; item_count=&#8221;8&#8243; order_by=&#8221;ID&#8221; order=&#8221;DESC&#8221; button_enabled=&#8221;no&#8221; width=&#8221;1\/1&#8243; el_position=&#8221;first last&#8221;]<\/p>\n<div style=\"clear:both\"><\/div><div class=\"crunchify-social\"><!-- Social Sharing Buttons Plugin without any Java Script Loading by Crunchify.com - START--><h5><\/h5><a class=\"crunchify-link crunchify-facebook\" href=\"https:\/\/www.facebook.com\/sharer\/sharer.php?u=https:\/\/cedric-devarenne.com\/demo\/dalisier\/fr\/accueil\/produits\/coques-en-bois-pour-smartphone\/\" target=\"_blank\" >Facebook<\/a><a class=\"crunchify-link crunchify-twitter\" href=\"https:\/\/twitter.com\/intent\/tweet?text=Coques%20en%20bois%20pour%20SmartPhone&amp;url=https:\/\/cedric-devarenne.com\/demo\/dalisier\/fr\/accueil\/produits\/coques-en-bois-pour-smartphone\/&amp;via=\" target=\"_blank\" >Twitter<\/a><a class=\"crunchify-link crunchify-googleplus\" href=\"https:\/\/plus.google.com\/share?url=https:\/\/cedric-devarenne.com\/demo\/dalisier\/fr\/accueil\/produits\/coques-en-bois-pour-smartphone\/\" target=\"_blank\" >Google+<\/a><a class=\"crunchify-link crunchify-linkedin\" href=\"https:\/\/www.linkedin.com\/shareArticle?mini=true&url=https:\/\/cedric-devarenne.com\/demo\/dalisier\/fr\/accueil\/produits\/coques-en-bois-pour-smartphone\/&amp;title=Coques%20en%20bois%20pour%20SmartPhone\" target=\"_blank\" >LinkedIn<\/a><a class=\"crunchify-link crunchify-pinterest\" href=\"https:\/\/pinterest.com\/pin\/create\/button\/?url=https:\/\/cedric-devarenne.com\/demo\/dalisier\/fr\/accueil\/produits\/coques-en-bois-pour-smartphone\/&amp;media=&amp;description=Coques%20en%20bois%20pour%20SmartPhone\" target=\"_blank\" >Pin It<\/a><a class=\"crunchify-link crunchify-email\" href=\"mailto:?subject=Coques%20en%20bois%20pour%20SmartPhone&amp;body=Check out this site: https:\/\/cedric-devarenne.com\/demo\/dalisier\/fr\/accueil\/produits\/coques-en-bois-pour-smartphone\/\" title=\"Share by Email\" target=\"_blank\" >Email<\/a><!-- Social Sharing Buttons Plugin - END--><\/div><div style=\"clear:both\"><\/div>","protected":false},"excerpt":{"rendered":"<p>[spb_products element_name=&#8221;Coques en bois Weng\u00e9 pour SmartPhone&#8221; title=&#8221;Coques en bois Weng\u00e9 pour SmartPhone&#8221; asset_type=&#8221;selected-products&#8221; products=&#8221;73,77,114&#8243; display_type=&#8221;standard&#8221; display_layout=&#8221;standard&#8221; multi_masonry=&#8221;no&#8221; carousel=&#8221;no&#8221; fullwidth=&#8221;no&#8221; columns=&#8221;4&#8243; item_count=&#8221;8&#8243; order_by=&#8221;ID&#8221; order=&#8221;DESC&#8221; button_enabled=&#8221;no&#8221; width=&#8221;1\/1&#8243; el_position=&#8221;first last&#8221;] [spb_products element_name=&#8221;Coques en bois de Noyer pour SmartPhone&#8221; title=&#8221;Coques en bois de Noyer pour SmartPhone&#8221; asset_type=&#8221;selected-products&#8221; products=&#8221;55,61&#8243; display_type=&#8221;standard&#8221; display_layout=&#8221;standard&#8221; multi_masonry=&#8221;no&#8221; carousel=&#8221;no&#8221; fullwidth=&#8221;no&#8221; columns=&#8221;4&#8243; item_count=&#8221;8&#8243; order_by=&#8221;ID&#8221; order=&#8221;DESC&#8221; button_enabled=&#8221;no&#8221; width=&#8221;1\/1&#8243; el_position=&#8221;first last&#8221;] [spb_products element_name=&#8221;Coques [&hellip;]<\/p>\n","protected":false},"author":1,"featured_media":0,"parent":23,"menu_order":0,"comment_status":"closed","ping_status":"closed","template":"","meta":{"footnotes":""},"class_list":["post-211","page","type-page","status-publish","hentry"],"aioseo_notices":[],"_links":{"self":[{"href":"https:\/\/cedric-devarenne.com\/demo\/dalisier\/wp-json\/wp\/v2\/pages\/211","targetHints":{"allow":["GET"]}}],"collection":[{"href":"https:\/\/cedric-devarenne.com\/demo\/dalisier\/wp-json\/wp\/v2\/pages"}],"about":[{"href":"https:\/\/cedric-devarenne.com\/demo\/dalisier\/wp-json\/wp\/v2\/types\/page"}],"author":[{"embeddable":true,"href":"https:\/\/cedric-devarenne.com\/demo\/dalisier\/wp-json\/wp\/v2\/users\/1"}],"replies":[{"embeddable":true,"href":"https:\/\/cedric-devarenne.com\/demo\/dalisier\/wp-json\/wp\/v2\/comments?post=211"}],"version-history":[{"count":0,"href":"https:\/\/cedric-devarenne.com\/demo\/dalisier\/wp-json\/wp\/v2\/pages\/211\/revisions"}],"up":[{"embeddable":true,"href":"https:\/\/cedric-devarenne.com\/demo\/dalisier\/wp-json\/wp\/v2\/pages\/23"}],"wp:attachment":[{"href":"https:\/\/cedric-devarenne.com\/demo\/dalisier\/wp-json\/wp\/v2\/media?parent=211"}],"curies":[{"name":"wp","href":"https:\/\/api.w.org\/{rel}","templated":true}]}}