{"id":23,"date":"2017-01-07T09:14:14","date_gmt":"2017-01-07T08:14:14","guid":{"rendered":"https:\/?page_id=23"},"modified":"2025-04-10T10:03:37","modified_gmt":"2025-04-10T08:03:37","slug":"produits","status":"publish","type":"page","link":"https:\/\/cedric-devarenne.com\/demo\/dalisier\/fr\/accueil\/produits\/","title":{"rendered":"Produits"},"content":{"rendered":"<p>[spb_boxed_content element_name=&#8221;Gamme des coques en bois pour SmartPhone&#8221; type=&#8221;coloured&#8221; box_link_target=&#8221;_self&#8221; padding_vertical=&#8221;0&#8243; padding_horizontal=&#8221;0&#8243; el_class=&#8221;titre2&#8243; width=&#8221;1\/2&#8243; el_position=&#8221;first&#8221;]<\/p>\n<h2>Gamme des coques en bois<\/h2>\n<div class=\"thumb1\">\n<div class=\"img1\"><a href=\".\/coques-en-bois-pour-smartphone\/\"><img loading=\"lazy\" decoding=\"async\" class=\"alignnone size-full wp-image-227\" src=\"http:\/\/https:\/\/cedric-devarenne.comdemodalisierdemodalisierdemodalisierdemodalisierdemodalisierdemodalisierdemodalisierdemodalisierdemodalisierdemodalisierdemodalisierdemodalisier\/demo\/dalisier\/wp-content\/uploads\/2017\/01\/Produits-gamme-coques-smartphone3.jpg\" alt=\"\" width=\"556\" height=\"371\" srcset=\"https:\/\/cedric-devarenne.com\/demo\/dalisier\/wp-content\/uploads\/2017\/01\/Produits-gamme-coques-smartphone3.jpg 556w, https:\/\/cedric-devarenne.com\/demo\/dalisier\/wp-content\/uploads\/2017\/01\/Produits-gamme-coques-smartphone3-200x133.jpg 200w, https:\/\/cedric-devarenne.com\/demo\/dalisier\/wp-content\/uploads\/2017\/01\/Produits-gamme-coques-smartphone3-300x200.jpg 300w\" sizes=\"auto, (max-width: 556px) 100vw, 556px\" \/><\/a><\/div>\n<\/div>\n<p>Remarquable collection de coques en bois naturel dont des mod\u00e8les en\u00a0<strong><a href=\"https:\/fr\/product-tags\/bois-wenge\/\">bois Weng\u00e9<\/a><\/strong>, <a href=\"https:\/fr\/product-tags\/bois-de-noyer\/\"><strong>bois de Noyer<\/strong>,<\/a> <strong><a href=\"https:\/fr\/product-tags\/bois-debene-fr\/\">bois d&#8217;\u00e9b\u00e8ne<\/a><\/strong>\u00a0qui embellirons votre <strong><a href=\"https:\/fr\/product-tags\/smartphone-fr\/\">SmartPhone<\/a><\/strong> d&#8217;une mani\u00e8re raffin\u00e9e et distingu\u00e9s.<br \/>\n<strong><a href=\"https:\/\">d&#8217;Alisier<\/a><\/strong> vous propose des coques en bois qui sont tr\u00e8s agr\u00e9able au toucher, r\u00e9sistantes, l\u00e9g\u00e8res et d&#8217;une beaut\u00e9 naturelle.<br \/>\nUn accessoire vraiment tendance et original pour votre <strong><a href=\"https:\/fr\/product-category\/telephone-mobile-fr\/\">t\u00e9l\u00e9phone mobile<\/a><\/strong> (<strong><a href=\"https:\/fr\/product-tags\/smartphone-fr\/\">SmartPhone<\/a><\/strong>) inspir\u00e9 des plus grandes maisons de Paris.<\/p>\n<p>[\/spb_boxed_content] [spb_boxed_content element_name=&#8221;Gamme des KiwiBox en bois Chargeurs pour SmartPhone&#8221; type=&#8221;coloured&#8221; box_link_target=&#8221;_self&#8221; padding_vertical=&#8221;0&#8243; padding_horizontal=&#8221;0&#8243; el_class=&#8221;titre2&#8243; width=&#8221;1\/2&#8243; el_position=&#8221;last&#8221;]<\/p>\n<h2>Gamme des Chargeurs KiwiBox en bois<\/h2>\n<div class=\"thumb1\">\n<div class=\"img1\"><a href=\".\/chargeurs-de-smartphone-kiwibox-en-bois\/\"><img loading=\"lazy\" decoding=\"async\" class=\"alignnone size-full wp-image-221\" src=\"http:\/\/https:\/\/cedric-devarenne.comdemodalisierdemodalisierdemodalisierdemodalisierdemodalisierdemodalisierdemodalisierdemodalisierdemodalisierdemodalisierdemodalisierdemodalisier\/demo\/dalisier\/wp-content\/uploads\/2017\/01\/Produits-gamme-kiwibox-smartphone2.jpg\" alt=\"\" width=\"556\" height=\"371\" srcset=\"https:\/\/cedric-devarenne.com\/demo\/dalisier\/wp-content\/uploads\/2017\/01\/Produits-gamme-kiwibox-smartphone2.jpg 556w, https:\/\/cedric-devarenne.com\/demo\/dalisier\/wp-content\/uploads\/2017\/01\/Produits-gamme-kiwibox-smartphone2-200x133.jpg 200w, https:\/\/cedric-devarenne.com\/demo\/dalisier\/wp-content\/uploads\/2017\/01\/Produits-gamme-kiwibox-smartphone2-300x200.jpg 300w\" sizes=\"auto, (max-width: 556px) 100vw, 556px\" \/><\/a><br \/>\nAlors que la technologie n\u2019a jamais autant impr\u00e9gn\u00e9 notre soci\u00e9t\u00e9, s\u2019observe en m\u00eame temps une aspiration de plus en plus forte \u00e0 retrouver le go\u00fbt de la nature et de l\u2019authenticit\u00e9. En fondant Dalisier, une jeune \u00e9quipe d\u2019entrepreneurs s\u2019est donn\u00e9e pour ambition d\u2019y r\u00e9pondre, en mariant les objets qui nous suivent au quotidien, y compris les plus connect\u00e9s, avec la mati\u00e8re naturelle la plus \u00e9l\u00e9mentaire qu\u2019est le bois.<\/div>\n<\/div>\n<p>[\/spb_boxed_content] [spb_blank_spacer height=&#8221;30px&#8221; width=&#8221;1\/1&#8243; el_position=&#8221;first last&#8221;] [spb_boxed_content element_name=&#8221;Gamme de N\u0153uds Papillon en bois&#8221; type=&#8221;coloured&#8221; box_link_target=&#8221;_self&#8221; padding_vertical=&#8221;0&#8243; padding_horizontal=&#8221;0&#8243; el_class=&#8221;titre2&#8243; width=&#8221;1\/2&#8243; el_position=&#8221;first&#8221;]<\/p>\n<h2>Gamme de N\u0153uds Papillon en bois<\/h2>\n<div class=\"thumb1\">\n<div class=\"img1\"><a href=\".\/noeuds-papillon-en-bois-collection-oolha\/\"><img loading=\"lazy\" decoding=\"async\" class=\"wp-image-522 size-full alignnone\" src=\"http:\/\/https:\/\/cedric-devarenne.comdemodalisierdemodalisierdemodalisierdemodalisierdemodalisierdemodalisierdemodalisierdemodalisierdemodalisierdemodalisierdemodalisierdemodalisier\/demo\/dalisier\/wp-content\/uploads\/2017\/01\/Produits-gamme-accessoires-noeuds-papillion.jpg\" alt=\"Gamme de N\u0153uds Papillon en bois\" width=\"556\" height=\"371\" srcset=\"https:\/\/cedric-devarenne.com\/demo\/dalisier\/wp-content\/uploads\/2017\/01\/Produits-gamme-accessoires-noeuds-papillion.jpg 556w, https:\/\/cedric-devarenne.com\/demo\/dalisier\/wp-content\/uploads\/2017\/01\/Produits-gamme-accessoires-noeuds-papillion-200x133.jpg 200w, https:\/\/cedric-devarenne.com\/demo\/dalisier\/wp-content\/uploads\/2017\/01\/Produits-gamme-accessoires-noeuds-papillion-300x200.jpg 300w\" sizes=\"auto, (max-width: 556px) 100vw, 556px\" \/><\/a><br \/>\nAlors que la technologie n\u2019a jamais autant impr\u00e9gn\u00e9 notre soci\u00e9t\u00e9, s\u2019observe en m\u00eame temps une aspiration de plus en plus forte \u00e0 retrouver le go\u00fbt de la nature et de l\u2019authenticit\u00e9. En fondant Dalisier, une jeune \u00e9quipe d\u2019entrepreneurs s\u2019est donn\u00e9e pour ambition d\u2019y r\u00e9pondre, en mariant les objets qui nous suivent au quotidien, y compris les plus connect\u00e9s, avec la mati\u00e8re naturelle la plus \u00e9l\u00e9mentaire qu\u2019est le bois.<\/div>\n<\/div>\n<p>[\/spb_boxed_content] [spb_boxed_content element_name=&#8221;Gamme de Montres en bois&#8221; type=&#8221;coloured&#8221; box_link_target=&#8221;_self&#8221; padding_vertical=&#8221;0&#8243; padding_horizontal=&#8221;0&#8243; el_class=&#8221;titre2&#8243; width=&#8221;1\/2&#8243; el_position=&#8221;last&#8221;]<\/p>\n<h2>Gamme de Montres en bois<\/h2>\n<div class=\"thumb1\">\n<div class=\"img1\"><a href=\"..\/montre-en-bois-sandalwood\/\"><img loading=\"lazy\" decoding=\"async\" class=\"aligncenter size-full wp-image-727\" src=\"http:\/\/https:\/\/cedric-devarenne.comdemodalisierdemodalisierdemodalisierdemodalisierdemodalisierdemodalisierdemodalisierdemodalisierdemodalisierdemodalisierdemodalisierdemodalisier\/demo\/dalisier\/wp-content\/uploads\/2017\/01\/Produits-gamme-de-montres-en-bois.jpg\" alt=\"Gamme de montres en bois\" width=\"419\" height=\"371\" srcset=\"https:\/\/cedric-devarenne.com\/demo\/dalisier\/wp-content\/uploads\/2017\/01\/Produits-gamme-de-montres-en-bois.jpg 419w, https:\/\/cedric-devarenne.com\/demo\/dalisier\/wp-content\/uploads\/2017\/01\/Produits-gamme-de-montres-en-bois-200x177.jpg 200w, https:\/\/cedric-devarenne.com\/demo\/dalisier\/wp-content\/uploads\/2017\/01\/Produits-gamme-de-montres-en-bois-300x266.jpg 300w\" sizes=\"auto, (max-width: 419px) 100vw, 419px\" \/><\/a>Alors que la technologie n\u2019a jamais autant impr\u00e9gn\u00e9 notre soci\u00e9t\u00e9, s\u2019observe en m\u00eame temps une aspiration de plus en plus forte \u00e0 retrouver le go\u00fbt de la nature et de l\u2019authenticit\u00e9. En fondant Dalisier, une jeune \u00e9quipe d\u2019entrepreneurs s\u2019est donn\u00e9e pour ambition d\u2019y r\u00e9pondre, en mariant les objets qui nous suivent au quotidien, y compris les plus connect\u00e9s, avec la mati\u00e8re naturelle la plus \u00e9l\u00e9mentaire qu\u2019est le bois.<\/div>\n<\/div>\n<p>[\/spb_boxed_content] [spb_blank_spacer height=&#8221;30px&#8221; width=&#8221;1\/1&#8243; el_position=&#8221;first last&#8221;] [spb_boxed_content element_name=&#8221;Gamme de Peignes en bois&#8221; type=&#8221;coloured&#8221; box_link_target=&#8221;_self&#8221; padding_vertical=&#8221;0&#8243; padding_horizontal=&#8221;0&#8243; el_class=&#8221;titre2&#8243; width=&#8221;1\/2&#8243; el_position=&#8221;first&#8221;]<\/p>\n<h2>Gamme de Peignes en bois<\/h2>\n<div class=\"thumb1\">\n<div class=\"img1\"><a href=\"..\/peigne-en-bois-naturel-avec-son-etui\/\"><img loading=\"lazy\" decoding=\"async\" class=\"alignnone size-full wp-image-523\" src=\"http:\/\/https:\/\/cedric-devarenne.comdemodalisierdemodalisierdemodalisierdemodalisierdemodalisierdemodalisierdemodalisierdemodalisierdemodalisierdemodalisierdemodalisierdemodalisier\/demo\/dalisier\/wp-content\/uploads\/2017\/01\/Produits-gamme-accessoires-peigne.jpg\" alt=\"Gamme de peignes en bois\" width=\"556\" height=\"371\" srcset=\"https:\/\/cedric-devarenne.com\/demo\/dalisier\/wp-content\/uploads\/2017\/01\/Produits-gamme-accessoires-peigne.jpg 556w, https:\/\/cedric-devarenne.com\/demo\/dalisier\/wp-content\/uploads\/2017\/01\/Produits-gamme-accessoires-peigne-200x133.jpg 200w, https:\/\/cedric-devarenne.com\/demo\/dalisier\/wp-content\/uploads\/2017\/01\/Produits-gamme-accessoires-peigne-300x200.jpg 300w\" sizes=\"auto, (max-width: 556px) 100vw, 556px\" \/><\/a><br \/>\nAlors que la technologie n\u2019a jamais autant impr\u00e9gn\u00e9 notre soci\u00e9t\u00e9, s\u2019observe en m\u00eame temps une aspiration de plus en plus forte \u00e0 retrouver le go\u00fbt de la nature et de l\u2019authenticit\u00e9. En fondant Dalisier, une jeune \u00e9quipe d\u2019entrepreneurs s\u2019est donn\u00e9e pour ambition d\u2019y r\u00e9pondre, en mariant les objets qui nous suivent au quotidien, y compris les plus connect\u00e9s, avec la mati\u00e8re naturelle la plus \u00e9l\u00e9mentaire qu\u2019est le bois.<\/div>\n<\/div>\n<p>[\/spb_boxed_content] [spb_boxed_content element_name=&#8221;Gamme de Porte Cartes en bois&#8221; type=&#8221;coloured&#8221; box_link_target=&#8221;_self&#8221; padding_vertical=&#8221;0&#8243; padding_horizontal=&#8221;0&#8243; el_class=&#8221;titre2&#8243; width=&#8221;1\/2&#8243; el_position=&#8221;last&#8221;]<\/p>\n<h2>Gamme de Porte Cartes en bois<\/h2>\n<div class=\"thumb1\">\n<div class=\"img1\"><a href=\"..\/porte-cartes-en-bois-naturel-et-son-etui\/\"><img loading=\"lazy\" decoding=\"async\" class=\"alignnone size-full wp-image-524\" src=\"http:\/\/https:\/\/cedric-devarenne.comdemodalisierdemodalisierdemodalisierdemodalisierdemodalisierdemodalisierdemodalisierdemodalisierdemodalisierdemodalisierdemodalisierdemodalisier\/demo\/dalisier\/wp-content\/uploads\/2017\/01\/Produits-gamme-accessoires-porte-cartes.jpg\" alt=\"Gamme de Porte Cartes en bois \" width=\"556\" height=\"371\" srcset=\"https:\/\/cedric-devarenne.com\/demo\/dalisier\/wp-content\/uploads\/2017\/01\/Produits-gamme-accessoires-porte-cartes.jpg 556w, https:\/\/cedric-devarenne.com\/demo\/dalisier\/wp-content\/uploads\/2017\/01\/Produits-gamme-accessoires-porte-cartes-200x133.jpg 200w, https:\/\/cedric-devarenne.com\/demo\/dalisier\/wp-content\/uploads\/2017\/01\/Produits-gamme-accessoires-porte-cartes-300x200.jpg 300w\" sizes=\"auto, (max-width: 556px) 100vw, 556px\" \/><\/a>Alors que la technologie n\u2019a jamais autant impr\u00e9gn\u00e9 notre soci\u00e9t\u00e9, s\u2019observe en m\u00eame temps une aspiration de plus en plus forte \u00e0 retrouver le go\u00fbt de la nature et de l\u2019authenticit\u00e9. En fondant Dalisier, une jeune \u00e9quipe d\u2019entrepreneurs s\u2019est donn\u00e9e pour ambition d\u2019y r\u00e9pondre, en mariant les objets qui nous suivent au quotidien, y compris les plus connect\u00e9s, avec la mati\u00e8re naturelle la plus \u00e9l\u00e9mentaire qu\u2019est le bois.<\/div>\n<\/div>\n<p>[\/spb_boxed_content]<\/p>\n<div style=\"clear:both\"><\/div><div class=\"crunchify-social\"><!-- Social Sharing Buttons Plugin without any Java Script Loading by Crunchify.com - START--><h5><\/h5><a class=\"crunchify-link crunchify-facebook\" href=\"https:\/\/www.facebook.com\/sharer\/sharer.php?u=https:\/\/cedric-devarenne.com\/demo\/dalisier\/fr\/accueil\/produits\/\" target=\"_blank\" >Facebook<\/a><a class=\"crunchify-link crunchify-twitter\" href=\"https:\/\/twitter.com\/intent\/tweet?text=Produits&amp;url=https:\/\/cedric-devarenne.com\/demo\/dalisier\/fr\/accueil\/produits\/&amp;via=\" target=\"_blank\" >Twitter<\/a><a class=\"crunchify-link crunchify-googleplus\" href=\"https:\/\/plus.google.com\/share?url=https:\/\/cedric-devarenne.com\/demo\/dalisier\/fr\/accueil\/produits\/\" target=\"_blank\" >Google+<\/a><a class=\"crunchify-link crunchify-linkedin\" href=\"https:\/\/www.linkedin.com\/shareArticle?mini=true&url=https:\/\/cedric-devarenne.com\/demo\/dalisier\/fr\/accueil\/produits\/&amp;title=Produits\" target=\"_blank\" >LinkedIn<\/a><a class=\"crunchify-link crunchify-pinterest\" href=\"https:\/\/pinterest.com\/pin\/create\/button\/?url=https:\/\/cedric-devarenne.com\/demo\/dalisier\/fr\/accueil\/produits\/&amp;media=https:\/\/cedric-devarenne.com\/demo\/dalisier\/wp-content\/uploads\/2017\/01\/Produits-hero.jpg&amp;description=Produits\" target=\"_blank\" >Pin It<\/a><a class=\"crunchify-link crunchify-email\" href=\"mailto:?subject=Produits&amp;body=Check out this site: https:\/\/cedric-devarenne.com\/demo\/dalisier\/fr\/accueil\/produits\/\" title=\"Share by Email\" target=\"_blank\" >Email<\/a><!-- Social Sharing Buttons Plugin - END--><\/div><div style=\"clear:both\"><\/div>","protected":false},"excerpt":{"rendered":"<p>[spb_boxed_content element_name=&#8221;Gamme des coques en bois pour SmartPhone&#8221; type=&#8221;coloured&#8221; box_link_target=&#8221;_self&#8221; padding_vertical=&#8221;0&#8243; padding_horizontal=&#8221;0&#8243; el_class=&#8221;titre2&#8243; width=&#8221;1\/2&#8243; el_position=&#8221;first&#8221;] Gamme des coques en bois Remarquable collection de coques en bois naturel dont des mod\u00e8les en\u00a0bois Weng\u00e9, bois de Noyer, bois d&#8217;\u00e9b\u00e8ne\u00a0qui embellirons votre SmartPhone d&#8217;une mani\u00e8re raffin\u00e9e et distingu\u00e9s. d&#8217;Alisier vous propose des coques en bois qui sont tr\u00e8s agr\u00e9able au toucher, r\u00e9sistantes, l\u00e9g\u00e8res [&hellip;]<\/p>\n","protected":false},"author":1,"featured_media":176,"parent":15,"menu_order":0,"comment_status":"closed","ping_status":"closed","template":"","meta":{"footnotes":""},"class_list":["post-23","page","type-page","status-publish","has-post-thumbnail","hentry"],"aioseo_notices":[],"_links":{"self":[{"href":"https:\/\/cedric-devarenne.com\/demo\/dalisier\/wp-json\/wp\/v2\/pages\/23","targetHints":{"allow":["GET"]}}],"collection":[{"href":"https:\/\/cedric-devarenne.com\/demo\/dalisier\/wp-json\/wp\/v2\/pages"}],"about":[{"href":"https:\/\/cedric-devarenne.com\/demo\/dalisier\/wp-json\/wp\/v2\/types\/page"}],"author":[{"embeddable":true,"href":"https:\/\/cedric-devarenne.com\/demo\/dalisier\/wp-json\/wp\/v2\/users\/1"}],"replies":[{"embeddable":true,"href":"https:\/\/cedric-devarenne.com\/demo\/dalisier\/wp-json\/wp\/v2\/comments?post=23"}],"version-history":[{"count":7,"href":"https:\/\/cedric-devarenne.com\/demo\/dalisier\/wp-json\/wp\/v2\/pages\/23\/revisions"}],"predecessor-version":[{"id":1021,"href":"https:\/\/cedric-devarenne.com\/demo\/dalisier\/wp-json\/wp\/v2\/pages\/23\/revisions\/1021"}],"up":[{"embeddable":true,"href":"https:\/\/cedric-devarenne.com\/demo\/dalisier\/wp-json\/wp\/v2\/pages\/15"}],"wp:featuredmedia":[{"embeddable":true,"href":"https:\/\/cedric-devarenne.com\/demo\/dalisier\/wp-json\/wp\/v2\/media\/176"}],"wp:attachment":[{"href":"https:\/\/cedric-devarenne.com\/demo\/dalisier\/wp-json\/wp\/v2\/media?parent=23"}],"curies":[{"name":"wp","href":"https:\/\/api.w.org\/{rel}","templated":true}]}}