{"id":25,"date":"2017-01-07T09:14:44","date_gmt":"2017-01-07T08:14:44","guid":{"rendered":"https:\/?page_id=25"},"modified":"2025-04-10T09:59:09","modified_gmt":"2025-04-10T07:59:09","slug":"products","status":"publish","type":"page","link":"https:\/\/cedric-devarenne.com\/demo\/dalisier\/en\/home\/products\/","title":{"rendered":"Products"},"content":{"rendered":"<p>[spb_boxed_content element_name=&#8221;Range of wooden shells for SmartPhone&#8221; type=&#8221;coloured&#8221; box_link_target=&#8221;_self&#8221; padding_vertical=&#8221;0&#8243; padding_horizontal=&#8221;0&#8243; width=&#8221;1\/2&#8243; el_position=&#8221;first&#8221;]<\/p>\n<h2>Range of wooden cases<\/h2>\n<div class=\"thumb1\">\n<div class=\"img1\"><a href=\"..\/products\/wooden-cases-for-smartphone\/\"><img loading=\"lazy\" decoding=\"async\" class=\"alignnone size-full wp-image-227\" src=\"http:\/\/https:\/\/cedric-devarenne.comdemodalisierdemodalisierdemodalisierdemodalisierdemodalisierdemodalisierdemodalisierdemodalisierdemodalisierdemodalisierdemodalisierdemodalisierdemodalisierdemodalisierdemodalisierdemodalisierdemodalisierdemodalisierdemodalisierdemodalisierdemodalisierdemodalisierdemodalisierdemodalisierdemodalisierdemodalisierdemodalisierdemodalisierdemodalisierdemodalisierdemodalisierdemodalisier\/demo\/dalisier\/wp-content\/uploads\/2017\/01\/Produits-gamme-coques-smartphone3.jpg\" alt=\"\" width=\"556\" height=\"371\" srcset=\"https:\/\/cedric-devarenne.com\/demo\/dalisier\/wp-content\/uploads\/2017\/01\/Produits-gamme-coques-smartphone3.jpg 556w, https:\/\/cedric-devarenne.com\/demo\/dalisier\/wp-content\/uploads\/2017\/01\/Produits-gamme-coques-smartphone3-200x133.jpg 200w, https:\/\/cedric-devarenne.com\/demo\/dalisier\/wp-content\/uploads\/2017\/01\/Produits-gamme-coques-smartphone3-300x200.jpg 300w\" sizes=\"auto, (max-width: 556px) 100vw, 556px\" \/><\/a><\/div>\n<\/div>\n<p>Remarkable collection of natural wood hulls including models in Wenge wood, Walnut wood, ebony that will embellish your SmartPhone in a refined and distinguished way. D&#8217;Alisier offers wooden shells that are very pleasant to touch, resistant, light and of natural beauty. A truly trendy and original accessory for your mobile phone (SmartPhone) inspired by the biggest houses in Paris.<\/p>\n<p>[\/spb_boxed_content] [spb_boxed_content element_name=&#8221;Range of Wooden KiwiBox Chargers for SmartPhone&#8221; type=&#8221;coloured&#8221; box_link_target=&#8221;_self&#8221; padding_vertical=&#8221;0&#8243; padding_horizontal=&#8221;0&#8243; width=&#8221;1\/2&#8243; el_position=&#8221;last&#8221;]<\/p>\n<h2>Range of Wooden KiwiBox Chargers for SmartPhone<\/h2>\n<div class=\"thumb1\">\n<div class=\"img1\"><a href=\"..\/products\/chargers-for-smartphone-kiwibox-in-wood\/\"><img loading=\"lazy\" decoding=\"async\" class=\"alignnone size-full wp-image-221\" src=\"http:\/\/https:\/\/cedric-devarenne.comdemodalisierdemodalisierdemodalisierdemodalisierdemodalisierdemodalisierdemodalisierdemodalisierdemodalisierdemodalisierdemodalisierdemodalisierdemodalisierdemodalisierdemodalisierdemodalisierdemodalisierdemodalisierdemodalisierdemodalisierdemodalisierdemodalisierdemodalisierdemodalisierdemodalisierdemodalisierdemodalisierdemodalisierdemodalisierdemodalisierdemodalisierdemodalisier\/demo\/dalisier\/wp-content\/uploads\/2017\/01\/Produits-gamme-kiwibox-smartphone2.jpg\" alt=\"\" width=\"556\" height=\"371\" srcset=\"https:\/\/cedric-devarenne.com\/demo\/dalisier\/wp-content\/uploads\/2017\/01\/Produits-gamme-kiwibox-smartphone2.jpg 556w, https:\/\/cedric-devarenne.com\/demo\/dalisier\/wp-content\/uploads\/2017\/01\/Produits-gamme-kiwibox-smartphone2-200x133.jpg 200w, https:\/\/cedric-devarenne.com\/demo\/dalisier\/wp-content\/uploads\/2017\/01\/Produits-gamme-kiwibox-smartphone2-300x200.jpg 300w\" sizes=\"auto, (max-width: 556px) 100vw, 556px\" \/><\/a><br \/>\nAlors que la technologie n\u2019a jamais autant impr\u00e9gn\u00e9 notre soci\u00e9t\u00e9, s\u2019observe en m\u00eame temps une aspiration de plus en plus forte \u00e0 retrouver le go\u00fbt de la nature et de l\u2019authenticit\u00e9. En fondant Dalisier, une jeune \u00e9quipe d\u2019entrepreneurs s\u2019est donn\u00e9e pour ambition d\u2019y r\u00e9pondre, en mariant les objets qui nous suivent au quotidien, y compris les plus connect\u00e9s, avec la mati\u00e8re naturelle la plus \u00e9l\u00e9mentaire qu\u2019est le bois.<\/div>\n<\/div>\n<p>[\/spb_boxed_content] [spb_blank_spacer height=&#8221;30px&#8221; width=&#8221;1\/1&#8243; el_position=&#8221;first last&#8221;] [spb_boxed_content element_name=&#8221;Range of Knots Wooden Butterfly&#8221; type=&#8221;coloured&#8221; box_link_target=&#8221;_self&#8221; padding_vertical=&#8221;0&#8243; padding_horizontal=&#8221;0&#8243; width=&#8221;1\/2&#8243; el_position=&#8221;first&#8221;]<\/p>\n<h2>Range of Knots Wooden Butterfly<\/h2>\n<div class=\"thumb1\">\n<div class=\"img1\"><a href=\"..\/products\/bowties-butterfly-in-wood-oolha-collection\/\"><img loading=\"lazy\" decoding=\"async\" class=\"wp-image-522 size-full alignnone\" src=\"http:\/\/https:\/\/cedric-devarenne.comdemodalisierdemodalisierdemodalisierdemodalisierdemodalisierdemodalisierdemodalisierdemodalisierdemodalisierdemodalisierdemodalisierdemodalisierdemodalisierdemodalisierdemodalisierdemodalisierdemodalisierdemodalisierdemodalisierdemodalisierdemodalisierdemodalisierdemodalisierdemodalisierdemodalisierdemodalisierdemodalisierdemodalisierdemodalisierdemodalisierdemodalisierdemodalisier\/demo\/dalisier\/wp-content\/uploads\/2017\/01\/Produits-gamme-accessoires-noeuds-papillion.jpg\" alt=\"Gamme de N\u0153uds Papillon en bois\" width=\"556\" height=\"371\" srcset=\"https:\/\/cedric-devarenne.com\/demo\/dalisier\/wp-content\/uploads\/2017\/01\/Produits-gamme-accessoires-noeuds-papillion.jpg 556w, https:\/\/cedric-devarenne.com\/demo\/dalisier\/wp-content\/uploads\/2017\/01\/Produits-gamme-accessoires-noeuds-papillion-200x133.jpg 200w, https:\/\/cedric-devarenne.com\/demo\/dalisier\/wp-content\/uploads\/2017\/01\/Produits-gamme-accessoires-noeuds-papillion-300x200.jpg 300w\" sizes=\"auto, (max-width: 556px) 100vw, 556px\" \/><\/a><br \/>\nAlors que la technologie n\u2019a jamais autant impr\u00e9gn\u00e9 notre soci\u00e9t\u00e9, s\u2019observe en m\u00eame temps une aspiration de plus en plus forte \u00e0 retrouver le go\u00fbt de la nature et de l\u2019authenticit\u00e9. En fondant Dalisier, une jeune \u00e9quipe d\u2019entrepreneurs s\u2019est donn\u00e9e pour ambition d\u2019y r\u00e9pondre, en mariant les objets qui nous suivent au quotidien, y compris les plus connect\u00e9s, avec la mati\u00e8re naturelle la plus \u00e9l\u00e9mentaire qu\u2019est le bois.<\/div>\n<\/div>\n<p>[\/spb_boxed_content] [spb_boxed_content element_name=&#8221;Range of Wooden Watches&#8221; type=&#8221;coloured&#8221; box_link_target=&#8221;_self&#8221; padding_vertical=&#8221;0&#8243; padding_horizontal=&#8221;0&#8243; width=&#8221;1\/2&#8243; el_position=&#8221;last&#8221;]<\/p>\n<h2>Range of Wooden\u00a0Watches<\/h2>\n<div class=\"thumb1\">\n<div class=\"img1\"><a href=\"..\/sandalwood-wood-watch\/\"><img loading=\"lazy\" decoding=\"async\" class=\"aligncenter size-full wp-image-727\" src=\"http:\/\/https:\/\/cedric-devarenne.comdemodalisierdemodalisierdemodalisierdemodalisierdemodalisierdemodalisierdemodalisierdemodalisierdemodalisierdemodalisierdemodalisierdemodalisierdemodalisierdemodalisierdemodalisierdemodalisierdemodalisierdemodalisierdemodalisierdemodalisierdemodalisierdemodalisierdemodalisierdemodalisierdemodalisierdemodalisierdemodalisierdemodalisierdemodalisierdemodalisierdemodalisierdemodalisier\/demo\/dalisier\/wp-content\/uploads\/2017\/01\/Produits-gamme-de-montres-en-bois.jpg\" alt=\"Gamme de montres en bois\" width=\"419\" height=\"371\" srcset=\"https:\/\/cedric-devarenne.com\/demo\/dalisier\/wp-content\/uploads\/2017\/01\/Produits-gamme-de-montres-en-bois.jpg 419w, https:\/\/cedric-devarenne.com\/demo\/dalisier\/wp-content\/uploads\/2017\/01\/Produits-gamme-de-montres-en-bois-200x177.jpg 200w, https:\/\/cedric-devarenne.com\/demo\/dalisier\/wp-content\/uploads\/2017\/01\/Produits-gamme-de-montres-en-bois-300x266.jpg 300w\" sizes=\"auto, (max-width: 419px) 100vw, 419px\" \/><\/a>Alors que la technologie n\u2019a jamais autant impr\u00e9gn\u00e9 notre soci\u00e9t\u00e9, s\u2019observe en m\u00eame temps une aspiration de plus en plus forte \u00e0 retrouver le go\u00fbt de la nature et de l\u2019authenticit\u00e9. En fondant Dalisier, une jeune \u00e9quipe d\u2019entrepreneurs s\u2019est donn\u00e9e pour ambition d\u2019y r\u00e9pondre, en mariant les objets qui nous suivent au quotidien, y compris les plus connect\u00e9s, avec la mati\u00e8re naturelle la plus \u00e9l\u00e9mentaire qu\u2019est le bois.<\/div>\n<\/div>\n<p>[\/spb_boxed_content] [spb_blank_spacer height=&#8221;30px&#8221; width=&#8221;1\/1&#8243; el_position=&#8221;first last&#8221;] [spb_boxed_content element_name=&#8221;Range of Wooden Combs&#8221; type=&#8221;coloured&#8221; box_link_target=&#8221;_self&#8221; padding_vertical=&#8221;0&#8243; padding_horizontal=&#8221;0&#8243; width=&#8221;1\/2&#8243; el_position=&#8221;first&#8221;]<\/p>\n<h2>Range of Wooden Combs<\/h2>\n<div class=\"thumb1\">\n<div class=\"img1\"><a href=\"..\/natural-wood-comb-with-case\/\"><img loading=\"lazy\" decoding=\"async\" class=\"alignnone size-full wp-image-523\" src=\"http:\/\/https:\/\/cedric-devarenne.comdemodalisierdemodalisierdemodalisierdemodalisierdemodalisierdemodalisierdemodalisierdemodalisierdemodalisierdemodalisierdemodalisierdemodalisierdemodalisierdemodalisierdemodalisierdemodalisierdemodalisierdemodalisierdemodalisierdemodalisierdemodalisierdemodalisierdemodalisierdemodalisierdemodalisierdemodalisierdemodalisierdemodalisierdemodalisierdemodalisierdemodalisierdemodalisier\/demo\/dalisier\/wp-content\/uploads\/2017\/01\/Produits-gamme-accessoires-peigne.jpg\" alt=\"Gamme de peignes en bois\" width=\"556\" height=\"371\" srcset=\"https:\/\/cedric-devarenne.com\/demo\/dalisier\/wp-content\/uploads\/2017\/01\/Produits-gamme-accessoires-peigne.jpg 556w, https:\/\/cedric-devarenne.com\/demo\/dalisier\/wp-content\/uploads\/2017\/01\/Produits-gamme-accessoires-peigne-200x133.jpg 200w, https:\/\/cedric-devarenne.com\/demo\/dalisier\/wp-content\/uploads\/2017\/01\/Produits-gamme-accessoires-peigne-300x200.jpg 300w\" sizes=\"auto, (max-width: 556px) 100vw, 556px\" \/><\/a><br \/>\nAlors que la technologie n\u2019a jamais autant impr\u00e9gn\u00e9 notre soci\u00e9t\u00e9, s\u2019observe en m\u00eame temps une aspiration de plus en plus forte \u00e0 retrouver le go\u00fbt de la nature et de l\u2019authenticit\u00e9. En fondant Dalisier, une jeune \u00e9quipe d\u2019entrepreneurs s\u2019est donn\u00e9e pour ambition d\u2019y r\u00e9pondre, en mariant les objets qui nous suivent au quotidien, y compris les plus connect\u00e9s, avec la mati\u00e8re naturelle la plus \u00e9l\u00e9mentaire qu\u2019est le bois.<\/div>\n<\/div>\n<p>[\/spb_boxed_content] [spb_boxed_content element_name=&#8221;Range of Wooden Card Holder&#8221; type=&#8221;coloured&#8221; box_link_target=&#8221;_self&#8221; padding_vertical=&#8221;0&#8243; padding_horizontal=&#8221;0&#8243; width=&#8221;1\/2&#8243; el_position=&#8221;last&#8221;]<\/p>\n<h2>Range of Wooden Card Holder<\/h2>\n<div class=\"thumb1\">\n<div class=\"img1\"><a href=\"..\/card-holder-in-natural-wood-with-case\/\"><img loading=\"lazy\" decoding=\"async\" class=\"alignnone size-full wp-image-524\" src=\"http:\/\/https:\/\/cedric-devarenne.comdemodalisierdemodalisierdemodalisierdemodalisierdemodalisierdemodalisierdemodalisierdemodalisierdemodalisierdemodalisierdemodalisierdemodalisierdemodalisierdemodalisierdemodalisierdemodalisierdemodalisierdemodalisierdemodalisierdemodalisierdemodalisierdemodalisierdemodalisierdemodalisierdemodalisierdemodalisierdemodalisierdemodalisierdemodalisierdemodalisierdemodalisierdemodalisier\/demo\/dalisier\/wp-content\/uploads\/2017\/01\/Produits-gamme-accessoires-porte-cartes.jpg\" alt=\"Gamme de Porte Cartes en bois \" width=\"556\" height=\"371\" srcset=\"https:\/\/cedric-devarenne.com\/demo\/dalisier\/wp-content\/uploads\/2017\/01\/Produits-gamme-accessoires-porte-cartes.jpg 556w, https:\/\/cedric-devarenne.com\/demo\/dalisier\/wp-content\/uploads\/2017\/01\/Produits-gamme-accessoires-porte-cartes-200x133.jpg 200w, https:\/\/cedric-devarenne.com\/demo\/dalisier\/wp-content\/uploads\/2017\/01\/Produits-gamme-accessoires-porte-cartes-300x200.jpg 300w\" sizes=\"auto, (max-width: 556px) 100vw, 556px\" \/><\/a>Alors que la technologie n\u2019a jamais autant impr\u00e9gn\u00e9 notre soci\u00e9t\u00e9, s\u2019observe en m\u00eame temps une aspiration de plus en plus forte \u00e0 retrouver le go\u00fbt de la nature et de l\u2019authenticit\u00e9. En fondant Dalisier, une jeune \u00e9quipe d\u2019entrepreneurs s\u2019est donn\u00e9e pour ambition d\u2019y r\u00e9pondre, en mariant les objets qui nous suivent au quotidien, y compris les plus connect\u00e9s, avec la mati\u00e8re naturelle la plus \u00e9l\u00e9mentaire qu\u2019est le bois.<\/div>\n<\/div>\n<p>[\/spb_boxed_content]<\/p>\n<div style=\"clear:both\"><\/div><div class=\"crunchify-social\"><!-- Social Sharing Buttons Plugin without any Java Script Loading by Crunchify.com - START--><h5><\/h5><a class=\"crunchify-link crunchify-facebook\" href=\"https:\/\/www.facebook.com\/sharer\/sharer.php?u=https:\/\/cedric-devarenne.com\/demo\/dalisier\/en\/home\/products\/\" target=\"_blank\" >Facebook<\/a><a class=\"crunchify-link crunchify-twitter\" href=\"https:\/\/twitter.com\/intent\/tweet?text=Products&amp;url=https:\/\/cedric-devarenne.com\/demo\/dalisier\/en\/home\/products\/&amp;via=\" target=\"_blank\" >Twitter<\/a><a class=\"crunchify-link crunchify-googleplus\" href=\"https:\/\/plus.google.com\/share?url=https:\/\/cedric-devarenne.com\/demo\/dalisier\/en\/home\/products\/\" target=\"_blank\" >Google+<\/a><a class=\"crunchify-link crunchify-linkedin\" href=\"https:\/\/www.linkedin.com\/shareArticle?mini=true&url=https:\/\/cedric-devarenne.com\/demo\/dalisier\/en\/home\/products\/&amp;title=Products\" target=\"_blank\" >LinkedIn<\/a><a class=\"crunchify-link crunchify-pinterest\" href=\"https:\/\/pinterest.com\/pin\/create\/button\/?url=https:\/\/cedric-devarenne.com\/demo\/dalisier\/en\/home\/products\/&amp;media=https:\/\/cedric-devarenne.com\/demo\/dalisier\/wp-content\/uploads\/2017\/01\/Produits-hero.jpg&amp;description=Products\" target=\"_blank\" >Pin It<\/a><a class=\"crunchify-link crunchify-email\" href=\"mailto:?subject=Products&amp;body=Check out this site: https:\/\/cedric-devarenne.com\/demo\/dalisier\/en\/home\/products\/\" title=\"Share by Email\" target=\"_blank\" >Email<\/a><!-- Social Sharing Buttons Plugin - END--><\/div><div style=\"clear:both\"><\/div>","protected":false},"excerpt":{"rendered":"<p>[spb_boxed_content element_name=&#8221;Range of wooden shells for SmartPhone&#8221; type=&#8221;coloured&#8221; box_link_target=&#8221;_self&#8221; padding_vertical=&#8221;0&#8243; padding_horizontal=&#8221;0&#8243; width=&#8221;1\/2&#8243; el_position=&#8221;first&#8221;] Range of wooden cases Remarkable collection of natural wood hulls including models in Wenge wood, Walnut wood, ebony that will embellish your SmartPhone in a refined and distinguished way. D&#8217;Alisier offers wooden shells that are very pleasant to touch, resistant, light and of natural beauty. A truly [&hellip;]<\/p>\n","protected":false},"author":1,"featured_media":176,"parent":17,"menu_order":0,"comment_status":"closed","ping_status":"closed","template":"","meta":{"footnotes":""},"class_list":["post-25","page","type-page","status-publish","has-post-thumbnail","hentry"],"aioseo_notices":[],"_links":{"self":[{"href":"https:\/\/cedric-devarenne.com\/demo\/dalisier\/wp-json\/wp\/v2\/pages\/25","targetHints":{"allow":["GET"]}}],"collection":[{"href":"https:\/\/cedric-devarenne.com\/demo\/dalisier\/wp-json\/wp\/v2\/pages"}],"about":[{"href":"https:\/\/cedric-devarenne.com\/demo\/dalisier\/wp-json\/wp\/v2\/types\/page"}],"author":[{"embeddable":true,"href":"https:\/\/cedric-devarenne.com\/demo\/dalisier\/wp-json\/wp\/v2\/users\/1"}],"replies":[{"embeddable":true,"href":"https:\/\/cedric-devarenne.com\/demo\/dalisier\/wp-json\/wp\/v2\/comments?post=25"}],"version-history":[{"count":17,"href":"https:\/\/cedric-devarenne.com\/demo\/dalisier\/wp-json\/wp\/v2\/pages\/25\/revisions"}],"predecessor-version":[{"id":1014,"href":"https:\/\/cedric-devarenne.com\/demo\/dalisier\/wp-json\/wp\/v2\/pages\/25\/revisions\/1014"}],"up":[{"embeddable":true,"href":"https:\/\/cedric-devarenne.com\/demo\/dalisier\/wp-json\/wp\/v2\/pages\/17"}],"wp:featuredmedia":[{"embeddable":true,"href":"https:\/\/cedric-devarenne.com\/demo\/dalisier\/wp-json\/wp\/v2\/media\/176"}],"wp:attachment":[{"href":"https:\/\/cedric-devarenne.com\/demo\/dalisier\/wp-json\/wp\/v2\/media?parent=25"}],"curies":[{"name":"wp","href":"https:\/\/api.w.org\/{rel}","templated":true}]}}