{"id":171,"date":"2017-01-10T16:13:01","date_gmt":"2017-01-10T15:13:01","guid":{"rendered":"https:\/?post_type=product&#038;p=171"},"modified":"2017-01-10T16:13:01","modified_gmt":"2017-01-10T15:13:01","slug":"kiwibox-en-bois-de-palissandre-chargeur-4-ports","status":"publish","type":"product","link":"https:\/\/cedric-devarenne.com\/demo\/dalisier\/fr\/boutique\/kiwibox-en-bois-de-palissandre-chargeur-4-ports\/","title":{"rendered":"KiwiBox en bois de Palissandre chargeur 4 ports"},"content":{"rendered":"<h2>KiwiBox 4 en bois de palissandre bordeaux, support et chargeur 4 ports pour SmartPhone<\/h2>\n<p>Livr\u00e9e avec 2 connecteurs IPhone 5\/6 et 2 connecteurs micro USB<\/p>\n<p><strong>Connecteurs disponibles :<\/strong> Micro USB, Mini USB, IPhone 4, IPhone 5&amp;6 , Type \u2013 C<\/p>\n<h2>LE SAVIEZ-VOUS ?<\/h2>\n<p>La <strong>KIWI BOX<\/strong> est une borne universelle qui permet de recharger en m\u00eame temps avec une seule prise jusqu\u2019\u00e0 6 smartphones &amp; tablettes.<\/p>\n<p>Notre syst\u00e8me exclusif et brevet\u00e9 de t\u00eates interchangeables nous permet d\u2019\u00eatre compatibles avec tous les smartphones de toutes les marques du march\u00e9 et vous Garantit un vrai service \u00e0 la maison, au bureau et dans vos commerces au c\u0153ur des salles d\u2019attentes, comptoir, accueil\u2026<\/p>\n<p>Nous pouvons par ailleurs personnaliser la <strong>Kiwi Box<\/strong> avec votre logo ou comme cadeau d\u2019affaires avec le marquage de votre choix<br \/>\n(porte-affiche plexi en option).<\/p>\n<p>Notre savoir-faire nous permet de cr\u00e9er des r\u00e9seaux Adhoc selon les environnements o\u00f9 vous souhaitez communiquer,<br \/>\npuis d\u2019installer les bornes selon l\u2019audience vis\u00e9e (salons de coiffure, salles d\u2019attentes, CHR, entreprises\u2026)<\/p>\n<p>D\u2019un simple outil de recharge, nous en faisons un M\u00e9dia connect\u00e9. La <strong>KIWI BOX<\/strong> est un M\u00e9dia interactif \u00e0 travers des campagnes de marketing<br \/>\ng\u00e9o-localis\u00e9es (drive to web : notifications push, mini site, Play Store, ecouponning, vid\u00e9o\u2026)<\/p>\n<h2>A propos de du bois de palissandre\u00a0:<\/h2>\n<div style=\"clear:both\"><\/div><div class=\"crunchify-social\"><!-- Social Sharing Buttons Plugin without any Java Script Loading by Crunchify.com - START--><h5><\/h5><a class=\"crunchify-link crunchify-facebook\" href=\"https:\/\/www.facebook.com\/sharer\/sharer.php?u=https:\/\/cedric-devarenne.com\/demo\/dalisier\/fr\/boutique\/kiwibox-en-bois-de-palissandre-chargeur-4-ports\/\" target=\"_blank\" >Facebook<\/a><a class=\"crunchify-link crunchify-twitter\" href=\"https:\/\/twitter.com\/intent\/tweet?text=KiwiBox%20en%20bois%20de%20Palissandre%20chargeur%204%20ports&amp;url=https:\/\/cedric-devarenne.com\/demo\/dalisier\/fr\/boutique\/kiwibox-en-bois-de-palissandre-chargeur-4-ports\/&amp;via=\" target=\"_blank\" >Twitter<\/a><a class=\"crunchify-link crunchify-googleplus\" href=\"https:\/\/plus.google.com\/share?url=https:\/\/cedric-devarenne.com\/demo\/dalisier\/fr\/boutique\/kiwibox-en-bois-de-palissandre-chargeur-4-ports\/\" target=\"_blank\" >Google+<\/a><a class=\"crunchify-link crunchify-linkedin\" href=\"https:\/\/www.linkedin.com\/shareArticle?mini=true&url=https:\/\/cedric-devarenne.com\/demo\/dalisier\/fr\/boutique\/kiwibox-en-bois-de-palissandre-chargeur-4-ports\/&amp;title=KiwiBox%20en%20bois%20de%20Palissandre%20chargeur%204%20ports\" target=\"_blank\" >LinkedIn<\/a><a class=\"crunchify-link crunchify-pinterest\" href=\"https:\/\/pinterest.com\/pin\/create\/button\/?url=https:\/\/cedric-devarenne.com\/demo\/dalisier\/fr\/boutique\/kiwibox-en-bois-de-palissandre-chargeur-4-ports\/&amp;media=https:\/\/cedric-devarenne.com\/demo\/dalisier\/wp-content\/uploads\/2017\/01\/kiwibox-4-bois-palissandre-chargeur-smartphone.jpg&amp;description=KiwiBox%20en%20bois%20de%20Palissandre%20chargeur%204%20ports\" target=\"_blank\" >Pin It<\/a><a class=\"crunchify-link crunchify-email\" href=\"mailto:?subject=KiwiBox%20en%20bois%20de%20Palissandre%20chargeur%204%20ports&amp;body=Check out this site: https:\/\/cedric-devarenne.com\/demo\/dalisier\/fr\/boutique\/kiwibox-en-bois-de-palissandre-chargeur-4-ports\/\" title=\"Share by Email\" target=\"_blank\" >Email<\/a><!-- Social Sharing Buttons Plugin - END--><\/div><div style=\"clear:both\"><\/div>","protected":false},"excerpt":{"rendered":"<h2>Pratique et esth\u00e9tique, la KiwiBox 4 est un fabuleux support et chargeur pour votre SmartPhone et celui de vos convives.<\/h2>\n<p><em>(Photo\u00a0non contractuelle du tiroir de rangement des adaptateurs de ports de charge, la seule diff\u00e9rence est la couleur et la mati\u00e8re de la coque qui est issue d&#8217;un <a href=\"https:\/fr\/produit\/kiwibox-en-bois-wenge-blanc-raye-chargeur-4-ports\/\"><strong>autre mod\u00e8le de Kiwibox<\/strong>.<\/a>)<\/em><\/p>\n","protected":false},"featured_media":172,"comment_status":"open","ping_status":"closed","template":"","meta":[],"product_brand":[],"product_cat":[132,134,26],"product_tag":[187,206,208,138,140,163,165,167,136,142,169,34,85,161,95,171],"class_list":{"0":"post-171","1":"product","2":"type-product","3":"status-publish","4":"has-post-thumbnail","6":"product_cat-kiwibox","7":"product_cat-kiwibox4","8":"product_cat-telephone-mobile-fr","9":"product_tag-4-ports","10":"product_tag-bois-palissandre","11":"product_tag-bordeaux","12":"product_tag-chargeur","13":"product_tag-iphone","14":"product_tag-iphone-4","15":"product_tag-iphone-5","16":"product_tag-iphone-6","17":"product_tag-kiwibox","18":"product_tag-micro-usb","19":"product_tag-mini-usb","20":"product_tag-mobile-fr","21":"product_tag-smartphone-fr","22":"product_tag-support","23":"product_tag-telephone","24":"product_tag-type-c","26":"first","27":"instock","28":"taxable","29":"shipping-taxable","30":"purchasable","31":"product-type-simple"},"aioseo_notices":[],"_links":{"self":[{"href":"https:\/\/cedric-devarenne.com\/demo\/dalisier\/wp-json\/wp\/v2\/product\/171","targetHints":{"allow":["GET"]}}],"collection":[{"href":"https:\/\/cedric-devarenne.com\/demo\/dalisier\/wp-json\/wp\/v2\/product"}],"about":[{"href":"https:\/\/cedric-devarenne.com\/demo\/dalisier\/wp-json\/wp\/v2\/types\/product"}],"replies":[{"embeddable":true,"href":"https:\/\/cedric-devarenne.com\/demo\/dalisier\/wp-json\/wp\/v2\/comments?post=171"}],"wp:featuredmedia":[{"embeddable":true,"href":"https:\/\/cedric-devarenne.com\/demo\/dalisier\/wp-json\/wp\/v2\/media\/172"}],"wp:attachment":[{"href":"https:\/\/cedric-devarenne.com\/demo\/dalisier\/wp-json\/wp\/v2\/media?parent=171"}],"wp:term":[{"taxonomy":"product_brand","embeddable":true,"href":"https:\/\/cedric-devarenne.com\/demo\/dalisier\/wp-json\/wp\/v2\/product_brand?post=171"},{"taxonomy":"product_cat","embeddable":true,"href":"https:\/\/cedric-devarenne.com\/demo\/dalisier\/wp-json\/wp\/v2\/product_cat?post=171"},{"taxonomy":"product_tag","embeddable":true,"href":"https:\/\/cedric-devarenne.com\/demo\/dalisier\/wp-json\/wp\/v2\/product_tag?post=171"}],"curies":[{"name":"wp","href":"https:\/\/api.w.org\/{rel}","templated":true}]}}