{"id":38,"date":"2017-01-08T01:30:11","date_gmt":"2017-01-08T00:30:11","guid":{"rendered":"https:\/?post_type=product&#038;p=38"},"modified":"2017-01-09T10:27:21","modified_gmt":"2017-01-09T09:27:21","slug":"coque-en-bois-ebene-pour-smartphone-bords-blanc","status":"publish","type":"product","link":"https:\/\/cedric-devarenne.com\/demo\/dalisier\/fr\/boutique\/coque-en-bois-ebene-pour-smartphone-bords-blanc\/","title":{"rendered":"Coque en bois d&#8217;\u00e9b\u00e8ne pour SmartPhone bords blanc"},"content":{"rendered":"<h2>Coque en bois d&#8217;\u00e9b\u00e8ne naturel pour prot\u00e9ger et embellir votre t\u00e9l\u00e9phone mobile (SmartPhone) avec un\u00a0contour blanc du plus bel effet.<\/h2>\n<h3>A propos de du bois d&#8217;\u00e9b\u00e8ne :<\/h3>\n<p>L&#8217;<a href=\"https:\/fr\/etiquette-produit\/bois-debene-fr\/\"><strong>\u00e9b\u00e8ne<\/strong><\/a> naturel est le nom donn\u00e9 au bois de c\u0153ur ou duramen produit par plusieurs esp\u00e8ces d&#8217;arbres de la famille des Ebenaceae appartenant au genre Diospyros, appel\u00e9s \u00e9b\u00e9niers, ainsi que certains arbres du genre Dalbergia. Ils se rencontrent dans les r\u00e9gions tropicales de l&#8217;Ancien Monde et sont connus depuis la plus haute Antiquit\u00e9 pour la couleur tr\u00e8s sombre, proche du noir, de leur bois.<\/p>\n<p>Les caract\u00e9ristiques principales de l&#8217;<a href=\"https:\/fr\/etiquette-produit\/bois-debene-fr\/\"><strong>\u00e9b\u00e8ne<\/strong><\/a> sont sa couleur presque noire et sa densit\u00e9 \u00e9lev\u00e9e. Aussi trouve-t-on des \u00e9chantillons d&#8217;\u00e9b\u00e8ne plus ou moins fonc\u00e9s (certains restent gris) et durs.<\/p>\n<p>Seuls les Diospyros \u00e0 bois noir ou approchant le noir peuvent prendre l&#8217;appellation d&#8217;<strong>\u00e9b\u00e9nier<\/strong>. Les plaqueminiers (Diospyros kaki), par exemple, bien que tr\u00e8s proches dans la classification botanique, n&#8217;en sont pas.<\/p>\n<p>Le mot \u00e9b\u00e8ne (du genre f\u00e9minin) est d\u00e9riv\u00e9 du latin ebenus, lui-m\u00eame du grec ebenos (mot d&#8217;origine \u00e9gyptienne hbnj) qui d\u00e9signait d\u00e9j\u00e0 ce bois1 \u00e0 l&#8217;\u00e9poque de l&#8217;\u00c9gypte pharaonique, o\u00f9 il entrait dans la composition de petits objets pr\u00e9cieux de toutes sortes.<\/p>\n<p>Bois pr\u00e9cieux tr\u00e8s noir ou vein\u00e9. Grain tr\u00e8s fin, bois tr\u00e8s lourd. Fil droit, coupe nette, tr\u00e8s sec sous l&#8217;outil et fendage franc. Finement paillet\u00e9 d&#8217;incrustation de cristaux d&#8217;acide oxalique qui lui donnent son aspect scintillant si particulier \u00e0 la lumi\u00e8re. Poli parfait, luisant, tr\u00e8s lisse, mat ou brillant, tr\u00e8s lourd (densit\u00e9 de 1,00 \u00e0 1,10) d\u00e9bard\u00e9 en b\u00fbches purg\u00e9 d&#8217;aubier de taille suffisante pour \u00eatre port\u00e9es par un homme (30-70 kg) puis li\u00e9 \u00e0 d&#8217;autres esp\u00e8ces moins denses pour assurer sa flottabilit\u00e9.<\/p>\n<div style=\"clear:both\"><\/div><div class=\"crunchify-social\"><!-- Social Sharing Buttons Plugin without any Java Script Loading by Crunchify.com - START--><h5><\/h5><a class=\"crunchify-link crunchify-facebook\" href=\"https:\/\/www.facebook.com\/sharer\/sharer.php?u=https:\/\/cedric-devarenne.com\/demo\/dalisier\/fr\/boutique\/coque-en-bois-ebene-pour-smartphone-bords-blanc\/\" target=\"_blank\" >Facebook<\/a><a class=\"crunchify-link crunchify-twitter\" href=\"https:\/\/twitter.com\/intent\/tweet?text=Coque%20en%20bois%20d&#8217;\u00e9b\u00e8ne%20pour%20SmartPhone%20bords%20blanc&amp;url=https:\/\/cedric-devarenne.com\/demo\/dalisier\/fr\/boutique\/coque-en-bois-ebene-pour-smartphone-bords-blanc\/&amp;via=\" target=\"_blank\" >Twitter<\/a><a class=\"crunchify-link crunchify-googleplus\" href=\"https:\/\/plus.google.com\/share?url=https:\/\/cedric-devarenne.com\/demo\/dalisier\/fr\/boutique\/coque-en-bois-ebene-pour-smartphone-bords-blanc\/\" target=\"_blank\" >Google+<\/a><a class=\"crunchify-link crunchify-linkedin\" href=\"https:\/\/www.linkedin.com\/shareArticle?mini=true&url=https:\/\/cedric-devarenne.com\/demo\/dalisier\/fr\/boutique\/coque-en-bois-ebene-pour-smartphone-bords-blanc\/&amp;title=Coque%20en%20bois%20d&#8217;\u00e9b\u00e8ne%20pour%20SmartPhone%20bords%20blanc\" target=\"_blank\" >LinkedIn<\/a><a class=\"crunchify-link crunchify-pinterest\" href=\"https:\/\/pinterest.com\/pin\/create\/button\/?url=https:\/\/cedric-devarenne.com\/demo\/dalisier\/fr\/boutique\/coque-en-bois-ebene-pour-smartphone-bords-blanc\/&amp;media=https:\/\/cedric-devarenne.com\/demo\/dalisier\/wp-content\/uploads\/2017\/01\/coque-en-bois-ebene-bord-blanc-face.jpg&amp;description=Coque%20en%20bois%20d&#8217;\u00e9b\u00e8ne%20pour%20SmartPhone%20bords%20blanc\" target=\"_blank\" >Pin It<\/a><a class=\"crunchify-link crunchify-email\" href=\"mailto:?subject=Coque%20en%20bois%20d&#8217;\u00e9b\u00e8ne%20pour%20SmartPhone%20bords%20blanc&amp;body=Check out this site: https:\/\/cedric-devarenne.com\/demo\/dalisier\/fr\/boutique\/coque-en-bois-ebene-pour-smartphone-bords-blanc\/\" title=\"Share by Email\" target=\"_blank\" >Email<\/a><!-- Social Sharing Buttons Plugin - END--><\/div><div style=\"clear:both\"><\/div>","protected":false},"excerpt":{"rendered":"<h2>Superbe coque en bois d&#8217;\u00e9b\u00e8ne naturel tr\u00e8s agr\u00e9able au toucher.<br \/>\nUn accessoire vraiment\u00a0tendance et original pour votre t\u00e9l\u00e9phone mobile (SmartPhone).<\/h2>\n","protected":false},"featured_media":94,"comment_status":"open","ping_status":"closed","template":"","meta":[],"product_brand":[],"product_cat":[24,26],"product_tag":[28,49,32,34,83,85],"class_list":{"0":"post-38","1":"product","2":"type-product","3":"status-publish","4":"has-post-thumbnail","6":"product_cat-coque-en-bois-fr","7":"product_cat-telephone-mobile-fr","8":"product_tag-bois-debene-fr","9":"product_tag-contour-blanc","10":"product_tag-coque-fr","11":"product_tag-mobile-fr","12":"product_tag-naturel","13":"product_tag-smartphone-fr","15":"first","16":"instock","17":"taxable","18":"shipping-taxable","19":"purchasable","20":"product-type-simple"},"aioseo_notices":[],"_links":{"self":[{"href":"https:\/\/cedric-devarenne.com\/demo\/dalisier\/wp-json\/wp\/v2\/product\/38","targetHints":{"allow":["GET"]}}],"collection":[{"href":"https:\/\/cedric-devarenne.com\/demo\/dalisier\/wp-json\/wp\/v2\/product"}],"about":[{"href":"https:\/\/cedric-devarenne.com\/demo\/dalisier\/wp-json\/wp\/v2\/types\/product"}],"replies":[{"embeddable":true,"href":"https:\/\/cedric-devarenne.com\/demo\/dalisier\/wp-json\/wp\/v2\/comments?post=38"}],"wp:featuredmedia":[{"embeddable":true,"href":"https:\/\/cedric-devarenne.com\/demo\/dalisier\/wp-json\/wp\/v2\/media\/94"}],"wp:attachment":[{"href":"https:\/\/cedric-devarenne.com\/demo\/dalisier\/wp-json\/wp\/v2\/media?parent=38"}],"wp:term":[{"taxonomy":"product_brand","embeddable":true,"href":"https:\/\/cedric-devarenne.com\/demo\/dalisier\/wp-json\/wp\/v2\/product_brand?post=38"},{"taxonomy":"product_cat","embeddable":true,"href":"https:\/\/cedric-devarenne.com\/demo\/dalisier\/wp-json\/wp\/v2\/product_cat?post=38"},{"taxonomy":"product_tag","embeddable":true,"href":"https:\/\/cedric-devarenne.com\/demo\/dalisier\/wp-json\/wp\/v2\/product_tag?post=38"}],"curies":[{"name":"wp","href":"https:\/\/api.w.org\/{rel}","templated":true}]}}