{"id":44,"date":"2017-01-08T02:26:14","date_gmt":"2017-01-08T01:26:14","guid":{"rendered":"https:\/?post_type=product&#038;p=44"},"modified":"2017-01-09T12:13:51","modified_gmt":"2017-01-09T11:13:51","slug":"coque-en-bois-ebene-raye-contour-noir","status":"publish","type":"product","link":"https:\/\/cedric-devarenne.com\/demo\/dalisier\/fr\/boutique\/coque-en-bois-ebene-raye-contour-noir\/","title":{"rendered":"Coque en bois \u00e9b\u00e8ne ray\u00e9 contour noir"},"content":{"rendered":"<p>Description compl\u00e8te :<br \/>\nCoque en bois d&#8217;\u00e9b\u00e8ne motifs ray\u00e9s pour t\u00e9l\u00e9phone mobile dont le contour est noir<\/p>\n<div style=\"clear:both\"><\/div><div class=\"crunchify-social\"><!-- Social Sharing Buttons Plugin without any Java Script Loading by Crunchify.com - START--><h5><\/h5><a class=\"crunchify-link crunchify-facebook\" href=\"https:\/\/www.facebook.com\/sharer\/sharer.php?u=https:\/\/cedric-devarenne.com\/demo\/dalisier\/fr\/boutique\/coque-en-bois-ebene-raye-contour-noir\/\" target=\"_blank\" >Facebook<\/a><a class=\"crunchify-link crunchify-twitter\" href=\"https:\/\/twitter.com\/intent\/tweet?text=Coque%20en%20bois%20\u00e9b\u00e8ne%20ray\u00e9%20contour%20noir&amp;url=https:\/\/cedric-devarenne.com\/demo\/dalisier\/fr\/boutique\/coque-en-bois-ebene-raye-contour-noir\/&amp;via=\" target=\"_blank\" >Twitter<\/a><a class=\"crunchify-link crunchify-googleplus\" href=\"https:\/\/plus.google.com\/share?url=https:\/\/cedric-devarenne.com\/demo\/dalisier\/fr\/boutique\/coque-en-bois-ebene-raye-contour-noir\/\" target=\"_blank\" >Google+<\/a><a class=\"crunchify-link crunchify-linkedin\" href=\"https:\/\/www.linkedin.com\/shareArticle?mini=true&url=https:\/\/cedric-devarenne.com\/demo\/dalisier\/fr\/boutique\/coque-en-bois-ebene-raye-contour-noir\/&amp;title=Coque%20en%20bois%20\u00e9b\u00e8ne%20ray\u00e9%20contour%20noir\" target=\"_blank\" >LinkedIn<\/a><a class=\"crunchify-link crunchify-pinterest\" href=\"https:\/\/pinterest.com\/pin\/create\/button\/?url=https:\/\/cedric-devarenne.com\/demo\/dalisier\/fr\/boutique\/coque-en-bois-ebene-raye-contour-noir\/&amp;media=https:\/\/cedric-devarenne.com\/demo\/dalisier\/wp-content\/uploads\/2017\/01\/coque-en-bois-ebene-raye-bords-noir-face.jpg&amp;description=Coque%20en%20bois%20\u00e9b\u00e8ne%20ray\u00e9%20contour%20noir\" target=\"_blank\" >Pin It<\/a><a class=\"crunchify-link crunchify-email\" href=\"mailto:?subject=Coque%20en%20bois%20\u00e9b\u00e8ne%20ray\u00e9%20contour%20noir&amp;body=Check out this site: https:\/\/cedric-devarenne.com\/demo\/dalisier\/fr\/boutique\/coque-en-bois-ebene-raye-contour-noir\/\" title=\"Share by Email\" target=\"_blank\" >Email<\/a><!-- Social Sharing Buttons Plugin - END--><\/div><div style=\"clear:both\"><\/div>","protected":false},"excerpt":{"rendered":"<p>Description compl\u00e8te : Coque en bois d&#8217;\u00e9b\u00e8ne motifs ray\u00e9s pour t\u00e9l\u00e9phone mobile dont le contour est noir FacebookTwitterGoogle+LinkedInPin ItEmail<\/p>\n","protected":false},"featured_media":107,"comment_status":"open","ping_status":"closed","template":"","meta":[],"product_brand":[],"product_cat":[24,26],"product_tag":[28,30,32,34,54],"class_list":{"0":"post-44","1":"product","2":"type-product","3":"status-publish","4":"has-post-thumbnail","6":"product_cat-coque-en-bois-fr","7":"product_cat-telephone-mobile-fr","8":"product_tag-bois-debene-fr","9":"product_tag-contour-noir-fr","10":"product_tag-coque-fr","11":"product_tag-mobile-fr","12":"product_tag-raye","14":"first","15":"instock","16":"taxable","17":"shipping-taxable","18":"purchasable","19":"product-type-simple"},"aioseo_notices":[],"_links":{"self":[{"href":"https:\/\/cedric-devarenne.com\/demo\/dalisier\/wp-json\/wp\/v2\/product\/44","targetHints":{"allow":["GET"]}}],"collection":[{"href":"https:\/\/cedric-devarenne.com\/demo\/dalisier\/wp-json\/wp\/v2\/product"}],"about":[{"href":"https:\/\/cedric-devarenne.com\/demo\/dalisier\/wp-json\/wp\/v2\/types\/product"}],"replies":[{"embeddable":true,"href":"https:\/\/cedric-devarenne.com\/demo\/dalisier\/wp-json\/wp\/v2\/comments?post=44"}],"wp:featuredmedia":[{"embeddable":true,"href":"https:\/\/cedric-devarenne.com\/demo\/dalisier\/wp-json\/wp\/v2\/media\/107"}],"wp:attachment":[{"href":"https:\/\/cedric-devarenne.com\/demo\/dalisier\/wp-json\/wp\/v2\/media?parent=44"}],"wp:term":[{"taxonomy":"product_brand","embeddable":true,"href":"https:\/\/cedric-devarenne.com\/demo\/dalisier\/wp-json\/wp\/v2\/product_brand?post=44"},{"taxonomy":"product_cat","embeddable":true,"href":"https:\/\/cedric-devarenne.com\/demo\/dalisier\/wp-json\/wp\/v2\/product_cat?post=44"},{"taxonomy":"product_tag","embeddable":true,"href":"https:\/\/cedric-devarenne.com\/demo\/dalisier\/wp-json\/wp\/v2\/product_tag?post=44"}],"curies":[{"name":"wp","href":"https:\/\/api.w.org\/{rel}","templated":true}]}}