{"id":476,"date":"2017-01-23T10:48:01","date_gmt":"2017-01-23T09:48:01","guid":{"rendered":"https:\/?post_type=product&#038;p=476"},"modified":"2017-03-04T17:32:24","modified_gmt":"2017-03-04T16:32:24","slug":"noeud-papillon-en-bois-de-chene-sublime","status":"publish","type":"product","link":"https:\/\/cedric-devarenne.com\/demo\/dalisier\/fr\/boutique\/noeud-papillon-en-bois-de-chene-sublime\/","title":{"rendered":"Noeud papillon en bois de ch\u00eane sublime"},"content":{"rendered":"<h2>Noeuds papillon en bois<\/h2>\n<p>D\u00e9couvrez toute notre s\u00e9lection de noeuds papillon bois. Un large choix de mod\u00e8les en bois qui apporteront style et originalit\u00e9 \u00e0 toutes vos tenues, allant du noeud papillon liberty au noeud papillon rouge en passant par le noeud papillon noir. Des noeuds papillons en bois d\u2019\u00c9b\u00e8ne, de Weng\u00e9 ou encore, de Palissandre, qui se portent aussi bien pour des occasions que pour le quotidien. D\u00e9couvrez les noeuds papillon en bois sign\u00e9s<\/p>\n<div style=\"clear:both\"><\/div><div class=\"crunchify-social\"><!-- Social Sharing Buttons Plugin without any Java Script Loading by Crunchify.com - START--><h5><\/h5><a class=\"crunchify-link crunchify-facebook\" href=\"https:\/\/www.facebook.com\/sharer\/sharer.php?u=https:\/\/cedric-devarenne.com\/demo\/dalisier\/fr\/boutique\/noeud-papillon-en-bois-de-chene-sublime\/\" target=\"_blank\" >Facebook<\/a><a class=\"crunchify-link crunchify-twitter\" href=\"https:\/\/twitter.com\/intent\/tweet?text=Noeud%20papillon%20en%20bois%20de%20ch\u00eane%20sublime&amp;url=https:\/\/cedric-devarenne.com\/demo\/dalisier\/fr\/boutique\/noeud-papillon-en-bois-de-chene-sublime\/&amp;via=\" target=\"_blank\" >Twitter<\/a><a class=\"crunchify-link crunchify-googleplus\" href=\"https:\/\/plus.google.com\/share?url=https:\/\/cedric-devarenne.com\/demo\/dalisier\/fr\/boutique\/noeud-papillon-en-bois-de-chene-sublime\/\" target=\"_blank\" >Google+<\/a><a class=\"crunchify-link crunchify-linkedin\" href=\"https:\/\/www.linkedin.com\/shareArticle?mini=true&url=https:\/\/cedric-devarenne.com\/demo\/dalisier\/fr\/boutique\/noeud-papillon-en-bois-de-chene-sublime\/&amp;title=Noeud%20papillon%20en%20bois%20de%20ch\u00eane%20sublime\" target=\"_blank\" >LinkedIn<\/a><a class=\"crunchify-link crunchify-pinterest\" href=\"https:\/\/pinterest.com\/pin\/create\/button\/?url=https:\/\/cedric-devarenne.com\/demo\/dalisier\/fr\/boutique\/noeud-papillon-en-bois-de-chene-sublime\/&amp;media=https:\/\/cedric-devarenne.com\/demo\/dalisier\/wp-content\/uploads\/2017\/01\/noeud-papillon-bois-chene-sublime.jpg&amp;description=Noeud%20papillon%20en%20bois%20de%20ch\u00eane%20sublime\" target=\"_blank\" >Pin It<\/a><a class=\"crunchify-link crunchify-email\" href=\"mailto:?subject=Noeud%20papillon%20en%20bois%20de%20ch\u00eane%20sublime&amp;body=Check out this site: https:\/\/cedric-devarenne.com\/demo\/dalisier\/fr\/boutique\/noeud-papillon-en-bois-de-chene-sublime\/\" title=\"Share by Email\" target=\"_blank\" >Email<\/a><!-- Social Sharing Buttons Plugin - END--><\/div><div style=\"clear:both\"><\/div>","protected":false},"excerpt":{"rendered":"<p>Noeuds papillon en bois D\u00e9couvrez toute notre s\u00e9lection de noeuds papillon bois. Un large choix de mod\u00e8les en bois qui apporteront style et originalit\u00e9 \u00e0 toutes vos tenues, allant du noeud papillon liberty au noeud papillon rouge en passant par le noeud papillon noir. Des noeuds papillons en bois d\u2019\u00c9b\u00e8ne, de Weng\u00e9 ou encore, de Palissandre, qui se portent aussi [&hellip;]<\/p>\n","protected":false},"featured_media":477,"comment_status":"open","ping_status":"closed","template":"","meta":[],"product_brand":[],"product_cat":[224,237],"product_tag":[226,241,245,239,263],"class_list":{"0":"post-476","1":"product","2":"type-product","3":"status-publish","4":"has-post-thumbnail","6":"product_cat-accessoires","7":"product_cat-noeud-papillon","8":"product_tag-accessoires","9":"product_tag-bois-chene","10":"product_tag-homme","11":"product_tag-noeud-papillon","12":"product_tag-sublime","14":"first","15":"instock","16":"taxable","17":"shipping-taxable","18":"purchasable","19":"product-type-simple"},"aioseo_notices":[],"_links":{"self":[{"href":"https:\/\/cedric-devarenne.com\/demo\/dalisier\/wp-json\/wp\/v2\/product\/476","targetHints":{"allow":["GET"]}}],"collection":[{"href":"https:\/\/cedric-devarenne.com\/demo\/dalisier\/wp-json\/wp\/v2\/product"}],"about":[{"href":"https:\/\/cedric-devarenne.com\/demo\/dalisier\/wp-json\/wp\/v2\/types\/product"}],"replies":[{"embeddable":true,"href":"https:\/\/cedric-devarenne.com\/demo\/dalisier\/wp-json\/wp\/v2\/comments?post=476"}],"wp:featuredmedia":[{"embeddable":true,"href":"https:\/\/cedric-devarenne.com\/demo\/dalisier\/wp-json\/wp\/v2\/media\/477"}],"wp:attachment":[{"href":"https:\/\/cedric-devarenne.com\/demo\/dalisier\/wp-json\/wp\/v2\/media?parent=476"}],"wp:term":[{"taxonomy":"product_brand","embeddable":true,"href":"https:\/\/cedric-devarenne.com\/demo\/dalisier\/wp-json\/wp\/v2\/product_brand?post=476"},{"taxonomy":"product_cat","embeddable":true,"href":"https:\/\/cedric-devarenne.com\/demo\/dalisier\/wp-json\/wp\/v2\/product_cat?post=476"},{"taxonomy":"product_tag","embeddable":true,"href":"https:\/\/cedric-devarenne.com\/demo\/dalisier\/wp-json\/wp\/v2\/product_tag?post=476"}],"curies":[{"name":"wp","href":"https:\/\/api.w.org\/{rel}","templated":true}]}}