{"id":709,"date":"2017-02-01T12:19:11","date_gmt":"2017-02-01T11:19:11","guid":{"rendered":"https:\/?post_type=product&#038;p=709"},"modified":"2017-03-04T17:35:50","modified_gmt":"2017-03-04T16:35:50","slug":"montre-en-bois-sandalwood","status":"publish","type":"product","link":"https:\/\/cedric-devarenne.com\/demo\/dalisier\/fr\/boutique\/montre-en-bois-sandalwood\/","title":{"rendered":"Montre en bois Sandalwood"},"content":{"rendered":"<h2>Gros titre H2<\/h2>\n<p>Montre en bois de quoi ?<br \/>\nPoid? Toutes les dimentions ?<br \/>\n\u00e9tiquettes produit \u00e0 faire + SEO<\/p>\n<p>PRODUCT DESCRIPTION<br \/>\nPacking:<\/p>\n<p>Wooden watch<br \/>\nPaper box for watch<br \/>\nA pillow for watch<br \/>\nWood watch Dimensions:<\/p>\n<p>Watch Band Length: 10.62\u2033 (270 mm)<br \/>\nWatch Face: 1.57\u2033 (40 mm)<br \/>\nThere is a battery inside that works about 2 years and it\u2019s easy to change by yourself.<br \/>\nIf the band length is to long, you can very easy to shorten it.<\/p>\n<div style=\"width: 1280px;\" class=\"wp-video\"><!--[if lt IE 9]><script>document.createElement('video');<\/script><![endif]-->\n<video class=\"wp-video-shortcode\" id=\"video-709-1\" width=\"1280\" height=\"720\" preload=\"metadata\" controls=\"controls\"><source type=\"video\/mp4\" src=\"http:\/\/https:\/\/cedric-devarenne.com\/demo\/dalisier\/wp-content\/uploads\/2017\/02\/Luxury-wooden-watch-from-CityWolf.mp4?_=1\" \/><a href=\"http:\/\/https:\/\/cedric-devarenne.com\/demo\/dalisier\/wp-content\/uploads\/2017\/02\/Luxury-wooden-watch-from-CityWolf.mp4\">http:\/\/https:\/\/cedric-devarenne.com\/demo\/dalisier\/wp-content\/uploads\/2017\/02\/Luxury-wooden-watch-from-CityWolf.mp4<\/a><\/video><\/div>\n<div style=\"clear:both\"><\/div><div class=\"crunchify-social\"><!-- Social Sharing Buttons Plugin without any Java Script Loading by Crunchify.com - START--><h5><\/h5><a class=\"crunchify-link crunchify-facebook\" href=\"https:\/\/www.facebook.com\/sharer\/sharer.php?u=https:\/\/cedric-devarenne.com\/demo\/dalisier\/fr\/boutique\/montre-en-bois-sandalwood\/\" target=\"_blank\" >Facebook<\/a><a class=\"crunchify-link crunchify-twitter\" href=\"https:\/\/twitter.com\/intent\/tweet?text=Montre%20en%20bois%20Sandalwood&amp;url=https:\/\/cedric-devarenne.com\/demo\/dalisier\/fr\/boutique\/montre-en-bois-sandalwood\/&amp;via=\" target=\"_blank\" >Twitter<\/a><a class=\"crunchify-link crunchify-googleplus\" href=\"https:\/\/plus.google.com\/share?url=https:\/\/cedric-devarenne.com\/demo\/dalisier\/fr\/boutique\/montre-en-bois-sandalwood\/\" target=\"_blank\" >Google+<\/a><a class=\"crunchify-link crunchify-linkedin\" href=\"https:\/\/www.linkedin.com\/shareArticle?mini=true&url=https:\/\/cedric-devarenne.com\/demo\/dalisier\/fr\/boutique\/montre-en-bois-sandalwood\/&amp;title=Montre%20en%20bois%20Sandalwood\" target=\"_blank\" >LinkedIn<\/a><a class=\"crunchify-link crunchify-pinterest\" href=\"https:\/\/pinterest.com\/pin\/create\/button\/?url=https:\/\/cedric-devarenne.com\/demo\/dalisier\/fr\/boutique\/montre-en-bois-sandalwood\/&amp;media=https:\/\/cedric-devarenne.com\/demo\/dalisier\/wp-content\/uploads\/2017\/02\/Montre-en-bois-Sandalwood-face.jpg&amp;description=Montre%20en%20bois%20Sandalwood\" target=\"_blank\" >Pin It<\/a><a class=\"crunchify-link crunchify-email\" href=\"mailto:?subject=Montre%20en%20bois%20Sandalwood&amp;body=Check out this site: https:\/\/cedric-devarenne.com\/demo\/dalisier\/fr\/boutique\/montre-en-bois-sandalwood\/\" title=\"Share by Email\" target=\"_blank\" >Email<\/a><!-- Social Sharing Buttons Plugin - END--><\/div><div style=\"clear:both\"><\/div>","protected":false},"excerpt":{"rendered":"<h2>Montre, Bois de santal<\/h2>\n<p>Montre extraordinaire,exclusive et de luxe.Fabriqu\u00e9 \u00e0 partir de bois de santal,les montres en bois sont l\u00e9g\u00e8res.Chaque mod\u00e8le est unique gr\u00e2ce \u00e0<br \/>\nune texture diff\u00e9rente de bois.Montre avec mouvement japonais et fermoir en acier inoxydable. Soyez \u00e0 la mode!<br \/>\nC&#039;est un parfait cadeau pour vous,membres de votre famille ou vos amis.<\/p>\n","protected":false},"featured_media":710,"comment_status":"open","ping_status":"closed","template":"","meta":[],"product_brand":[],"product_cat":[326],"product_tag":[328,330],"class_list":{"0":"post-709","1":"product","2":"type-product","3":"status-publish","4":"has-post-thumbnail","6":"product_cat-montre-en-bois","7":"product_tag-montre","8":"product_tag-montres","10":"first","11":"instock","12":"taxable","13":"shipping-taxable","14":"purchasable","15":"product-type-simple"},"aioseo_notices":[],"_links":{"self":[{"href":"https:\/\/cedric-devarenne.com\/demo\/dalisier\/wp-json\/wp\/v2\/product\/709","targetHints":{"allow":["GET"]}}],"collection":[{"href":"https:\/\/cedric-devarenne.com\/demo\/dalisier\/wp-json\/wp\/v2\/product"}],"about":[{"href":"https:\/\/cedric-devarenne.com\/demo\/dalisier\/wp-json\/wp\/v2\/types\/product"}],"replies":[{"embeddable":true,"href":"https:\/\/cedric-devarenne.com\/demo\/dalisier\/wp-json\/wp\/v2\/comments?post=709"}],"wp:featuredmedia":[{"embeddable":true,"href":"https:\/\/cedric-devarenne.com\/demo\/dalisier\/wp-json\/wp\/v2\/media\/710"}],"wp:attachment":[{"href":"https:\/\/cedric-devarenne.com\/demo\/dalisier\/wp-json\/wp\/v2\/media?parent=709"}],"wp:term":[{"taxonomy":"product_brand","embeddable":true,"href":"https:\/\/cedric-devarenne.com\/demo\/dalisier\/wp-json\/wp\/v2\/product_brand?post=709"},{"taxonomy":"product_cat","embeddable":true,"href":"https:\/\/cedric-devarenne.com\/demo\/dalisier\/wp-json\/wp\/v2\/product_cat?post=709"},{"taxonomy":"product_tag","embeddable":true,"href":"https:\/\/cedric-devarenne.com\/demo\/dalisier\/wp-json\/wp\/v2\/product_tag?post=709"}],"curies":[{"name":"wp","href":"https:\/\/api.w.org\/{rel}","templated":true}]}}