{"id":10328,"date":"2016-04-01T13:27:33","date_gmt":"2016-04-01T13:27:33","guid":{"rendered":"https:\/\/cedric-devarenne.com\/demo\/gaijin\/?page_id=10328"},"modified":"2016-04-01T13:27:33","modified_gmt":"2016-04-01T13:27:33","slug":"nicolas-heberle","status":"publish","type":"page","link":"https:\/\/cedric-devarenne.com\/demo\/gaijin\/nicolas-heberle\/","title":{"rendered":"A propos de Nicolas"},"content":{"rendered":"<p style=\"text-align: justify;\"><a href=\"https:\/\/cedric-devarenne.com\/demo\/gaijin\/wp-content\/uploads\/2016\/04\/17032016-DSC00915.jpg\"><img loading=\"lazy\" decoding=\"async\" class=\"aligncenter wp-image-10330\" src=\"https:\/\/cedric-devarenne.com\/demo\/gaijin\/wp-content\/uploads\/2016\/04\/17032016-DSC00915-1024x654.jpg\" alt=\"Nicolas H\u00e9berl\u00e9\" width=\"600\" height=\"383\" \/><\/a><\/p>\n<p style=\"text-align: justify;\"><strong>Arrivant de la lointaine France, un Franc-Comtois d\u00e9barque au Japon. Je m\u2019appelle Nicolas et je vous propose de conna\u00eetre mon parcours et mes attentes.<\/strong><\/p>\n<p style=\"text-align: justify;\">N\u00e9 \u00e0 Belfort le 17 Novembre 1988, ville o\u00f9 se sont d\u00e9roul\u00e9es mes \u00e9tudes jusqu\u2019\u00e0 la fin du lyc\u00e9e. Par la suite, mon entr\u00e9e \u00e0 la fac\u00a0 de m\u00e9decine m\u2019a conduit \u00e0 d\u00e9m\u00e9nager \u00e0 Besan\u00e7on. Un choix corn\u00e9lien est apparu \u00e0 ce moment-l\u00e0\u00a0: devenir Masseur-Kin\u00e9sith\u00e9rapeute ou M\u00e9decin. Quelques ann\u00e9es plus tard, le dipl\u00f4me de Masso-Kin\u00e9sith\u00e9rapie fut mien.<\/p>\n<p style=\"text-align: justify;\"><strong>Mon enfance fut berc\u00e9e par le Club Doroth\u00e9e et les mangas comme Dragon Ball. <\/strong>Chaque jour, je regardais des anim\u00e9s et j\u2019\u00e9coutais les g\u00e9n\u00e9riques d\u2019Arianne ou de Bernard Minet. Mon premier manga me fut offert lors d\u2019un anniversaire (3 tomes de Dragon ball). Je n\u2019ai pas pu m\u2019emp\u00eacher de continuer la collection. Ce fut mon premier manga et le d\u00e9but d\u2019une longue s\u00e9rie.<\/p>\n<p style=\"text-align: justify;\">J\u2019avoue \u00eatre un <strong>fan de l\u2019animation japonaise<\/strong>. Ce fut m\u00eame une des raisons qui m\u2019a pouss\u00e9 \u00e0 me renseigner sur le pays du soleil levant.<\/p>\n<h2 style=\"text-align: justify;\"><strong>Un voyage en plusieurs \u00e9tapes <\/strong><\/h2>\n<p style=\"text-align: justify;\">Le Japon m\u2019a accueilli trois fois sur son archipel.<\/p>\n<p style=\"text-align: justify;\">La premi\u00e8re fois, en juin 2013, o\u00f9 j\u2019ai navigu\u00e9 entre <strong>Tokyo, Kyoto et Nara<\/strong> avec un ami. Notre voyage a dur\u00e9 une dizaine de jours et je fus \u00e9merveill\u00e9 par tout ce que j\u2019y ai trouv\u00e9. La nourriture, les temples et la nature m\u2019ont ravi durant ce court laps de temps. Il faut savoir que je suis fan de randonn\u00e9e. Un sac \u00e0 dos, une montagne, un chemin praticable et une vue \u00e9poustouflante comme r\u00e9compense et vous me ferez gravir n\u2019importe quel endroit\u00a0!<\/p>\n<p style=\"text-align: justify;\">N\u00e9anmoins, le retour fut difficile. Je m\u2019\u00e9tais habitu\u00e9 \u00e0 la vie locale, ma passion pour le Japon \u00e9tait n\u00e9e.<\/p>\n<p style=\"text-align: justify;\">Un an apr\u00e8s, celle-ci grandissait encore. Je me suis document\u00e9 r\u00e9guli\u00e8rement et j\u2019ai consult\u00e9 le site <strong><a href=\"https:\/\/cedric-devarenne.com\/demo\/gaijin\/\">Un Gaijin au Japon<\/a><\/strong> \u00e0 propos d\u2019une \u00e9cole de langue\u00a0: Ecole Tokyo.<\/p>\n<p style=\"text-align: justify;\">Quelques pr\u00e9paratifs plus tard, mon second voyage d\u00e9bute. J\u2019ai d\u00e9cid\u00e9 de passer <strong>3 mois \u00e0 Tokyo, du 11 janvier au 11 avril 2015,<\/strong> afin d\u2019<strong><a href=\"https:\/\/cedric-devarenne.com\/demo\/gaijin\/apprendre-le-japonais\/\">apprendre le japonais<\/a><\/strong>. Je me suis inscrit, via <strong><a href=\"https:\/\/cedric-devarenne.com\/demo\/gaijin\/dokodemo-pour-etudier-le-japonais\/\">Dokodemo<\/a><\/strong>, \u00e0 Toshin Language School et j\u2019ai d\u00e9but\u00e9 mon apprentissage.<\/p>\n<p style=\"text-align: justify;\">J\u2019ai fait ce choix car il me para\u00eet impensable de s\u2019int\u00e9resser \u00e0 un pays en ne comprenant aucun mot de la langue locale et sans pouvoir dialoguer avec ses habitants.<\/p>\n<p style=\"text-align: justify;\">Au cours de ce voyage, j\u2019ai rencontr\u00e9 Aala. <strong><a href=\"https:\/\/cedric-devarenne.com\/demo\/gaijin\/rupture-du-ligament-croise-cap-10000-japon-est-reporte\/\">Il s\u2019\u00e9tait rompu un ligament du genou<\/a><\/strong> et m\u2019avait invit\u00e9 \u00e0 assister \u00e0 une s\u00e9ance de masso-kin\u00e9sith\u00e9rapie en f\u00e9vrier 2015. Je suis all\u00e9 chez lui pour faire connaissance et nous sommes partis \u00e0 l\u2019h\u00f4pital pour sa r\u00e9\u00e9ducation. Mon \u00e9pop\u00e9e s\u2019est termin\u00e9e par l\u2019utilisation de mon <strong><a href=\"https:\/\/cedric-devarenne.com\/demo\/gaijin\/ou-acheter-le-japan-rail-pass-pas-cher-reponse\/\">JR Pass<\/a><\/strong> pour visiter <strong>Osaka, Minoo, Miyajima et Beppu<\/strong> entre autres.<\/p>\n<p style=\"text-align: justify;\">Nous avons gard\u00e9 un contact via facebook et lorsqu\u2019il a appris mon projet de <strong><a href=\"https:\/\/cedric-devarenne.com\/demo\/gaijin\/demande-de-pvt-japon-demarches-conseils\/\">visa vacances-travail<\/a><\/strong>, il m\u2019a propos\u00e9 d\u2019\u00e9crire quelques articles pour le blog.<\/p>\n<h2 style=\"text-align: justify;\"><strong>Mon Working Holiday au Japon<\/strong><\/h2>\n<p style=\"text-align: justify;\">Mon aventure a d\u00e9but\u00e9 le 11 mars 2016 et se terminera le 10 mars 2017. J\u2019ai d\u00e9cid\u00e9 de diviser mon voyage en deux parties distinctes. Les <strong>six premiers mois vont me permettre de progresser en japonais<\/strong> <strong>via des cours r\u00e9guliers.<\/strong> <strong>Les six mois suivants seront sous le th\u00e8me du voyage<\/strong> <strong>et de la d\u00e9couverte<\/strong>. Je compte mettre \u00e0 profit mes connaissances fra\u00eechement acquises pour d\u00e9couvrir de nouveaux aspects de l\u2019archipel Nippon.<\/p>\n<p style=\"text-align: justify;\"><strong>Actuellement, je loue un appartement en colocation \u00e0 Nippori, non loin de <a href=\"https:\/\/cedric-devarenne.com\/demo\/gaijin\/yanaka-un-tokyo-plus-vieux-plus-historique\/\">Yanaka Ginza<\/a>, et vous me croiserez s\u00fbrement dans un restaurant aux alentours de Takadanobaba, lieu o\u00f9 se situe mon \u00e9cole. Vous me verrez r\u00e9guli\u00e8rement poster des articles ici. Je m\u2019occupe \u00e9galement de la gestion du groupe\u00a0\u00ab\u00a0<a href=\"https:\/\/www.facebook.com\/groups\/voyageaujapon\/\" target=\"_blank\">Japon\u00a0: voyages et vie au pays du soleil levant<\/a>\u00a0\u00bb sur Facebook. Je compte vous faire d\u00e9couvrir d\u2019autres aspects du Japon sur le blog et j\u2019esp\u00e8re que vous appr\u00e9cierez mon travail.<\/strong><\/p>\n","protected":false},"excerpt":{"rendered":"<p>Arrivant de la lointaine France, un Franc-Comtois d\u00e9barque au Japon. Je m\u2019appelle Nicolas et je vous propose de conna\u00eetre mon parcours et mes attentes. N\u00e9 \u00e0 Belfort le 17 Novembre 1988, ville o\u00f9 se sont d\u00e9roul\u00e9es mes \u00e9tudes jusqu\u2019\u00e0 la fin du lyc\u00e9e. Par la suite, mon entr\u00e9e \u00e0 la fac\u00a0 de m\u00e9decine m\u2019a conduit &hellip;<\/p>\n","protected":false},"author":2,"featured_media":0,"parent":0,"menu_order":0,"comment_status":"closed","ping_status":"closed","template":"","meta":{"footnotes":""},"yst_prominent_words":[],"class_list":["post-10328","page","type-page","status-publish",""],"_links":{"self":[{"href":"https:\/\/cedric-devarenne.com\/demo\/gaijin\/wp-json\/wp\/v2\/pages\/10328","targetHints":{"allow":["GET"]}}],"collection":[{"href":"https:\/\/cedric-devarenne.com\/demo\/gaijin\/wp-json\/wp\/v2\/pages"}],"about":[{"href":"https:\/\/cedric-devarenne.com\/demo\/gaijin\/wp-json\/wp\/v2\/types\/page"}],"author":[{"embeddable":true,"href":"https:\/\/cedric-devarenne.com\/demo\/gaijin\/wp-json\/wp\/v2\/users\/2"}],"replies":[{"embeddable":true,"href":"https:\/\/cedric-devarenne.com\/demo\/gaijin\/wp-json\/wp\/v2\/comments?post=10328"}],"version-history":[{"count":0,"href":"https:\/\/cedric-devarenne.com\/demo\/gaijin\/wp-json\/wp\/v2\/pages\/10328\/revisions"}],"wp:attachment":[{"href":"https:\/\/cedric-devarenne.com\/demo\/gaijin\/wp-json\/wp\/v2\/media?parent=10328"}],"wp:term":[{"taxonomy":"yst_prominent_words","embeddable":true,"href":"https:\/\/cedric-devarenne.com\/demo\/gaijin\/wp-json\/wp\/v2\/yst_prominent_words?post=10328"}],"curies":[{"name":"wp","href":"https:\/\/api.w.org\/{rel}","templated":true}]}}