{"id":11002,"date":"2016-08-17T14:35:29","date_gmt":"2016-08-17T14:35:29","guid":{"rendered":"https:\/\/cedric-devarenne.com\/demo\/gaijin\/?page_id=11002"},"modified":"2016-08-17T14:35:29","modified_gmt":"2016-08-17T14:35:29","slug":"merci-commande-carte-gotochi-cap-10000-japon","status":"publish","type":"page","link":"https:\/\/cedric-devarenne.com\/demo\/gaijin\/merci-commande-carte-gotochi-cap-10000-japon\/","title":{"rendered":"Merci de votre commande de carte(s) Gotochi &#8211; Cap 10.000 Japon"},"content":{"rendered":"<p style=\"text-align: center;\"><span style=\"color: #ff0000;\"><strong>Merci de lire ceci et de compl\u00e9ter le formulaire afin de valider d\u00e9finitivement votre commande!<\/strong><\/span><\/p>\n<p style=\"text-align: justify;\"><strong>Si vous arrivez sur cette page, c&rsquo;est que vous venez de commander des cartes Gotochi sp\u00e9ciales Cap 10.000 Japon et je vous en remercie. Je vais maintenant m&rsquo;efforcer de vous satisfaire et vous envoyer votre (ou vos) carte(s) le plus rapidement possible.<\/strong><\/p>\n<p style=\"text-align: justify;\">Je vais avoir besoin de quelques informations compl\u00e9mentaires afin de pouvoir satisfaire au mieux votre commande. Merci de bien vouloir <strong>remplir int\u00e9gralement le formulaire suivant<\/strong> en y mettant (dans la partie \u00ab\u00a0votre message\u00a0\u00bb)<\/p>\n<ul style=\"list-style-type: circle;\">\n<li style=\"text-align: justify;\">vos <strong>nom et pr\u00e9nom<\/strong>,<\/li>\n<\/ul>\n<ul style=\"list-style-type: circle;\">\n<li style=\"text-align: justify;\">l&rsquo;<strong>adresse e-mail<\/strong> utilis\u00e9e pour la transaction Paypal,<\/li>\n<\/ul>\n<ul style=\"list-style-type: circle;\">\n<li style=\"text-align: justify;\">le <strong>num\u00e9ro de la transaction paypal<\/strong>,<\/li>\n<\/ul>\n<ul style=\"list-style-type: circle;\">\n<li style=\"text-align: justify;\">Veuillez indiquer l&rsquo;<strong>adresse postale compl\u00e8te<\/strong> (Nom, pr\u00e9nom, adresse, code postal et pays) pour l&rsquo;envoi de la (ou les) cartes. Pensez \u00e0 bien v\u00e9rifier que toutes les informations sont correctement entr\u00e9es afin que vous puissiez recevoir votre commande.<\/li>\n<\/ul>\n<ul style=\"list-style-type: circle;\">\n<li style=\"text-align: justify;\">pour ceux ayant pass\u00e9 une commande de 20 cartes ou plus, merci d&rsquo;<strong>indiquer les pr\u00e9fectures d\u00e9sir\u00e9es<\/strong> pour les cartes Gotochi. Si vous avez command\u00e9 moins de 20 cartes Gotochi &#8211; Cap 10.000 Japon vous n&rsquo;avez pas besoin de remplir cette partie.<\/li>\n<\/ul>\n<ul style=\"list-style-type: circle;\">\n<li style=\"text-align: justify;\">Si la (ou les) carte(s) est un cadeau, vous pouvez indiquer un message sp\u00e9cifique que vous aimeriez que j&rsquo;\u00e9crive (pas trop long afin qu&rsquo;il puisse entrer ais\u00e9ment dans la carte &#8211; limit\u00e9 \u00e0 une phrase)<\/li>\n<\/ul>\n<p>Pensez \u00e0 remplir correctement et int\u00e9gralement le formulaire. Tout formulaire rempli de mani\u00e8re incompl\u00e8te ou erron\u00e9e pourra entrainer l&rsquo;annulation de la commande.<\/p>\n<p style=\"text-align: justify;\"><strong>FORMULAIRE<\/strong><\/p>\n<p style=\"text-align: justify;\">\n<div class=\"wpcf7 no-js\" id=\"wpcf7-f11009-o1\" lang=\"fr-FR\" dir=\"ltr\" data-wpcf7-id=\"11009\">\n<div class=\"screen-reader-response\"><p role=\"status\" aria-live=\"polite\" aria-atomic=\"true\"><\/p> <ul><\/ul><\/div>\n<form action=\"\/demo\/gaijin\/wp-json\/wp\/v2\/pages\/11002#wpcf7-f11009-o1\" method=\"post\" class=\"wpcf7-form init\" aria-label=\"Formulaire de contact\" novalidate=\"novalidate\" data-status=\"init\">\n<div style=\"display: none;\">\n<input type=\"hidden\" name=\"_wpcf7\" value=\"11009\" \/>\n<input type=\"hidden\" name=\"_wpcf7_version\" value=\"6.0.4\" \/>\n<input type=\"hidden\" name=\"_wpcf7_locale\" value=\"fr_FR\" \/>\n<input type=\"hidden\" name=\"_wpcf7_unit_tag\" value=\"wpcf7-f11009-o1\" \/>\n<input type=\"hidden\" name=\"_wpcf7_container_post\" value=\"0\" \/>\n<input type=\"hidden\" name=\"_wpcf7_posted_data_hash\" value=\"\" \/>\n<\/div>\n<p>Votre nom (obligatoire)\n<\/p>\n<p><span class=\"wpcf7-form-control-wrap\" data-name=\"your-name\"><input size=\"40\" maxlength=\"400\" class=\"wpcf7-form-control wpcf7-text wpcf7-validates-as-required\" aria-required=\"true\" aria-invalid=\"false\" value=\"\" type=\"text\" name=\"your-name\" \/><\/span>\n<\/p>\n<p>Votre email (obligatoire)\n<\/p>\n<p><span class=\"wpcf7-form-control-wrap\" data-name=\"your-email\"><input size=\"40\" maxlength=\"400\" class=\"wpcf7-form-control wpcf7-email wpcf7-validates-as-required wpcf7-text wpcf7-validates-as-email\" aria-required=\"true\" aria-invalid=\"false\" value=\"\" type=\"email\" name=\"your-email\" \/><\/span>\n<\/p>\n<p>Sujet\n<\/p>\n<p><span class=\"wpcf7-form-control-wrap\" data-name=\"your-subject\"><input size=\"40\" maxlength=\"400\" class=\"wpcf7-form-control wpcf7-text\" aria-invalid=\"false\" value=\"\" type=\"text\" name=\"your-subject\" \/><\/span>\n<\/p>\n<p>Votre message\n<\/p>\n<p><span class=\"wpcf7-form-control-wrap\" data-name=\"your-message\"><textarea cols=\"40\" rows=\"10\" maxlength=\"2000\" class=\"wpcf7-form-control wpcf7-textarea\" aria-invalid=\"false\" name=\"your-message\"><\/textarea><\/span>\n<\/p>\n<p><input class=\"wpcf7-form-control wpcf7-submit has-spinner\" type=\"submit\" value=\"Envoyer\" \/>\n<\/p><div class=\"wpcf7-response-output\" aria-hidden=\"true\"><\/div>\n<\/form>\n<\/div>\n\n","protected":false},"excerpt":{"rendered":"<p>Merci de lire ceci et de compl\u00e9ter le formulaire afin de valider d\u00e9finitivement votre commande! Si vous arrivez sur cette page, c&rsquo;est que vous venez de commander des cartes Gotochi sp\u00e9ciales Cap 10.000 Japon et je vous en remercie. Je vais maintenant m&rsquo;efforcer de vous satisfaire et vous envoyer votre (ou vos) carte(s) le plus &hellip;<\/p>\n","protected":false},"author":2,"featured_media":0,"parent":0,"menu_order":0,"comment_status":"closed","ping_status":"closed","template":"","meta":{"footnotes":""},"yst_prominent_words":[],"class_list":["post-11002","page","type-page","status-publish",""],"_links":{"self":[{"href":"https:\/\/cedric-devarenne.com\/demo\/gaijin\/wp-json\/wp\/v2\/pages\/11002","targetHints":{"allow":["GET"]}}],"collection":[{"href":"https:\/\/cedric-devarenne.com\/demo\/gaijin\/wp-json\/wp\/v2\/pages"}],"about":[{"href":"https:\/\/cedric-devarenne.com\/demo\/gaijin\/wp-json\/wp\/v2\/types\/page"}],"author":[{"embeddable":true,"href":"https:\/\/cedric-devarenne.com\/demo\/gaijin\/wp-json\/wp\/v2\/users\/2"}],"replies":[{"embeddable":true,"href":"https:\/\/cedric-devarenne.com\/demo\/gaijin\/wp-json\/wp\/v2\/comments?post=11002"}],"version-history":[{"count":0,"href":"https:\/\/cedric-devarenne.com\/demo\/gaijin\/wp-json\/wp\/v2\/pages\/11002\/revisions"}],"wp:attachment":[{"href":"https:\/\/cedric-devarenne.com\/demo\/gaijin\/wp-json\/wp\/v2\/media?parent=11002"}],"wp:term":[{"taxonomy":"yst_prominent_words","embeddable":true,"href":"https:\/\/cedric-devarenne.com\/demo\/gaijin\/wp-json\/wp\/v2\/yst_prominent_words?post=11002"}],"curies":[{"name":"wp","href":"https:\/\/api.w.org\/{rel}","templated":true}]}}