{"id":12665,"date":"2017-08-30T18:16:46","date_gmt":"2017-08-30T16:16:46","guid":{"rendered":"https:\/\/cedric-devarenne.com\/demo\/gaijin\/?page_id=12665"},"modified":"2017-08-31T13:28:14","modified_gmt":"2017-08-31T11:28:14","slug":"accueil-test-2","status":"publish","type":"page","link":"https:\/\/cedric-devarenne.com\/demo\/gaijin\/accueil-test-2\/","title":{"rendered":"Accueil test 2"},"content":{"rendered":"<p>Shortcode<br \/>\n<style>\r\n.flexbox {\r\n  display: -webkit-box;\r\n  display: -ms-flexbox;\r\n  display: flex;\r\n  -ms-flex-wrap: wrap;\r\n      flex-wrap: wrap;\r\n}\r\n.fleft, .fright {\r\n  flex: 1 300px;\r\n  min-width: 0;\r\n  background: #f55;\r\n  padding: 15px 0;\r\n}\r\n.fright {\r\n  background: #57f;\r\n}\r\n.flexbreak {\r\n  width:100%;\r\n}\r\n<\/style>\r\n<h2>La revue de cet article<\/h2>\r\n<div class=\"flexbox\">\r\n\r\n<div class=\"fleft\"><span class=\"sp-fait alignleft\"><\/span>\r\n<h3>J'y suis d\u00e9j\u00e0 all\u00e9<\/h3>\r\nAu sein d\u2019une ambiance \u00e0 la fois studieuse, conviviale et dynamique, les professeurs dipl\u00f4m\u00e9s et exp\u00e9riment\u00e9s, vous enseigneront le fran\u00e7ais de fa\u00e7on optimale, gr\u00e2ce \u00e0 des salles de classes modernes, \u00e9quip\u00e9es de tableaux interactifs et des supports p\u00e9dagogiques\r\n<\/div>\r\n<div class=\"fright\"><span class=\"sp-period alignleft\"><\/span>\r\n<h3>Meilleure p\u00e9riode<\/h3>\r\n31\/082017\r\n<\/div>\r\n<span class=\"flexbreak\"><\/span>\r\n<br\/>\r\n\r\n<div class=\"fleft\"><span class=\"sp-horaire alignleft\"><\/span>\r\n<h3>Horaires<\/h3>\r\n12h a 20h\r\n<\/div>\r\n<div class=\"fright\"><span class=\"sp-fermer alignleft\"><\/span>\r\n<h3>Fermeture<\/h3>\r\nle week end\r\n<\/div>\r\n<span class=\"flexbreak\"><\/span>\r\n<br\/>\r\n\r\n<div class=\"fleft\"><span class=\"sp-fait alignleft\"><\/span>\r\n<h3>J'y suis d\u00e9j\u00e0 all\u00e9<\/h3>\r\nAu sein d\u2019une ambiance \u00e0 la fois studieuse, conviviale et dynamique, les professeurs dipl\u00f4m\u00e9s et exp\u00e9riment\u00e9s, vous enseigneront le fran\u00e7ais de fa\u00e7on optimale, gr\u00e2ce \u00e0 des salles de classes modernes, \u00e9quip\u00e9es de tableaux interactifs et des supports p\u00e9dagogiques\r\n<\/div>\r\n<div class=\"fright\"><span class=\"sp-period alignleft\"><\/span>\r\n<h3>Meilleure p\u00e9riode<\/h3>\r\n31\/082017\r\n<\/div>\r\n<span class=\"flexbreak\"><\/span>\r\n<br\/>\r\n\r\n\r\n<\/div><!--end flex-->\r\n\r\n<span class=\"sp-assur alignleft\"><\/span> hop \r\n<div class=\"sp-avion\"><\/div>  hop \r\n<div class=\"sp-bonplan\"><\/div>01\r\n<div class=\"sp-carte\"><\/div>02\r\n03<div class=\"sp-direction\"><\/div>\r\n<div class=\"sp-fait\">04<\/div>\r\n<div class=\"sp-fav\"><\/div>\r\n<div class=\"sp-fermer\"><\/div>\r\n<div class=\"sp-heberg\"><\/div>\r\n<div class=\"sp-horaire\"><\/div>\r\n<div class=\"sp-japy\"><\/div>\r\n<div class=\"sp-lien\"><\/div>\r\n<div class=\"sp-period\"><\/div>\r\n<div class=\"sp-plats\"><\/div>\r\n<div class=\"sp-rate1\"><\/div>\r\n<div class=\"sp-rate2\"><\/div>\r\n<div class=\"sp-rate3\"><\/div>\r\n<div class=\"sp-rate4\"><\/div>\r\n<div class=\"sp-rate5\"><\/div>\r\n<div class=\"sp-tarif\"><\/div>\r\n<div class=\"sp-theme\"><\/div>\r\n<div class=\"sp-transpor\"><\/div>\r\n<div class=\"sp-travaux\"><\/div>\r\n<div class=\"sp-wifi\"><\/div>\n","protected":false},"excerpt":{"rendered":"<p>Shortcode<\/p>\n","protected":false},"author":1,"featured_media":0,"parent":0,"menu_order":0,"comment_status":"closed","ping_status":"closed","template":"","meta":{"footnotes":""},"yst_prominent_words":[],"class_list":["post-12665","page","type-page","status-publish",""],"_links":{"self":[{"href":"https:\/\/cedric-devarenne.com\/demo\/gaijin\/wp-json\/wp\/v2\/pages\/12665","targetHints":{"allow":["GET"]}}],"collection":[{"href":"https:\/\/cedric-devarenne.com\/demo\/gaijin\/wp-json\/wp\/v2\/pages"}],"about":[{"href":"https:\/\/cedric-devarenne.com\/demo\/gaijin\/wp-json\/wp\/v2\/types\/page"}],"author":[{"embeddable":true,"href":"https:\/\/cedric-devarenne.com\/demo\/gaijin\/wp-json\/wp\/v2\/users\/1"}],"replies":[{"embeddable":true,"href":"https:\/\/cedric-devarenne.com\/demo\/gaijin\/wp-json\/wp\/v2\/comments?post=12665"}],"version-history":[{"count":9,"href":"https:\/\/cedric-devarenne.com\/demo\/gaijin\/wp-json\/wp\/v2\/pages\/12665\/revisions"}],"predecessor-version":[{"id":12683,"href":"https:\/\/cedric-devarenne.com\/demo\/gaijin\/wp-json\/wp\/v2\/pages\/12665\/revisions\/12683"}],"wp:attachment":[{"href":"https:\/\/cedric-devarenne.com\/demo\/gaijin\/wp-json\/wp\/v2\/media?parent=12665"}],"wp:term":[{"taxonomy":"yst_prominent_words","embeddable":true,"href":"https:\/\/cedric-devarenne.com\/demo\/gaijin\/wp-json\/wp\/v2\/yst_prominent_words?post=12665"}],"curies":[{"name":"wp","href":"https:\/\/api.w.org\/{rel}","templated":true}]}}