{"id":1317,"date":"2012-04-30T16:43:41","date_gmt":"2012-04-30T16:43:41","guid":{"rendered":"https:\/\/cedric-devarenne.com\/demo\/gaijin\/?page_id=1317"},"modified":"2012-04-30T16:43:41","modified_gmt":"2012-04-30T16:43:41","slug":"annonceur","status":"publish","type":"page","link":"https:\/\/cedric-devarenne.com\/demo\/gaijin\/annonceur\/","title":{"rendered":"Annonceurs"},"content":{"rendered":"<h1><strong>Pr\u00e9sentation du blog<\/strong><\/h1>\n<p><a href=\"https:\/\/cedric-devarenne.com\/demo\/gaijin\/\">Le blog d\u2019un Gaijin au Japon<\/a>\u00a0est un blog d\u00e9di\u00e9 \u00e0 ma d\u00e9couverte du Japon. Plus pr\u00e9cis\u00e9ment, le Japon vu au travers du regard d\u2019un \u00e9tranger n\u2019ayant aucun apriori, aucun pr\u00e9jug\u00e9 et aucunes connaissances ou passion particuli\u00e8res pour ce pays, un simple voyageur lambda en quelque sorte.<\/p>\n<p><strong><em>Ce blog est d\u00e9di\u00e9 aux personnes int\u00e9ress\u00e9es par la culture Nipponne et tout ce qui s\u2019y rapporte, mais aussi aux personnes d\u00e9sirant y voyager ou voulant des r\u00e9ponses \u00e0 leurs questions.<\/em><\/strong><\/p>\n<p style=\"text-align: center;\"><img loading=\"lazy\" decoding=\"async\" class=\"aligncenter\" title=\"Un Gaijin au Japon ascreen\" alt=\"Blog Japon d'un Gaijin ni geek ni otaku\" src=\"http:\/\/static.shotbot.net\/f\/f7\/f75d729ca15ebc35c258b5095ed80f05\/120.jpg \" width=\"120\" height=\"90\" \/><\/p>\n<h1><strong>Pourquoi le Blog Japon d\u2019un Gaijin voyageur ?<\/strong><\/h1>\n<p>Ce blog se veut diff\u00e9rent de part son approche du Japon. Les lecteurs peuvent y d\u00e9couvrir les aventures personnelles d\u2019Aala au pays du soleil levant, et partager un point de vue d\u2019un voyageur avec de l\u2019exp\u00e9rience. Ce blog c\u2019est\u00a0:<\/p>\n<ul>\n<li><strong>Un blog de qualit\u00e9<\/strong>\u00a0avec des articles proposant un contenu riche et vari\u00e9<\/li>\n<\/ul>\n<ul>\n<li><strong>Un blog \u00e0 taille humaine.<\/strong>\u00a0J\u2019en suis le seul auteur (de temps \u00e0 autres des auteurs invit\u00e9s viendront partager leurs exp\u00e9riences pour donner un angle diff\u00e9rent) et je me rends disponible pour dialoguer avec mes lecteurs (via les commentaires, les e-mails, les r\u00e9seaux sociaux \u2026)<\/li>\n<\/ul>\n<ul>\n<li><strong>Une ligne \u00e9ditoriale claire\u00a0:<\/strong>\u00a0Ici il y \u00e0 2 cat\u00e9gories qui sont la partie blog (regroupant mes r\u00e9cits et aventures) et une partie \u00ab\u00a0plus sur le Japon\u00a0\u00bb o\u00f9 je proposerais des informations compl\u00e9mentaires destin\u00e9es \u00e0 d\u00e9tailler mes d\u00e9couvertes.<\/li>\n<\/ul>\n<ul>\n<li><strong>Un projet sur le long terme.<\/strong>\u00a0Ce blog est destin\u00e9 \u00e0 vivre sur la dur\u00e9e en proposant des articles dont le contenu peut-\u00eatre exploitable sur du tr\u00e8s long terme. De plus, mon projet de voyage au Japon va s\u2019\u00e9tendre sur plusieurs ann\u00e9es, avec en point culminant un tour du Japon \u00e0 pieds en 2014.<\/li>\n<\/ul>\n<ul>\n<li><strong>Un blog avant tout.<\/strong>\u00a0Ce blog est un blog et restera un blog. Il est destin\u00e9 \u00e0 faire partager mes exp\u00e9riences personnelles, et c\u2019est la partie principale de ce site.<\/li>\n<\/ul>\n<ul>\n<li><strong>Un blog bilingue.<\/strong>\u00a0Ce blog propose un contenu en Fran\u00e7ais et en Anglais. Le contenu fran\u00e7ais est le contenu principal. Le contenu en Anglais et propos\u00e9 afin que les personnes que je rencontre au cours de mon voyage, et qui ne parlent pas fran\u00e7ais, puissent me suivre.<\/li>\n<\/ul>\n<h1><strong>Donn\u00e9es chiffr\u00e9es mensuelles d\u2019un Gaijin au Japon\u00a0:<\/strong><\/h1>\n<p><em>Les r\u00e9sultats propos\u00e9s sont affich\u00e9s pour la fin de p\u00e9riode concern\u00e9e \u00e0 l\u2019heure de Paris \u2013 France.<\/em><\/p>\n<h2><strong>Donn\u00e9es de\u00a0<span style=\"color: #000000;\"><a href=\"https:\/\/cedric-devarenne.com\/demo\/gaijin\/\"><span style=\"color: #000000;\">Blog Japon d\u2019un Gaijin ni Geek ni Otaku<\/span><\/a><\/span>\u00a0au 31 Juillet 2012 \u00e0 23H59<\/strong><\/h2>\n<ul>\n<li>Nombres d\u2019articles publi\u00e9s\u00a0: 251 articles (126 en fran\u00e7ais, 125 en anglais)<\/li>\n<\/ul>\n<ul>\n<li>Nombres de Commentaires\u00a0: 1514<\/li>\n<\/ul>\n<h3><strong>Donn\u00e9es de Pagerank.fr au 31 Juiet 2012 \u00e0 23H59<\/strong><\/h3>\n<ul>\n<li>Backlink\u00a0: 49<\/li>\n<\/ul>\n<ul>\n<li>Nombre de pages index\u00e9es\u00a0: 996<\/li>\n<\/ul>\n<ul>\n<li>Page Rank\u00a0: 3<\/li>\n<\/ul>\n<h2><strong>Donn\u00e9es de Alexa.com au 31 Juillet 2012 \u00e0 23H59<\/strong><\/h2>\n<ul>\n<li>Classement dans le monde\u00a0: 103251<\/li>\n<\/ul>\n<ul>\n<li>Classement en France\u00a0: 22780<\/li>\n<\/ul>\n<ul>\n<li>Classement au Japon\u00a0: 12900<\/li>\n<\/ul>\n<ul>\n<li>Nombre de sites pointant vers ce blog\u00a0: 258<\/li>\n<\/ul>\n<h2><strong>Donn\u00e9es de Google Analytics du 1 Juillet 2012 00H00 au 31 Juillet 2012 23H59<\/strong><\/h2>\n<ul>\n<li>Visites\u00a0: 12253<\/li>\n<\/ul>\n<ul>\n<li>Visiteurs unique\u00a0: 9267<\/li>\n<\/ul>\n<ul>\n<li>Pages\u00a0 vues\u00a0: 29814<\/li>\n<\/ul>\n<ul>\n<li>Pages vues par visite\u00a0: 2,43<\/li>\n<\/ul>\n<ul>\n<li>Dur\u00e9e moyenne de la visite\u00a0: 03 :07<\/li>\n<\/ul>\n<ul>\n<li>Taux de rebond\u00a0: 65,78%<\/li>\n<\/ul>\n<ul>\n<li>Nouvelles visites\u00a0: 71,22%<\/li>\n<\/ul>\n<ul>\n<li>Trafic de recherche\u00a0: 48,67%<\/li>\n<\/ul>\n<ul>\n<li>Sites r\u00e9f\u00e9rents\u00a0: 37,91%<\/li>\n<\/ul>\n<ul>\n<li>Acc\u00e8s directs\u00a0: 12,97%<\/li>\n<\/ul>\n<h2><strong>Donn\u00e9es des r\u00e9seaux sociaux\u00a0:<\/strong><strong>\u00a0<\/strong><\/h2>\n<p>Nombre de Fans sur la\u00a0<a href=\"https:\/\/www.facebook.com\/agaijinjapan\">Facebook Fan Page Un Gaijin au Japon\u00a0<\/a>: 2876<\/p>\n<p>Nombre de Followers sur le compte<a href=\"http:\/\/www.twitter.com\/tunimaal13\">\u00a0Twitter de Teach Me World Tour\u00a0<\/a>: 1771<\/p>\n<p>Nombre de followers en RSS Fran\u00e7ais: 57<\/p>\n<p>Nombre de followers en RSS Anglais: 2<\/p>\n<p>Nombre de followers sur Google +: 57<\/p>\n<h1><strong>Prestations propos\u00e9es<\/strong><\/h1>\n<p>Si vous avez un site sur un th\u00e8me abord\u00e9 par le blog <span style=\"color: #000000;\">(<a href=\"https:\/\/cedric-devarenne.com\/demo\/gaijin\/\"><span style=\"color: #000000;\">voyage au Japon, culture japonaise \u2026<\/span><\/a>)<\/span> ou un th\u00e8me que l\u2019audience de ce blog peut appr\u00e9cier vous \u00eates les bienvenus pour annoncer sur ce site et vous faire connaitre de mon lectorat, \u00e0 la seule et unique condition que votre offre apporte un r\u00e9el plus \u00e0 mes lecteurs et qu\u2019il s\u2019agisse d\u2019une offre de qualit\u00e9. Je ne cherche pas la quantit\u00e9 mais bel et bien la qualit\u00e9.<\/p>\n<p>Plusieurs types de collaborations peuvent ainsi \u00eatre envisag\u00e9es, je vous en propose donc une liste non-exhaustive\u00a0:<\/p>\n<p>&#8211; \u00a0Publicit\u00e9 au clic ou \u00e0 l\u2019affichage<\/p>\n<p>&#8211; \u00a0Articles sponsoris\u00e9s<\/p>\n<p>&#8211; \u00a0Boutons publicitaires<\/p>\n<p>&#8211; \u00a0Mise en avant de votre produit via ma newsletter (\u00e0 venir) et les r\u00e9seaux sociaux<\/p>\n<p>&#8211; Organisation de jeux concours<\/p>\n<p>&#8211; \u2026<\/p>\n<p>Toute proposition sera prise en compte avec soin et rigueur et ce dans les plus brefs d\u00e9lais. Je tiendrais compte de vos budgets et cahier des charges afin de r\u00e9pondre au mieux \u00e0 vos \u00e9ventuelles attentes.<\/p>\n<h1><strong>Un projet de tour du Japon \u00e0 pieds en 2014\u00a0:<\/strong><\/h1>\n<p>En 2014 (Juillet ou Octobre, date \u00e0 d\u00e9terminer) je compte me lancer dans un tour du Japon \u00e0 pieds, pour une dur\u00e9e minimale de 1 an et plus de 4000 km \u00e0 parcourir.<\/p>\n<p>Le but de ce voyage est de pouvoir d\u00e9couvrir le Japon de l\u2019int\u00e9rieur tout en prenant le temps de profiter des nombreuses richesses de ce pays.<\/p>\n<p>Si vous le d\u00e9sirez, vous pouvez soutenir ce projet en devenant un partenaire d\u2019un\u00a0<span style=\"color: #000000;\"><a href=\"https:\/\/cedric-devarenne.com\/demo\/gaijin\/\"><span style=\"color: #000000;\">Gaijin au Japon<\/span><\/a>.<\/span><\/p>\n<p>De plus, je suis \u00e0 la recherche d\u2019une cause \u00e0 soutenir pour cette aventure, afin de pouvoir faire passager un message et soutenir un projet dont je partage les valeurs. Si vous avez une cause que vous voulez faire partager, faites le moi savoir.<\/p>\n<p><strong><em>Pour de plus amples informations vous pouvez me contacter via le formulaire de contact ci-dessous\u00a0:<\/em><\/strong><\/p>\n\n<div class=\"wpcf7 no-js\" id=\"wpcf7-f5-o1\" lang=\"\" dir=\"ltr\" data-wpcf7-id=\"5\">\n<div class=\"screen-reader-response\"><p role=\"status\" aria-live=\"polite\" aria-atomic=\"true\"><\/p> <ul><\/ul><\/div>\n<form action=\"\/demo\/gaijin\/wp-json\/wp\/v2\/pages\/1317#wpcf7-f5-o1\" method=\"post\" class=\"wpcf7-form init\" aria-label=\"Formulaire de contact\" novalidate=\"novalidate\" data-status=\"init\">\n<div style=\"display: none;\">\n<input type=\"hidden\" name=\"_wpcf7\" value=\"5\" \/>\n<input type=\"hidden\" name=\"_wpcf7_version\" value=\"6.0.4\" \/>\n<input type=\"hidden\" name=\"_wpcf7_locale\" value=\"\" \/>\n<input type=\"hidden\" name=\"_wpcf7_unit_tag\" value=\"wpcf7-f5-o1\" \/>\n<input type=\"hidden\" name=\"_wpcf7_container_post\" value=\"0\" \/>\n<input type=\"hidden\" name=\"_wpcf7_posted_data_hash\" value=\"\" \/>\n<\/div>\n<p>Votre nom (obligatoire)\n<\/p>\n<p><span class=\"wpcf7-form-control-wrap\" data-name=\"your-name\"><input size=\"40\" maxlength=\"400\" class=\"wpcf7-form-control wpcf7-text wpcf7-validates-as-required\" aria-required=\"true\" aria-invalid=\"false\" value=\"\" type=\"text\" name=\"your-name\" \/><\/span>\n<\/p>\n<p>Votre email (obligatoire mais non publi\u00e9)\n<\/p>\n<p><span class=\"wpcf7-form-control-wrap\" data-name=\"your-email\"><input size=\"40\" maxlength=\"400\" class=\"wpcf7-form-control wpcf7-email wpcf7-validates-as-required wpcf7-text wpcf7-validates-as-email\" aria-required=\"true\" aria-invalid=\"false\" value=\"\" type=\"email\" name=\"your-email\" \/><\/span>\n<\/p>\n<p>Sujet\n<\/p>\n<p><span class=\"wpcf7-form-control-wrap\" data-name=\"your-subject\"><input size=\"40\" maxlength=\"400\" class=\"wpcf7-form-control wpcf7-text\" aria-invalid=\"false\" value=\"\" type=\"text\" name=\"your-subject\" \/><\/span>\n<\/p>\n<p>Votre message\n<\/p>\n<p><span class=\"wpcf7-form-control-wrap\" data-name=\"your-message\"><textarea cols=\"40\" rows=\"10\" maxlength=\"2000\" class=\"wpcf7-form-control wpcf7-textarea\" aria-invalid=\"false\" name=\"your-message\"><\/textarea><\/span>\n<\/p>\n<p><input class=\"wpcf7-form-control wpcf7-submit has-spinner\" type=\"submit\" value=\"Envoyer\" \/>\n<\/p><div class=\"wpcf7-response-output\" aria-hidden=\"true\"><\/div>\n<\/form>\n<\/div>\n\n","protected":false},"excerpt":{"rendered":"<p>Pr\u00e9sentation du blog Le blog d\u2019un Gaijin au Japon\u00a0est un blog d\u00e9di\u00e9 \u00e0 ma d\u00e9couverte du Japon. Plus pr\u00e9cis\u00e9ment, le Japon vu au travers du regard d\u2019un \u00e9tranger n\u2019ayant aucun apriori, aucun pr\u00e9jug\u00e9 et aucunes connaissances ou passion particuli\u00e8res pour ce pays, un simple voyageur lambda en quelque sorte. Ce blog est d\u00e9di\u00e9 aux personnes &hellip;<\/p>\n","protected":false},"author":2,"featured_media":0,"parent":0,"menu_order":0,"comment_status":"open","ping_status":"open","template":"","meta":{"footnotes":""},"yst_prominent_words":[],"class_list":["post-1317","page","type-page","status-publish",""],"_links":{"self":[{"href":"https:\/\/cedric-devarenne.com\/demo\/gaijin\/wp-json\/wp\/v2\/pages\/1317","targetHints":{"allow":["GET"]}}],"collection":[{"href":"https:\/\/cedric-devarenne.com\/demo\/gaijin\/wp-json\/wp\/v2\/pages"}],"about":[{"href":"https:\/\/cedric-devarenne.com\/demo\/gaijin\/wp-json\/wp\/v2\/types\/page"}],"author":[{"embeddable":true,"href":"https:\/\/cedric-devarenne.com\/demo\/gaijin\/wp-json\/wp\/v2\/users\/2"}],"replies":[{"embeddable":true,"href":"https:\/\/cedric-devarenne.com\/demo\/gaijin\/wp-json\/wp\/v2\/comments?post=1317"}],"version-history":[{"count":0,"href":"https:\/\/cedric-devarenne.com\/demo\/gaijin\/wp-json\/wp\/v2\/pages\/1317\/revisions"}],"wp:attachment":[{"href":"https:\/\/cedric-devarenne.com\/demo\/gaijin\/wp-json\/wp\/v2\/media?parent=1317"}],"wp:term":[{"taxonomy":"yst_prominent_words","embeddable":true,"href":"https:\/\/cedric-devarenne.com\/demo\/gaijin\/wp-json\/wp\/v2\/yst_prominent_words?post=1317"}],"curies":[{"name":"wp","href":"https:\/\/api.w.org\/{rel}","templated":true}]}}