{"id":1953,"date":"2013-01-22T11:14:44","date_gmt":"2013-01-22T11:14:44","guid":{"rendered":"https:\/\/cedric-devarenne.com\/demo\/gaijin\/?page_id=1953"},"modified":"2013-01-22T11:14:44","modified_gmt":"2013-01-22T11:14:44","slug":"merci-thank-you-arigatou","status":"publish","type":"page","link":"https:\/\/cedric-devarenne.com\/demo\/gaijin\/merci-thank-you-arigatou\/","title":{"rendered":"Le courrier du Gaijin &#8211; Merci"},"content":{"rendered":"<p style=\"text-align: justify;\">\u00a0Vous venez de vous enregistrer pour recevoir le Courrier du Gaijin et je vous en remercie.<\/p>\n<p style=\"text-align: justify;\">Dans ce courrier, que vous recevrez une \u00e0 deux fois par mois, vous y trouverez des informations compl\u00e9mentaires, des conseils, des bonus et bien plus encore. Ce courrier est destin\u00e9 \u00e0 vous permettre de rester en contact avec moi plus r\u00e9guli\u00e8rement et \u00e0 \u00e9changer sur des sujets qui ne sont pas toujours abord\u00e9s sur le blog.<\/p>\n<p style=\"text-align: justify;\">Merci de votre confiance et \u00e0 tr\u00e8s bient\u00f4t.<\/p>\n<p style=\"text-align: justify;\">Aala<\/p>\n<p style=\"text-align: justify;\">Un Gaijin au Japon<\/p>\n<p style=\"text-align: center;\"><span style=\"font-size: large;\"><strong>Retourner sur <a title=\"Un Gaijin au Japon\" href=\"http:\/\/www.gaijinjapan.org\">le blog Un Gaijin au Japon en cliquant ici<\/a><\/strong><\/span><\/p>\n<p><a href=\"https:\/\/cedric-devarenne.com\/demo\/gaijin\/wp-content\/uploads\/2012\/02\/gaijinjapan-logo.jpg\"><img loading=\"lazy\" decoding=\"async\" class=\"size-medium wp-image-9 aligncenter\" alt=\"Logo A Gaijin in Japan by Aala Kanzali\" src=\"https:\/\/cedric-devarenne.com\/demo\/gaijin\/wp-content\/uploads\/2012\/02\/gaijinjapan-logo-300x178.jpg\" width=\"300\" height=\"178\" \/><\/a><\/p>\n<p>&nbsp;<\/p>\n<p style=\"text-align: center;\"><strong><span style=\"font-size: xx-large;\">Merci <\/span><\/strong><\/p>\n<p>&nbsp;<\/p>\n<form action=\"https:\/\/www.paypal.com\/cgi-bin\/webscr\" method=\"post\"><input type=\"hidden\" name=\"cmd\" value=\"_s-xclick\" \/><br \/>\n<input type=\"hidden\" name=\"encrypted\" value=\"-----BEGIN PKCS7-----MIIHNwYJKoZIhvcNAQcEoIIHKDCCByQCAQExggEwMIIBLAIBADCBlDCBjjELMAkGA1UEBhMCVVMxCzAJBgNVBAgTAkNBMRYwFAYDVQQHEw1Nb3VudGFpbiBWaWV3MRQwEgYDVQQKEwtQYXlQYWwgSW5jLjETMBEGA1UECxQKbGl2ZV9jZXJ0czERMA8GA1UEAxQIbGl2ZV9hcGkxHDAaBgkqhkiG9w0BCQEWDXJlQHBheXBhbC5jb20CAQAwDQYJKoZIhvcNAQEBBQAEgYBIXCYLnN9mhk9byhU7oTa6+YJ46Acwcm\/GV5jFaBDj3hfSa+n79x06Y1Kb44K+y3GL78\/thvuLgH8aj4EuN4zWhZE5ud88VilJIxlR\/PKvw2N3X0dc+NiJk7N1YCUhsPfd6uY1liJ0bDv5VjF7+p\/oDAnIG4iOgweg8YGnx5nlxDELMAkGBSsOAwIaBQAwgbQGCSqGSIb3DQEHATAUBggqhkiG9w0DBwQIwLbusyFLowiAgZAllwNJo4ajIs8LwrYzNk6uexZHwF+KvGH3dvCQpyhZzGx1T457mJaCNROKkUF7XMh98GceLn\/pcLZ78XgOOPjjQUiuU0RNWXqeu0\/qtXCzTuPrfBmEuNisl+bUsHZ+5EaUk5Fdi+Ufhq0OrFyf9EtYtFo8o1j8XN6CcEFq5VvGwFVciFB3f5t7JDaCBgZGmIOgggOHMIIDgzCCAuygAwIBAgIBADANBgkqhkiG9w0BAQUFADCBjjELMAkGA1UEBhMCVVMxCzAJBgNVBAgTAkNBMRYwFAYDVQQHEw1Nb3VudGFpbiBWaWV3MRQwEgYDVQQKEwtQYXlQYWwgSW5jLjETMBEGA1UECxQKbGl2ZV9jZXJ0czERMA8GA1UEAxQIbGl2ZV9hcGkxHDAaBgkqhkiG9w0BCQEWDXJlQHBheXBhbC5jb20wHhcNMDQwMjEzMTAxMzE1WhcNMzUwMjEzMTAxMzE1WjCBjjELMAkGA1UEBhMCVVMxCzAJBgNVBAgTAkNBMRYwFAYDVQQHEw1Nb3VudGFpbiBWaWV3MRQwEgYDVQQKEwtQYXlQYWwgSW5jLjETMBEGA1UECxQKbGl2ZV9jZXJ0czERMA8GA1UEAxQIbGl2ZV9hcGkxHDAaBgkqhkiG9w0BCQEWDXJlQHBheXBhbC5jb20wgZ8wDQYJKoZIhvcNAQEBBQADgY0AMIGJAoGBAMFHTt38RMxLXJyO2SmS+Ndl72T7oKJ4u4uw+6awntALWh03PewmIJuzbALScsTS4sZoS1fKciBGoh11gIfHzylvkdNe\/hJl66\/RGqrj5rFb08sAABNTzDTiqqNpJeBsYs\/c2aiGozptX2RlnBktH+SUNpAajW724Nv2Wvhif6sFAgMBAAGjge4wgeswHQYDVR0OBBYEFJaffLvGbxe9WT9S1wob7BDWZJRrMIG7BgNVHSMEgbMwgbCAFJaffLvGbxe9WT9S1wob7BDWZJRroYGUpIGRMIGOMQswCQYDVQQGEwJVUzELMAkGA1UECBMCQ0ExFjAUBgNVBAcTDU1vdW50YWluIFZpZXcxFDASBgNVBAoTC1BheVBhbCBJbmMuMRMwEQYDVQQLFApsaXZlX2NlcnRzMREwDwYDVQQDFAhsaXZlX2FwaTEcMBoGCSqGSIb3DQEJARYNcmVAcGF5cGFsLmNvbYIBADAMBgNVHRMEBTADAQH\/MA0GCSqGSIb3DQEBBQUAA4GBAIFfOlaagFrl71+jq6OKidbWFSE+Q4FqROvdgIONth+8kSK\/\/Y\/4ihuE4Ymvzn5ceE3S\/iBSQQMjyvb+s2TWbQYDwcp129OPIbD9epdr4tJOUNiSojw7BHwYRiPh58S1xGlFgHFXwrEBb3dgNbMUa+u4qectsMAXpVHnD9wIyfmHMYIBmjCCAZYCAQEwgZQwgY4xCzAJBgNVBAYTAlVTMQswCQYDVQQIEwJDQTEWMBQGA1UEBxMNTW91bnRhaW4gVmlldzEUMBIGA1UEChMLUGF5UGFsIEluYy4xEzARBgNVBAsUCmxpdmVfY2VydHMxETAPBgNVBAMUCGxpdmVfYXBpMRwwGgYJKoZIhvcNAQkBFg1yZUBwYXlwYWwuY29tAgEAMAkGBSsOAwIaBQCgXTAYBgkqhkiG9w0BCQMxCwYJKoZIhvcNAQcBMBwGCSqGSIb3DQEJBTEPFw0xMzAxMjIxMTM3NTRaMCMGCSqGSIb3DQEJBDEWBBTUCM6FOQzfU9ADz4MBjF8QWeEP2jANBgkqhkiG9w0BAQEFAASBgF09gWj65fdk3GlA5UO6r1xcaneZex4xHUl5vzj+F07C8CUoYuC3XENTzW0CUhwP6Sm2pX6kLzK7PUY7hFk+2pLwN+zCPpVtplXzYz6y9jum9\/7Kj2WGTW3m9E8Wt9Zcw7FZrahi5TisKd5cpQ\/8p8gOiRcVKJXn5xVJwYJbYam6-----END PKCS7----- \" \/><\/p>\n<p><img loading=\"lazy\" decoding=\"async\" alt=\"\" src=\"https:\/\/www.paypalobjects.com\/fr_FR\/i\/scr\/pixel.gif\" width=\"1\" height=\"1\" border=\"0\" \/><\/form>\n","protected":false},"excerpt":{"rendered":"<p>\u00a0Vous venez de vous enregistrer pour recevoir le Courrier du Gaijin et je vous en remercie. Dans ce courrier, que vous recevrez une \u00e0 deux fois par mois, vous y trouverez des informations compl\u00e9mentaires, des conseils, des bonus et bien plus encore. Ce courrier est destin\u00e9 \u00e0 vous permettre de rester en contact avec moi &hellip;<\/p>\n","protected":false},"author":2,"featured_media":0,"parent":0,"menu_order":0,"comment_status":"open","ping_status":"open","template":"","meta":{"footnotes":""},"yst_prominent_words":[],"class_list":["post-1953","page","type-page","status-publish",""],"_links":{"self":[{"href":"https:\/\/cedric-devarenne.com\/demo\/gaijin\/wp-json\/wp\/v2\/pages\/1953","targetHints":{"allow":["GET"]}}],"collection":[{"href":"https:\/\/cedric-devarenne.com\/demo\/gaijin\/wp-json\/wp\/v2\/pages"}],"about":[{"href":"https:\/\/cedric-devarenne.com\/demo\/gaijin\/wp-json\/wp\/v2\/types\/page"}],"author":[{"embeddable":true,"href":"https:\/\/cedric-devarenne.com\/demo\/gaijin\/wp-json\/wp\/v2\/users\/2"}],"replies":[{"embeddable":true,"href":"https:\/\/cedric-devarenne.com\/demo\/gaijin\/wp-json\/wp\/v2\/comments?post=1953"}],"version-history":[{"count":0,"href":"https:\/\/cedric-devarenne.com\/demo\/gaijin\/wp-json\/wp\/v2\/pages\/1953\/revisions"}],"wp:attachment":[{"href":"https:\/\/cedric-devarenne.com\/demo\/gaijin\/wp-json\/wp\/v2\/media?parent=1953"}],"wp:term":[{"taxonomy":"yst_prominent_words","embeddable":true,"href":"https:\/\/cedric-devarenne.com\/demo\/gaijin\/wp-json\/wp\/v2\/yst_prominent_words?post=1953"}],"curies":[{"name":"wp","href":"https:\/\/api.w.org\/{rel}","templated":true}]}}