{"id":2881,"date":"2013-09-19T11:16:12","date_gmt":"2013-09-19T11:16:12","guid":{"rendered":"https:\/\/cedric-devarenne.com\/demo\/gaijin\/?page_id=2881"},"modified":"2013-09-19T11:16:12","modified_gmt":"2013-09-19T11:16:12","slug":"billets-davions-japon","status":"publish","type":"page","link":"https:\/\/cedric-devarenne.com\/demo\/gaijin\/billets-davions-japon\/","title":{"rendered":"Billets d&rsquo;avions Japon"},"content":{"rendered":"<p style=\"text-align: justify;\"><b>Je vous ai pr\u00e9sent\u00e9 toute une s\u00e9rie de d\u2019<a title=\"Acheter un billet d\u2019avion pour un voyage au Japon\" href=\"\/?page_id=1651\" target=\"_blank\">astuces pour acheter le billet d\u2019avion<\/a> qui vous convient le mieux, dans le but de vous aider \u00e0 vous y retrouver dans la jungle des offres qui vous sont propos\u00e9es, que vous vouliez un billet en premi\u00e8re classe ou un <\/b><a href=\"http:\/\/www.momondo.fr\/\" target=\"_blank\"><b>vol pas cher<\/b><\/a><b>.<\/b><\/p>\n<p style=\"text-align: justify;\">Ici, je vais vous proposer des sites Internet avec lesquels vous allez pouvoir tr\u00e8s facilement trouver des billets d&rsquo;avions qui vont vous convenir au mieux. Le but \u00e9tant bien s\u00fbr de vous faciliter au maximum vos recherches et de vous permettre de trouver ce dont vous avez besoins en quelques clics seulement. Alors voici ma s\u00e9lection:<\/p>\n<p style=\"text-align: justify;\"><a href=\"http:\/\/tracking.publicidees.com\/clic.php?promoid=11185&amp;progid=515&amp;partid=38774\" target=\"_blank\">GoVoyages (FR)<\/a><img loading=\"lazy\" decoding=\"async\" src=\"http:\/\/tracking.publicidees.com\/link.php?promoid=11185&amp;progid=515&amp;partid=38774\" alt=\"\" width=\"1\" height=\"1\" \/><\/p>\n<p style=\"text-align: justify;\"><a href=\"http:\/\/tracking.publicidees.com\/clic.php?promoid=45592&amp;progid=1811&amp;partid=38774\" target=\"_blank\">eDreams FR<\/a><img loading=\"lazy\" decoding=\"async\" src=\"http:\/\/tracking.publicidees.com\/link.php?promoid=45592&amp;progid=1811&amp;partid=38774\" alt=\"\" width=\"1\" height=\"1\" \/><\/p>\n<p style=\"text-align: justify;\"><a href=\"http:\/\/tracking.publicidees.com\/clic.php?promoid=80773&amp;progid=2936&amp;partid=38774\" target=\"_blank\">Ebookers FR<\/a><img loading=\"lazy\" decoding=\"async\" src=\"http:\/\/tracking.publicidees.com\/link.php?promoid=80773&amp;progid=2936&amp;partid=38774\" alt=\"\" width=\"1\" height=\"1\" \/><\/p>\n<p style=\"text-align: justify;\"><a href=\"http:\/\/tracking.publicidees.com\/clic.php?promoid=77512&amp;progid=2695&amp;partid=38774\" target=\"_blank\">BudgetAir FR<\/a><img loading=\"lazy\" decoding=\"async\" src=\"http:\/\/tracking.publicidees.com\/link.php?promoid=77512&amp;progid=2695&amp;partid=38774\" alt=\"\" width=\"1\" height=\"1\" \/><\/p>\n<p style=\"text-align: justify;\"><a href=\"http:\/\/tracking.publicidees.com\/clic.php?promoid=7835&amp;progid=436&amp;partid=38774\" target=\"_blank\">Bravofly<\/a><img loading=\"lazy\" decoding=\"async\" src=\"http:\/\/tracking.publicidees.com\/link.php?promoid=7835&amp;progid=436&amp;partid=38774\" alt=\"\" width=\"1\" height=\"1\" \/><\/p>\n<p style=\"text-align: justify;\"><a href=\"http:\/\/tracking.publicidees.com\/clic.php?promoid=63541&amp;progid=2230&amp;partid=38774\" target=\"_blank\">HAVAS VOYAGES<\/a><img loading=\"lazy\" decoding=\"async\" src=\"http:\/\/tracking.publicidees.com\/link.php?promoid=63541&amp;progid=2230&amp;partid=38774\" alt=\"\" width=\"1\" height=\"1\" \/><\/p>\n<p style=\"text-align: justify;\"><a href=\"http:\/\/tracking.publicidees.com\/clic.php?promoid=82596&amp;progid=3081&amp;partid=38774\" target=\"_blank\">Tripsta FR<\/a><img loading=\"lazy\" decoding=\"async\" src=\"http:\/\/tracking.publicidees.com\/link.php?promoid=82596&amp;progid=3081&amp;partid=38774\" alt=\"\" width=\"1\" height=\"1\" \/><\/p>\n<p style=\"text-align: justify;\">Apr\u00e8s avoir achet\u00e9 votre billet d&rsquo;avion, je vous recommande vivement d&rsquo;utiliser <a href=\"http:\/\/fr.igraal.com\/#parrain=tunimaal\" target=\"_blank\">le site Igraal<\/a> qui peut vous offrir du Cash Back sur votre billet, selon la compagnie ou le site Internet utilis\u00e9, et ce gratuitement.<\/p>\n<p style=\"text-align: justify;\">Pour ma part, en utilisant les sites que je vous donne au-dessus, j&rsquo;arrive \u00e0 trouver des billets d&rsquo;avions vraiment abordables, \u00e0 des tarifs en dessous de 700 ou 600 euros, pour un Aller-Retour Paris &#8211; Tokyo. En cherchant bien, vous pourrez facilement trouver ce que vous recherchez et vous faire plaisir au meilleur prix, en faisant de belles \u00e9conomies, sans trop vous priver.<\/p>\n","protected":false},"excerpt":{"rendered":"<p>Je vous ai pr\u00e9sent\u00e9 toute une s\u00e9rie de d\u2019astuces pour acheter le billet d\u2019avion qui vous convient le mieux, dans le but de vous aider \u00e0 vous y retrouver dans la jungle des offres qui vous sont propos\u00e9es, que vous vouliez un billet en premi\u00e8re classe ou un vol pas cher. Ici, je vais vous &hellip;<\/p>\n","protected":false},"author":2,"featured_media":0,"parent":0,"menu_order":0,"comment_status":"open","ping_status":"open","template":"","meta":{"footnotes":""},"yst_prominent_words":[],"class_list":["post-2881","page","type-page","status-publish",""],"_links":{"self":[{"href":"https:\/\/cedric-devarenne.com\/demo\/gaijin\/wp-json\/wp\/v2\/pages\/2881","targetHints":{"allow":["GET"]}}],"collection":[{"href":"https:\/\/cedric-devarenne.com\/demo\/gaijin\/wp-json\/wp\/v2\/pages"}],"about":[{"href":"https:\/\/cedric-devarenne.com\/demo\/gaijin\/wp-json\/wp\/v2\/types\/page"}],"author":[{"embeddable":true,"href":"https:\/\/cedric-devarenne.com\/demo\/gaijin\/wp-json\/wp\/v2\/users\/2"}],"replies":[{"embeddable":true,"href":"https:\/\/cedric-devarenne.com\/demo\/gaijin\/wp-json\/wp\/v2\/comments?post=2881"}],"version-history":[{"count":0,"href":"https:\/\/cedric-devarenne.com\/demo\/gaijin\/wp-json\/wp\/v2\/pages\/2881\/revisions"}],"wp:attachment":[{"href":"https:\/\/cedric-devarenne.com\/demo\/gaijin\/wp-json\/wp\/v2\/media?parent=2881"}],"wp:term":[{"taxonomy":"yst_prominent_words","embeddable":true,"href":"https:\/\/cedric-devarenne.com\/demo\/gaijin\/wp-json\/wp\/v2\/yst_prominent_words?post=2881"}],"curies":[{"name":"wp","href":"https:\/\/api.w.org\/{rel}","templated":true}]}}