{"id":3484,"date":"2013-12-01T10:53:38","date_gmt":"2013-12-01T10:53:38","guid":{"rendered":"https:\/\/cedric-devarenne.com\/demo\/gaijin\/?page_id=3484"},"modified":"2013-12-01T10:53:38","modified_gmt":"2013-12-01T10:53:38","slug":"contact-2","status":"publish","type":"page","link":"https:\/\/cedric-devarenne.com\/demo\/gaijin\/contact-2\/","title":{"rendered":"Contact"},"content":{"rendered":"<p style=\"text-align: justify;\">Si vous voulez entrer en contact avec moi, dialoguer, poser des questions, me demander un renseignement, faire des propositions ou tout autre chose, c&rsquo;est par ici que \u00e7a se passe, et vous avez le choix:<\/p>\n<p style=\"text-align: justify;\">\n<p style=\"text-align: justify;\">&#8211; en utilisant le <a title=\"Formulaire de contact\" href=\"\/?page_id=82\" target=\"_blank\">formulaire de contact<\/a><\/p>\n<p style=\"text-align: justify;\">&#8211; ou en passant par les <a title=\"R\u00e9seaux sociaux\" href=\"\/?page_id=55\" target=\"_blank\">r\u00e9seaux sociaux<\/a> o\u00f9 je suis pr\u00e9sent.<\/p>\n<p style=\"text-align: justify;\">\n<p style=\"text-align: justify;\">Si vous \u00eates un professionnel et que vous voudriez me soumettre une demande de partenariat ou que vous voulez annoncer sur mon blog, vous pouvez consulter ces pages:<\/p>\n<p style=\"text-align: justify;\">\n<p style=\"text-align: justify;\">&#8211; Page d\u00e9di\u00e9e aux <a title=\"Annonceurs\" href=\"\/?page_id=1317\" target=\"_blank\">annonceurs<\/a><\/p>\n<p style=\"text-align: justify;\">&#8211; Page d\u00e9di\u00e9e aux <a title=\"partenaires\" href=\"\/?page_id=30\" target=\"_blank\">partenaires<\/a><\/p>\n<p style=\"text-align: justify;\">&#8211; Informations et statistiques sur le Blog d&rsquo;un Gaijin au Japon<\/p>\n<p style=\"text-align: justify;\">\n<p style=\"text-align: justify;\"><a href=\"https:\/\/cedric-devarenne.com\/demo\/gaijin\/wp-content\/uploads\/2012\/02\/gaijinjapan-logo.jpg\"><img loading=\"lazy\" decoding=\"async\" class=\"aligncenter size-full wp-image-9\" alt=\"A Gaijin in Japan LOGO FULL SIZE - Un Gaijin au Japon\" src=\"https:\/\/cedric-devarenne.com\/demo\/gaijin\/wp-content\/uploads\/2012\/02\/gaijinjapan-logo.jpg\" width=\"560\" height=\"334\" \/><\/a><\/p>\n","protected":false},"excerpt":{"rendered":"<p>Si vous voulez entrer en contact avec moi, dialoguer, poser des questions, me demander un renseignement, faire des propositions ou tout autre chose, c&rsquo;est par ici que \u00e7a se passe, et vous avez le choix: &#8211; en utilisant le formulaire de contact &#8211; ou en passant par les r\u00e9seaux sociaux o\u00f9 je suis pr\u00e9sent. Si &hellip;<\/p>\n","protected":false},"author":2,"featured_media":0,"parent":0,"menu_order":0,"comment_status":"open","ping_status":"open","template":"","meta":{"footnotes":""},"yst_prominent_words":[],"class_list":["post-3484","page","type-page","status-publish",""],"_links":{"self":[{"href":"https:\/\/cedric-devarenne.com\/demo\/gaijin\/wp-json\/wp\/v2\/pages\/3484","targetHints":{"allow":["GET"]}}],"collection":[{"href":"https:\/\/cedric-devarenne.com\/demo\/gaijin\/wp-json\/wp\/v2\/pages"}],"about":[{"href":"https:\/\/cedric-devarenne.com\/demo\/gaijin\/wp-json\/wp\/v2\/types\/page"}],"author":[{"embeddable":true,"href":"https:\/\/cedric-devarenne.com\/demo\/gaijin\/wp-json\/wp\/v2\/users\/2"}],"replies":[{"embeddable":true,"href":"https:\/\/cedric-devarenne.com\/demo\/gaijin\/wp-json\/wp\/v2\/comments?post=3484"}],"version-history":[{"count":0,"href":"https:\/\/cedric-devarenne.com\/demo\/gaijin\/wp-json\/wp\/v2\/pages\/3484\/revisions"}],"wp:attachment":[{"href":"https:\/\/cedric-devarenne.com\/demo\/gaijin\/wp-json\/wp\/v2\/media?parent=3484"}],"wp:term":[{"taxonomy":"yst_prominent_words","embeddable":true,"href":"https:\/\/cedric-devarenne.com\/demo\/gaijin\/wp-json\/wp\/v2\/yst_prominent_words?post=3484"}],"curies":[{"name":"wp","href":"https:\/\/api.w.org\/{rel}","templated":true}]}}