{"id":4039,"date":"2014-02-09T14:58:22","date_gmt":"2014-02-09T14:58:22","guid":{"rendered":"https:\/\/cedric-devarenne.com\/demo\/gaijin\/?page_id=4039"},"modified":"2014-02-09T14:58:22","modified_gmt":"2014-02-09T14:58:22","slug":"acheter-un-billet-davion-les-criteres-a-prendre-en-compte","status":"publish","type":"page","link":"https:\/\/cedric-devarenne.com\/demo\/gaijin\/acheter-un-billet-davion-les-criteres-a-prendre-en-compte\/","title":{"rendered":"Acheter un billet d\u2019avion : les crit\u00e8res \u00e0 prendre en compte"},"content":{"rendered":"<p style=\"text-align: justify;\"><b>Avant m\u00eame de commencer \u00e0 chercher votre billet d\u2019avion, ce que beaucoup font, je vous propose de r\u00e9fl\u00e9chir pr\u00e9cis\u00e9ment \u00e0 certains \u00e9l\u00e9ments cl\u00e9s, qui d\u00e9termineront les meilleurs billets d\u2019avions pour vous.<\/b><\/p>\n<p style=\"text-align: justify;\">Il existe quelques cat\u00e9gories d\u2019\u00e9l\u00e9ments qui vont d\u00e9terminer le billet d\u2019avion dont vous aller avoir besoin et je les listes ci-dessous\u00a0:<\/p>\n<p style=\"text-align: justify;\">&#8211;\u00a0 <b>Votre budget\u00a0:<\/b> souvent l\u2019\u00e9l\u00e9ment cl\u00e9 de d\u00e9cision. C\u2019est celui qui orientera certainement votre choix final.<\/p>\n<p style=\"text-align: justify;\">&#8211; <b>La dur\u00e9e de vos vacances\u00a0:<\/b> un facteur essentiel, lui aussi. En effet, si vous avez une semaine de vacances vous ne partirez pas au m\u00eame endroit que si vous b\u00e9n\u00e9ficiez d\u2019un mois de cong\u00e9s.<\/p>\n<p style=\"text-align: justify;\">&#8211; <b>La p\u00e9riode de vos vacances\u00a0:<\/b> autre facteur primordial. La destination de votre s\u00e9jour va irr\u00e9m\u00e9diablement varier selon la p\u00e9riode de l\u2019ann\u00e9e et le pays o\u00f9 vous voulez vous rendre. M\u00eame au Japon, selon la p\u00e9riode de l\u2019ann\u00e9e, vous aurez envie de privil\u00e9gier une r\u00e9gion \u00e0 une autre. D\u2019ailleurs je vous invite \u00e0 lire mon article \u00ab\u00a0<a title=\"A quelle saison faut-il faire un voyage au Japon ?\" href=\"\/?p=3794\" target=\"_blank\">A quelle saison voyager au Japon<\/a>\u00a0\u00bb pour vous en rendre compte.<\/p>\n<p style=\"text-align: justify;\">&#8211; <b>Vous voyagez seul ou accompagn\u00e9\u00a0:<\/b> l\u00e0 aussi, que vous partiez seul ou accompagn\u00e9, votre voyage ne sera pas le m\u00eame. Votre billet d\u2019avion non plus. Vous ne prendrez pas le m\u00eame vol avec des enfants ou avec un ami. Vous serez plus enclin \u00e0 faire une longue escale si vous voyagez seul que si vous \u00eates accompagn\u00e9s, par exemple.<\/p>\n<p style=\"text-align: justify;\">&#8211; <b>Le but de votre voyage\u00a0:<\/b> facteur essentiel \u00e0 mes yeux. Si vous partez pour des vacances, des visites, des d\u00e9couvertes, pour des \u00e9v\u00e8nements, \u2026 l\u00e0 aussi vous n\u2019aurez pas besoin du m\u00eame billet d\u2019avion. Si vous voulez voir les Sakura en Mars\/Avril au Japon, vous ne prendrez pas un billet d\u2019avion pour Tokyo en janvier parce qu\u2019il est moins cher (je pousse l\u2019exemple \u00e0 l\u2019extr\u00eame, mais certains sites ou blogs conseils presque cela).<\/p>\n<p style=\"text-align: justify;\">Je viens de lister ici les \u00e9l\u00e9ments primordiaux. Cette liste n\u2019est pas exhaustive et vous pourriez facilement en rajouter d\u2019autres. De par mon exp\u00e9rience, c\u2019est ceux qui reviennent le plus souvent au moment de la d\u00e9cision.<\/p>\n<p style=\"text-align: justify;\">Maintenant que vous avez d\u00e9finis ces crit\u00e8res, votre but sera de les prioriser. Vous devez d\u00e9finir lesquels sont plus importants que lesquels. Et enfin, vous devrez, au moment de votre choix final, d\u00e9finir le compromis id\u00e9al qui vous permettra d\u2019acheter le billet d\u2019avion qui vous convient le mieux, celui qui correspond \u00e0 l\u2019ensemble de ces crit\u00e8res et leur importance pour vous.<\/p>\n<h2 style=\"text-align: justify;\"><b>Billet d\u2019avions\u00a0: les crit\u00e8res de prix<\/b><\/h2>\n<p style=\"text-align: justify;\">Maintenant, je vous propose de jeter, rapidement, un \u0153il \u00e0 quelques crit\u00e8res qui d\u00e9finissent les prix d\u2019un billet d\u2019avions. Un billet d\u2019avion \u00e0 un prix qui est d\u00e9finis sur de tr\u00e8s nombreux crit\u00e8res, avec pour but final de rendre le vol rentable (le plus possible) pour la compagnie a\u00e9rienne (ce qui est en soit normal lorsque l\u2019on fait du business). Voici quelques uns de ces crit\u00e8res\u00a0:<\/p>\n<p style=\"text-align: justify;\">&#8211; <b>La compagnie a\u00e9rienne\u00a0:<\/b> si vous voyagez avec A\u00e9roflot ou avec Air France vous ne payerez pas du tout le m\u00eame prix et ne b\u00e9n\u00e9ficierez pas du m\u00eame service. D\u2019ailleurs, lorsque vous savez o\u00f9 vous voulez aller, il est conseiller de regarder toutes les compagnies a\u00e9riennes qui desservent l\u2019a\u00e9roport de votre destination, pour vous aider dans votre choix.<\/p>\n<p style=\"text-align: justify;\">&#8211; <b>La p\u00e9riode de l\u2019ann\u00e9e\u00a0:<\/b> si vous voyagez en p\u00e9riode creuse vous payerez bien moins cher qu\u2019en p\u00e9riode pleine.<\/p>\n<p style=\"text-align: justify;\">&#8211; <b>Le pays\u00a0:<\/b> un vol vers le Canada ou le Japon aura plus de chances de vous co\u00fbter plus cher qu\u2019un vol vers les Etats-Unis, du fait des diff\u00e9rences de taxes d\u2019a\u00e9roports et d\u2019autres \u00e9l\u00e9ments conjoncturels.<\/p>\n<p style=\"text-align: justify;\">&#8211; <b>La ville\u00a0:<\/b> si vous vous rendez \u00e0 Tokyo ou bien \u00e0 Fukuoka (je prends l\u2019exemple du Japon) vous ne payerez pas du tout le m\u00eame prix car les villes ne sont pas desservies de la m\u00eame mani\u00e8re par les compagnies a\u00e9riennes.<\/p>\n<p style=\"text-align: justify;\">&#8211; <b>L\u2019a\u00e9roport de d\u00e9part et celui d\u2019arriv\u00e9e\u00a0:<\/b> m\u00eame remarque que pour les villes. Dans certaines villes vous avez plusieurs a\u00e9roports, et les tarifs ne seront pas les m\u00eames, selon les charges que facturent ces a\u00e9roports aux compagnies a\u00e9riennes.<\/p>\n<p style=\"text-align: justify;\">&#8211; <b>Vol avec escales ou direct\u00a0:<\/b> un crit\u00e8re qui va ind\u00e9niablement changer votre prix, parfois du simple au double. Vous payerez plus cher un billet direct qu\u2019un vol avec escales.<\/p>\n<p style=\"text-align: justify;\">&#8211; <b>Les \u00e9ventuelles promotions\u00a0:<\/b> ce que beaucoup de personnes cherchent et qui peu faire \u00e9conomiser jusqu\u2019\u00e0 quelques centaines d\u2019euros selon les vols.<\/p>\n<p style=\"text-align: justify;\">&#8211; <b>Le moment d\u2019achat du billet d\u2019avion\u00a0:<\/b> si vous achetez votre billet au moment du d\u00e9but des ventes ou \u00e0 la derni\u00e8re minute, les tarifs ne seront pas les m\u00eames et d\u00e9pendront du taux de remplissage, de la rentabilit\u00e9 du vol et de la strat\u00e9gie de la compagnie a\u00e9rienne.<\/p>\n<p style=\"text-align: justify;\">&#8211; <b>Le taux de remplissage de l\u2019avion\u00a0:<\/b> un avion vide \u00e0 la derni\u00e8re minute pourrait vous permettre d\u2019avoir des billets \u00e0 prix int\u00e9ressants alors qu\u2019un vol presque plein vous garantira des tarifs \u00e9lev\u00e9s. On appelle cela la loi de l\u2019offre et la demande.<\/p>\n<p style=\"text-align: justify;\">&#8211; <b>Les \u00e9ventuelles assurances optionnelles (bagages, \u2026)\u00a0:<\/b> il va de soit que plus vous ajoutez d\u2019assurances et plus votre billet sera cher, mais plus vous serez mieux couvert<\/p>\n<p style=\"text-align: justify;\">&#8211; <b>Les services annexes (selon les compagnies)\u00a0:<\/b> voyager en low cost sera attractif financi\u00e8rement, mais votre billet d\u2019avion verra son prix augmenter au fur et \u00e0 mesure que vous prendre des services annexes (repas, boissons, \u2026.)<\/p>\n<p style=\"text-align: justify;\">&#8211; <b>La classe (\u00e9conomique, affaire, premi\u00e8re, \u2026)\u00a0:<\/b> les tarifs et les services ne sont pas du tout les m\u00eames selon les classes. A vous de voir ce dont vous avez besoin.<\/p>\n<p style=\"text-align: justify;\">&#8211; <b>L\u2019appareil et son anciennet\u00e9\u00a0:<\/b> plus l\u2019appareil est ancien et plus son prix d\u2019acquisition a \u00e9t\u00e9 amortis par la compagnie a\u00e9rienne. Ce qui veut dire que cela peut impacter sur le prix du billet d\u2019avion. A l\u2019oppos\u00e9, un vol sur un avion tout neuf, en th\u00e9orie, vous reviendra plus cher, mais les conditions de vols ne seront pas les m\u00eames.<\/p>\n<p style=\"text-align: justify;\">Au final, le seul \u00e9l\u00e9ment que vous ne pouvez pas mesurer et qui pourra impacter votre voyage reste les retards \u00e9ventuels sur les vols, m\u00eame <a href=\"http:\/\/www.flightright.fr\/\" target=\"_blank\">ce site<\/a>, parmi tant d&rsquo;autres, commence \u00e0 proposer des solutions aux voyageurs.<\/p>\n<p style=\"text-align: justify;\"><strong>Voici donc une liste, non exhaustive, des \u00e9l\u00e9ments qui vont d\u00e9terminer le prix de votre billet d\u2019avion. En consultant certains d\u2019entre eux, vous pouvez d\u00e9j\u00e0 vous rendre compte qu\u2019il est possible de jouer sur le prix de votre billet d\u2019avion en choisissant bien vos crit\u00e8res de s\u00e9lection pour votre vol.<\/strong><\/p>\n","protected":false},"excerpt":{"rendered":"<p>Avant m\u00eame de commencer \u00e0 chercher votre billet d\u2019avion, ce que beaucoup font, je vous propose de r\u00e9fl\u00e9chir pr\u00e9cis\u00e9ment \u00e0 certains \u00e9l\u00e9ments cl\u00e9s, qui d\u00e9termineront les meilleurs billets d\u2019avions pour vous. Il existe quelques cat\u00e9gories d\u2019\u00e9l\u00e9ments qui vont d\u00e9terminer le billet d\u2019avion dont vous aller avoir besoin et je les listes ci-dessous\u00a0: &#8211;\u00a0 Votre budget\u00a0: &hellip;<\/p>\n","protected":false},"author":2,"featured_media":0,"parent":0,"menu_order":0,"comment_status":"open","ping_status":"open","template":"","meta":{"footnotes":""},"yst_prominent_words":[],"class_list":["post-4039","page","type-page","status-publish",""],"_links":{"self":[{"href":"https:\/\/cedric-devarenne.com\/demo\/gaijin\/wp-json\/wp\/v2\/pages\/4039","targetHints":{"allow":["GET"]}}],"collection":[{"href":"https:\/\/cedric-devarenne.com\/demo\/gaijin\/wp-json\/wp\/v2\/pages"}],"about":[{"href":"https:\/\/cedric-devarenne.com\/demo\/gaijin\/wp-json\/wp\/v2\/types\/page"}],"author":[{"embeddable":true,"href":"https:\/\/cedric-devarenne.com\/demo\/gaijin\/wp-json\/wp\/v2\/users\/2"}],"replies":[{"embeddable":true,"href":"https:\/\/cedric-devarenne.com\/demo\/gaijin\/wp-json\/wp\/v2\/comments?post=4039"}],"version-history":[{"count":0,"href":"https:\/\/cedric-devarenne.com\/demo\/gaijin\/wp-json\/wp\/v2\/pages\/4039\/revisions"}],"wp:attachment":[{"href":"https:\/\/cedric-devarenne.com\/demo\/gaijin\/wp-json\/wp\/v2\/media?parent=4039"}],"wp:term":[{"taxonomy":"yst_prominent_words","embeddable":true,"href":"https:\/\/cedric-devarenne.com\/demo\/gaijin\/wp-json\/wp\/v2\/yst_prominent_words?post=4039"}],"curies":[{"name":"wp","href":"https:\/\/api.w.org\/{rel}","templated":true}]}}