{"id":4042,"date":"2014-02-09T15:03:50","date_gmt":"2014-02-09T15:03:50","guid":{"rendered":"https:\/\/cedric-devarenne.com\/demo\/gaijin\/?page_id=4042"},"modified":"2014-02-09T15:03:50","modified_gmt":"2014-02-09T15:03:50","slug":"acheter-son-billet-davion-les-conseils","status":"publish","type":"page","link":"https:\/\/cedric-devarenne.com\/demo\/gaijin\/acheter-son-billet-davion-les-conseils\/","title":{"rendered":"Acheter son billet d\u2019avion : les conseils"},"content":{"rendered":"<p style=\"text-align: justify;\"><b>Passons maintenant \u00e0 une s\u00e9rie de conseils destin\u00e9s \u00e0 vous aider \u00e0 faire le meilleur choix de billets d\u2019avion, celui qui vous conviendra le mieux\u00a0:<\/b><\/p>\n<p style=\"text-align: justify;\">&#8211; <b>Achat en agence ou achat sur Internet\u00a0?<\/b> Les frais de commissions et de dossiers sont souvent moins \u00e9lev\u00e9s sur Internet. De plus sur le net vous avez la possibilit\u00e9 de faire les recherches par vous-m\u00eame, ce qui n\u2019est pas possible avec une agence de voyage. L\u2019avantage de l\u2019agence de voyage est que vous aurez un interlocuteur, professionnel, qui connait sont m\u00e9tier et qui vous aidera \u00e0 penser \u00e0 beaucoup d\u2019\u00e9l\u00e9ments que vous aurez certainement oubli\u00e9s (choix de la place, repas, \u2026) et qui pourra aussi vous aider en cas de soucis. <a title=\"Expedia\" href=\"http:\/\/www.expedia.fr\/voyages-pas-cher\" target=\"_blank\">Ici<\/a>, par exemple, vous trouverez des vols \u00e0 prix raisonnables.<\/p>\n<p style=\"text-align: justify;\">&#8211; <b>Flexible ou non\u00a0?<\/b> Telle est la question. Si vous en avez la possibilit\u00e9, la flexibilit\u00e9 pourra vous offrir certaines opportunit\u00e9s, notamment en termes d\u2019\u00e9conomies financi\u00e8res, sur l\u2019achat de votre billet d\u2019avion.\u00a0 Si vous ne l\u2019\u00eates pas, faites avec, ce n\u2019est pas un drame. Vous devez profiter de votre voyage, c\u2019est la priorit\u00e9.<\/p>\n<p style=\"text-align: justify;\">&#8211; <b>Passer \u00e0 l\u2019action sans h\u00e9siter\u00a0!<\/b> Si vous trouvez un billet qui vous correspond (tarif, date, vols, pays, villes, a\u00e9roports, si\u00e8ge, repas, compagnies a\u00e9rienne, \u2026) achetez le imm\u00e9diatement car il se peut qu\u2019il soit vendu dans les heures qui suivent. Le manque de r\u00e9activit\u00e9 peut vous donner des regrets plus tard. Vous devez agir d\u00e8s que vous pensez avoir le meilleur billet, celui qui convient \u00e0 vos besoins.<\/p>\n<p style=\"text-align: justify;\">&#8211; <b>Acheter \u00e0 la derni\u00e8re minute ou \u00e0 l\u2019avance\u00a0?<\/b> Tel est le dilemme. Ici, cela va d\u00e9pendre de vos envies, si vous voyagez seul ou accompagn\u00e9 et encore de votre flexibilit\u00e9. Si vous \u00eates flexible (sur le lieu, les dates, les heures, \u2026) et que vous voyagez seul, un billet \u00e0 la derni\u00e8re minute pourrait vous faire r\u00e9aliser de belles \u00e9conomies. Si vous \u00eates accompagn\u00e9s, peu flexible, \u2026 je vous recommande de vous y prendre \u00e0 l\u2019avance. Il est plus difficile de trouver une bonne offre pour plusieurs personnes \u00e0 la derni\u00e8re minute.<\/p>\n<p style=\"text-align: justify;\">&#8211; <b>Partir en semaine ou en week-end\u00a0?<\/b> Il y \u00e0 de fortes chances que le billet d\u2019avion soit moins cher en semaine qu\u2019en week-end, vu que les gens voyagent plus en week-end. Mais demandez-vous si vous pouvez voyager en semaine. Cela peut sous-entendre que vous devrez changer vos plans (dates de cong\u00e9s diff\u00e9rentes, \u2026.). Demandez-vous si le jeu en vaut la chandelle, et si oui faites le sinon partez en week-end. Pensez toujours que le but est de trouver le meilleur compromis entre tous vos crit\u00e8res de s\u00e9lection, ceux \u00e9voquer en premi\u00e8re partie de ce guide.<\/p>\n<p style=\"text-align: justify;\">&#8211; <b>P\u00e9riode creuse ou p\u00e9riode pleine\u00a0?<\/b> L\u00e0 aussi, comme pour les d\u00e9parts en semaine ou en week-end, cela va d\u00e9pendre de vos attentes et de vos crit\u00e8res de s\u00e9lection.\u00a0 Si vos vacances sont en \u00e9t\u00e9 vous n\u2019allez pas prendre un billet d\u2019avion en janvier parce qu\u2019il est moins cher (je dis cela parce que sur certains blogs il est clairement conseiller d\u2019acheter son billet en janvier parce que c\u2019est moins cher). Prenez le billet qui va correspondre \u00e0 vos dates de cong\u00e9s, et surtout \u00e0 vos envies. Si vous voulez aller au Japon pour voir des Matsuri, il vous faudra voyager en \u00e9t\u00e9, m\u00eame si cela sera plus cher (quoi que l\u2019on puisse toujours faire quelques \u00e9conomies).<\/p>\n<p style=\"text-align: justify;\">&#8211; <b>Les comparateurs de vols\u00a0!<\/b> Il existe des dizaines de sites qui proposent des comparateurs de vols. Ce que je vous conseille c\u2019est d\u2019en utiliser 3 ou 4 diff\u00e9rents, selon vos habitudes et de les comparer.\u00a0 L\u2019avantage c\u2019est qu\u2019en g\u00e9n\u00e9ral ils offrent une grande flexibilit\u00e9 pour les crit\u00e8res de recherches. Je vous conseille d\u2019en utiliser au moins un qui propose des recherches sur des vols low cost (tous ne le font pas). Vous pouvez retrouver <a title=\"Billets d\u2019avions Japon\" href=\"\/?page_id=2881\" target=\"_blank\">les comparateurs de vols par ici<\/a>.<\/p>\n<p style=\"text-align: justify;\">&#8211; <b>V\u00e9rifier avec les compagnies a\u00e9riennes\u00a0!<\/b> si vous trouvez un billet d\u2019avion qui vous semble int\u00e9ressant en passant par un site internet, un comparateur de vols ou bien une agence de voyage, je vous conseille de v\u00e9rifier le vol et les conditions avec la compagnie a\u00e9rienne. En effet, parfois, en passant directement par la compagnie a\u00e9rienne, vous pouvez avoir le m\u00eame billet \u00e0 un prix un peu plus abordable.<\/p>\n<p style=\"text-align: justify;\">&#8211; <b>Faites attention aux frais suppl\u00e9mentaires\u00a0!<\/b> Lorsque vous trouvez votre billet d\u2019avion, v\u00e9rifiez tous les frais suppl\u00e9mentaires qui vont s\u2019y ajouter, si il y en a, tels que\u00a0: enregistrement du bagage, taxes d\u2019a\u00e9roport, \u2026 Ceci est notamment valable pour les compagnies low cost. Un billet qui peut vous paraitre abordable, une fois pay\u00e9 toutes les taxes, reviendra peut-\u00eatre au m\u00eame prix qu\u2019un billet sur une autre compagnie. Aussi, lorsque vous payez par carte sur le net, vous pouvez \u00eatre appel\u00e9 \u00e0 payer des frais suppl\u00e9mentaires. En voici un exemple provenant d\u2019un site de r\u00e9servation en ligne\u00a0:<\/p>\n<ul style=\"text-align: justify;\">\n<li>Frais de Carte Bleue: 0 euros quelque soit la tranche<\/li>\n<li>Frais visa: entre 1 et 8 euros selon le tarif du billet<\/li>\n<li>Frais MasterCard: entre 1 et 8 euros selon le tarif du billet<\/li>\n<\/ul>\n<table style=\"width: 680px; height: 70px;\" border=\"0\" cellspacing=\"0\" cellpadding=\"0\">\n<tbody>\n<tr>\n<td valign=\"bottom\" nowrap=\"nowrap\" width=\"124\"><\/td>\n<td valign=\"bottom\" nowrap=\"nowrap\" width=\"50\"><\/td>\n<td valign=\"bottom\" nowrap=\"nowrap\" width=\"69\"><\/td>\n<td valign=\"bottom\" nowrap=\"nowrap\" width=\"75\"><\/td>\n<td valign=\"bottom\" nowrap=\"nowrap\" width=\"75\"><\/td>\n<td valign=\"bottom\" nowrap=\"nowrap\" width=\"75\"><\/td>\n<td valign=\"bottom\" nowrap=\"nowrap\" width=\"75\"><\/td>\n<td valign=\"bottom\" nowrap=\"nowrap\" width=\"75\"><\/td>\n<td valign=\"bottom\" nowrap=\"nowrap\" width=\"42\"><\/td>\n<\/tr>\n<tr>\n<td valign=\"bottom\" width=\"124\"><\/td>\n<td valign=\"bottom\" width=\"50\"><\/td>\n<td valign=\"bottom\" width=\"69\"><\/td>\n<td valign=\"bottom\" width=\"75\"><\/td>\n<td valign=\"bottom\" width=\"75\"><\/td>\n<td valign=\"bottom\" width=\"75\"><\/td>\n<td valign=\"bottom\" width=\"75\"><\/td>\n<td valign=\"bottom\" width=\"75\"><\/td>\n<td valign=\"bottom\" width=\"42\"><\/td>\n<\/tr>\n<tr>\n<td valign=\"bottom\" nowrap=\"nowrap\" width=\"124\"><\/td>\n<td valign=\"bottom\" nowrap=\"nowrap\" width=\"50\"><\/td>\n<td valign=\"bottom\" nowrap=\"nowrap\" width=\"69\"><\/td>\n<td valign=\"bottom\" nowrap=\"nowrap\" width=\"75\"><\/td>\n<td valign=\"bottom\" nowrap=\"nowrap\" width=\"75\"><\/td>\n<td valign=\"bottom\" nowrap=\"nowrap\" width=\"75\"><\/td>\n<td valign=\"bottom\" nowrap=\"nowrap\" width=\"75\"><\/td>\n<td valign=\"bottom\" nowrap=\"nowrap\" width=\"75\"><\/td>\n<td valign=\"bottom\" nowrap=\"nowrap\" width=\"42\"><\/td>\n<\/tr>\n<tr>\n<td valign=\"bottom\" nowrap=\"nowrap\" width=\"124\"><\/td>\n<td valign=\"bottom\" nowrap=\"nowrap\" width=\"50\"><\/td>\n<td valign=\"bottom\" nowrap=\"nowrap\" width=\"69\"><\/td>\n<td valign=\"bottom\" nowrap=\"nowrap\" width=\"75\"><\/td>\n<td valign=\"bottom\" nowrap=\"nowrap\" width=\"75\"><\/td>\n<td valign=\"bottom\" nowrap=\"nowrap\" width=\"75\"><\/td>\n<td valign=\"bottom\" nowrap=\"nowrap\" width=\"75\"><\/td>\n<td valign=\"bottom\" nowrap=\"nowrap\" width=\"75\"><\/td>\n<td valign=\"bottom\" nowrap=\"nowrap\" width=\"42\"><\/td>\n<\/tr>\n<\/tbody>\n<\/table>\n<p style=\"text-align: justify;\">&#8211; <b>Assurances ou pas\u00a0?<\/b> Beaucoup ne veulent pas les prendre car cela repr\u00e9sente une d\u00e9pense suppl\u00e9mentaire.\u00a0 Ce que je vous conseille de faire, c\u2019est de v\u00e9rifier si vous n\u2019en avez pas d\u00e9j\u00e0 une, par exemple avec votre carte bancaire ou votre compagnie d\u2019assurance habituelle. Si vous n\u2019en avez pas, pour couvrir les dommages subits lors de votre vol, je vous recommande d\u2019en prendre une. Tout peut arriver, n\u2019oubliez jamais cela. Il ne faut pas \u00eatre radin sur ce genre de choses car les cons\u00e9quences peuvent \u00eatre importantes.<\/p>\n<p style=\"text-align: justify;\">&#8211; <b>Avec ou sans escale\u00a0?<\/b> Les vols avec escales sont les moins chers. Si votre budget est votre crit\u00e8re\u00a0 principal de d\u00e9cision, alors optez pour les vols avec escales. Mais attention, les vols avec escales peuvent \u00eatre tr\u00e8s long et plus co\u00fbteux qu\u2019un vol direct si l\u2019on prend en compte les frais annexes (repas \u00e0 l\u2019a\u00e9roport pendant l\u2019escale, \u2026). Prenez un vol avec escale seulement si vous avez du temps pour votre voyage. Un vol de la sorte est en g\u00e9n\u00e9ral beaucoup plus fatiguant qu\u2019un vol direct. Et si vous avez du temps, optez pour un \u00ab\u00a0stop-over\u00a0\u00bb. Il s\u2019agit l\u00e0 de la possibilit\u00e9 de passer quelques jours dans la ville d\u2019escale. Cette option co\u00fbte en g\u00e9n\u00e9ral peu cher (certaines compagnies la propose pour quelques dizaines d\u2019euros) et vous permet de voyager dans une autre ville. De plus, lorsque vous prenez un vol avec escale, faites ATTENTION au pays dans lequel se situe l\u2019escale. En effet, selon les pays, vous aurez l\u2019obligation d\u2019avoir un visa m\u00eame pour une escale sans quitter l\u2019a\u00e9roport. La demande de ce visa peut elle aussi vous co\u00fbter de l\u2019argent. V\u00e9rifiez aussi que dans la ville d\u2019escale on ne vous fait pas changer d\u2019a\u00e9roport (ce qui est possible dans les grandes villes avec plusieurs a\u00e9roports) car dans ce cas l\u00e0 vous serez certainement oblig\u00e9 d\u2019avoir un visa.<\/p>\n<p style=\"text-align: justify;\">&#8211; <b>Mettez une option\u00a0!<\/b> Maintenant, il est possible de mettre des options sur les billets d\u2019avion. Cela est int\u00e9ressant car cela va vous permettre d\u2019affiner votre recherche sans prendre le risque de perdre un billet qui vous semble int\u00e9ressant. Si vous voyez un billet qui vous convient, mettez une option (si possible) et continuez votre recherche. Si vous ne trouvez pas mieux, achetez ce billet.<\/p>\n<p style=\"text-align: justify;\">&#8211; <b>Changer d\u2019a\u00e9roport\u00a0?<\/b> Partir d\u2019un autre a\u00e9roport peut repr\u00e9senter de nombreux avantages, notamment financier. C\u2019est une option \u00e0 privil\u00e9gier si vous voulez faire des \u00e9conomies. Par exemple, lorsque l\u2019on r\u00e9side \u00e0 Paris, partir de Bruxelles ou Londres (accessible en quelques heures par train) peut avoir un \u00e9norme impact \u00e9conomique selon les destinations et les compagnies a\u00e9rienne. Si vous optez pour cette solution, penser \u00e0 bien v\u00e9rifier le temps n\u00e9cessaire pour vous rendre \u00e0 l\u2019autre a\u00e9roport et a analyser si cela en vaut vraiment la peine ou pas (fatigue, co\u00fbt des transports vers l\u2019a\u00e9roport, \u2026).<\/p>\n<p style=\"text-align: justify;\">&#8211; <b>Acheter de nuit\u00a0!<\/b> Sur les sites Internet, vos billets d\u2019avions peuvent revenir moins chers si vous les achetez la nuit. En effet, les sites internet font varier leurs frais de dossiers selon les heures d\u2019achat du billet d\u2019avion. Voici par exemple, ce que cela pourrait donner\u00a0(\u00e0 titre d\u2019exemple seulement):<\/p>\n<ul style=\"text-align: justify;\">\n<li>00H00 \u00e0 01H59\u00a0: 13 euros<\/li>\n<li>02H00 \u00e0 03H59\u00a0: 8 euros<\/li>\n<li>04H00 \u00e0 05H59\u00a0: 0 euros<\/li>\n<li>06H00 \u00e0 07H59\u00a0: 6 euros<\/li>\n<li>08H00 \u00e0 09H59\u00a0: 10 euros<\/li>\n<li>10H00 \u00e0 11H59\u00a0: 12 euros<\/li>\n<li>12H00 \u00e0 22H59\u00a0: 13 euros<\/li>\n<li>23H00 \u00e0 23H59\u00a0: 20 euros<\/li>\n<\/ul>\n<p style=\"text-align: justify;\">&#8211; <b>\u00c9chelonnez le paiement\u00a0!<\/b> Pour cette compagnie ou certains sites Internet, il est possible d\u2019\u00e9chelonner le paiement si vous r\u00e9servez suffisamment \u00e0 l\u2019avance. Par exemple si vous r\u00e9servez plus de 35 jours \u00e0 l\u2019avance, vous pouvez payer 30% \u00e0 la r\u00e9servation et le reste au moins 35 jours avant le d\u00e9part. Cela vous \u00e9vitera de payer un montant important en une seule fois. Pour savoir si cela est possible, cherchez l\u2019information dans les conditions g\u00e9n\u00e9rales de vente du site ou de la compagnie.<\/p>\n<p style=\"text-align: justify;\">&#8211; <b>Pensez \u00e0 votre r\u00e9gime alimentaire\u00a0!<\/b> Et oui, voici une chose que l\u2019on oublie tr\u00e8s facilement. On ach\u00e8te le billet d\u2019avion sans se soucier de savoir si l\u2019on pourra manger ce qui nous sera servit \u00e0 bord. Pour les vols de courte dur\u00e9e, cela va encore, mais pour les vols longues distances, je vous garantis que cela va vous poser probl\u00e8me. Pensez donc \u00e0 v\u00e9rifier que la compagnie a\u00e9rienne propose un repas qui corresponde \u00e0 votre r\u00e9gime alimentaire. Il vaut mieux payer un peu plus cher pour avoir un repas en avion que d\u2019\u00eatre contraint \u00e0 faire le vol le ventre vide.<\/p>\n<p style=\"text-align: justify;\">&#8211; <b>Pensez aux miles\u00a0!<\/b> Voila une solution viable sur le long terme, et si vous voyagez beaucoup. Il existe 3 grandes alliances de compagnies a\u00e9riennes qui sont\u00a0: Sky Team, Star Alliance et One World. Chacune de ces alliances regroupe plusieurs compagnies a\u00e9riennes. Si vous disposez d\u2019une carte de Miles pour une compagnie d\u2019une de ces alliances, vos Miles sont utilisables pour l\u2019ensemble des compagnies de cette alliance. \u00a0Par exemple en ayant une carte British Airways, on peut utiliser ses miles avec Japan Airlines. Le conseil que je vous donne est de prendre une carte par Alliance, soit 3 cartes en tout. Le but ici, est de vous faire cumuler des miles et ce quelques soit la compagnie que vous utilisez. Ne prenez pas qu\u2019une seule carte (elles sont gratuites) car cela vous contraindrait \u00e0 utiliser toujours les m\u00eames compagnies si vous vouliez cumuler des miles. Et surtout n\u2019oubliez pas de faire valider vos miles \u00e0 chaque vol.<\/p>\n<p style=\"text-align: justify;\">&#8211; <b>V\u00e9rifiez la liste noire\u00a0!<\/b> Vous avez trouvez un billet int\u00e9ressant, mais vous ne connaissez pas la compagnie ou alors vous \u00eates sceptique\u00a0? V\u00e9rifiez imm\u00e9diatement si elle fait partie de la liste noire. Cette liste recense toutes les compagnies ne r\u00e9pondant pas aux normes de s\u00e9curit\u00e9s a\u00e9riennes, et pouvant ainsi g\u00e9n\u00e9rer un risque important pour ses passagers. La liste est disponible ici\u00a0: <a href=\"http:\/\/ec.europa.eu\/transport\/modes\/air\/safety\/air-ban\/index_fr.htm\" target=\"_blank\">http:\/\/ec.europa.eu\/transport\/modes\/air\/safety\/air-ban\/index_fr.htm<\/a><\/p>\n<p style=\"text-align: justify;\">&#8211; <b>Pensez CashBack\u00a0!<\/b> Il existe de nombreux sites dit de \u00ab\u00a0cashback\u00a0\u00bb. Le syst\u00e8me est assez simple\u00a0: vous achetez sur Internet un produit ou service et ce site vous rembourse un \u00ab\u00a0petite\u00a0\u00bb partie de votre achat. Ne vous attendez pas \u00e0 des sommes faramineuses, seulement quelques euros. Plusieurs de ces sites travaillent avec les agences de voyages et les compagnies a\u00e9riennes. Il est donc possible d\u2019obtenir des ristournes via leur service. Je vous recommande d\u2019utiliser <a href=\"http:\/\/fr.igraal.com\/#parrain=tunimaal\" target=\"_blank\">le site Igraal par ici<\/a>, vous y trouverez beaucoup d\u2019offres utiles en terme de cash back.<\/p>\n<p style=\"text-align: justify;\">&#8211; <b>Newsletters ou pas\u00a0?<\/b> L\u2019avantage des newsletters c\u2019est qu\u2019elles permettent d\u2019avoir des informations sur les promotions en cours avant tout le monde. L\u2019inconv\u00e9nient c\u2019est qu\u2019elles saturent rapidement notre bo\u00eete e-mail. Si vous vous d\u00e9cidez \u00e0 vous enregistrer sur les newsletters, je vous conseille de cr\u00e9er un nouveau fichier d\u00e9di\u00e9 sur votre bo\u00eete e-mail et de faire rediriger les courriels directement l\u00e0-bas, afin de ne pas \u00eatre encombr\u00e9. Vous pouvez aussi cr\u00e9er une adresse e-mail d\u00e9di\u00e9e uniquement aux newsletters. Au final, celles-ci pourront, parfois, vous permettre de faire des \u00e9conomies ou d\u2019avoir de nouvelles id\u00e9es de voyages.<\/p>\n<p style=\"text-align: justify;\">&#8211; <b>Pensez aux taux de changes\u00a0!<\/b> Une fa\u00e7on de faire des \u00e9conomies substantielles est de penser au taux de change. En effet, lorsque la devise de votre pays est plus forte que celle d\u2019un autre, vous pouvez payer le m\u00eame billet d\u2019avion moins cher. Par exemple, en Novembre 2009, j\u2019avais achet\u00e9 un billet tour du monde \u00e0 1700 euros au lieu de 2100 euros. Comment j\u2019ai fais\u00a0? Tout simplement en passant par une agence de voyage \u00e0 Londres et en achetant mon billet en Livre Sterling. Cette technique est bonne \u00e0 prendre pour des billets assez chers et vous demandera de surveiller les taux de change, parfois m\u00eame de partir depuis l\u2019\u00e9tranger.<\/p>\n<p style=\"text-align: justify;\"><strong>Voici donc une liste non exhaustive des pratiques que je mets en place pour acheter le billet d\u2019avion qui me convient le mieux. Mais une fois le billet trouv\u00e9, tout n\u2019est pas finit pour autant. Il faut encore penser \u00e0 <a title=\"Choisir sa place d\u2019avion : conseils pratiques\" href=\"\/?page_id=4044\" target=\"_blank\">bien choisir sa place \u00e0 bord de l\u2019avion<\/a> et \u00e0 la <a title=\"Gestion du d\u00e9calage horaire et du vol : conseils utiles\" href=\"\/?page_id=4046\" target=\"_blank\">gestion du d\u00e9calage horaire<\/a>.<\/strong><\/p>\n","protected":false},"excerpt":{"rendered":"<p>Passons maintenant \u00e0 une s\u00e9rie de conseils destin\u00e9s \u00e0 vous aider \u00e0 faire le meilleur choix de billets d\u2019avion, celui qui vous conviendra le mieux\u00a0: &#8211; Achat en agence ou achat sur Internet\u00a0? Les frais de commissions et de dossiers sont souvent moins \u00e9lev\u00e9s sur Internet. De plus sur le net vous avez la possibilit\u00e9 &hellip;<\/p>\n","protected":false},"author":2,"featured_media":0,"parent":0,"menu_order":0,"comment_status":"open","ping_status":"open","template":"","meta":{"footnotes":""},"yst_prominent_words":[],"class_list":["post-4042","page","type-page","status-publish",""],"_links":{"self":[{"href":"https:\/\/cedric-devarenne.com\/demo\/gaijin\/wp-json\/wp\/v2\/pages\/4042","targetHints":{"allow":["GET"]}}],"collection":[{"href":"https:\/\/cedric-devarenne.com\/demo\/gaijin\/wp-json\/wp\/v2\/pages"}],"about":[{"href":"https:\/\/cedric-devarenne.com\/demo\/gaijin\/wp-json\/wp\/v2\/types\/page"}],"author":[{"embeddable":true,"href":"https:\/\/cedric-devarenne.com\/demo\/gaijin\/wp-json\/wp\/v2\/users\/2"}],"replies":[{"embeddable":true,"href":"https:\/\/cedric-devarenne.com\/demo\/gaijin\/wp-json\/wp\/v2\/comments?post=4042"}],"version-history":[{"count":0,"href":"https:\/\/cedric-devarenne.com\/demo\/gaijin\/wp-json\/wp\/v2\/pages\/4042\/revisions"}],"wp:attachment":[{"href":"https:\/\/cedric-devarenne.com\/demo\/gaijin\/wp-json\/wp\/v2\/media?parent=4042"}],"wp:term":[{"taxonomy":"yst_prominent_words","embeddable":true,"href":"https:\/\/cedric-devarenne.com\/demo\/gaijin\/wp-json\/wp\/v2\/yst_prominent_words?post=4042"}],"curies":[{"name":"wp","href":"https:\/\/api.w.org\/{rel}","templated":true}]}}