{"id":60,"date":"2011-05-04T11:39:04","date_gmt":"2011-05-04T11:39:04","guid":{"rendered":"https:\/\/cedric-devarenne.com\/demo\/gaijin\/?page_id=60"},"modified":"2011-05-04T11:39:04","modified_gmt":"2011-05-04T11:39:04","slug":"liens-blog-site-voyage","status":"publish","type":"page","link":"https:\/\/cedric-devarenne.com\/demo\/gaijin\/liens-blog-site-voyage\/","title":{"rendered":"Liens du voyage"},"content":{"rendered":"<p style=\"text-align: justify;\"><span style=\"font-size: small;\"><strong style=\"font-size: small;\">Bienvenue sur ma page de liens vers d\u2019autres blogs et sites de voyages.<\/strong>\u00a0<\/span><\/p>\n<p style=\"text-align: justify;\"><span style=\"font-size: small;\">\u00a0Sur cette page, vous allez retrouver ma s\u00e9lection de blogs et sites li\u00e9s au voyages et \/ ou au Japon, afin de vous permettre de prolonger vos lectures et vous d\u00e9couvertes depuis votre ordinateur. Bonnes lectures \u00e0 vous.<br \/>\n<\/span><\/p>\n<h2 style=\"text-align: justify;\"><span style=\"font-size: small;\"><span style=\"color: #000000;\"><strong><span style=\"color: #000000;\">Sites et blogs sur le Japon<\/span><\/strong><\/span><\/span><\/h2>\n<p style=\"text-align: justify;\">Voici donc une s\u00e9lection de sites et blogs sur le Japon que vous pouvez consulter pour en d\u00e9couvrir plus sur le pays du Soleil-Levant<\/p>\n<p style=\"text-align: justify;\"><a href=\"http:\/\/lejapon.fr\/\" target=\"_blank\">Lejapon.fr<\/a>: on ne pr\u00e9sente plus le site de David Michaud, pionner en la mati\u00e8re sur l&rsquo;archipel Nippon.<\/p>\n<p style=\"text-align: justify;\"><a href=\"http:\/\/www.loeildutako.com\/\" target=\"_blank\">LoeilDuTako.com<\/a>: Yann, l&rsquo;acolyte de David, se trouve \u00e0 Hiroshima et nous fait vivre \u00ab\u00a0sa\u00a0\u00bb ville avec des photos de toute beaut\u00e9.<\/p>\n<p style=\"text-align: justify;\"><a href=\"http:\/\/www.horizonsdujapon.com\/\" target=\"_blank\">HorizonsDuJapon.com<\/a>: Angelo, le grand sp\u00e9cialiste d&rsquo;Osaka et du Kansai, qui au travers de photos et r\u00e9flexions fait d\u00e9couvrir cette r\u00e9gion du Japon.<\/p>\n<p style=\"text-align: justify;\"><a href=\"http:\/\/m0shi-m0shi.com\/\" target=\"_blank\">Moshi-Moshi.com<\/a>: correspondants japonais et billets sur la Japon dans ce blog d&rsquo;un passionn\u00e9.<\/p>\n<p style=\"text-align: justify;\"><a href=\"http:\/\/voyageakyoto.fr\/\" target=\"_blank\">VoyageAKyoto.fr<\/a>: un fran\u00e7ais, une japonaise qui font d\u00e9couvrir l&rsquo;ancienne capitale du Japon, la c\u00e9l\u00e8bre Kyoto<\/p>\n<h2><span style=\"font-size: small;\"><strong>Sites et blogs de voyage en fran\u00e7ais<\/strong><\/span><\/h2>\n<p>Voici ma s\u00e9lection de blogs de voyage fran\u00e7ais, ceux que je suis r\u00e9guli\u00e8rement et que j&rsquo;appr\u00e9cie lire:<\/p>\n<p><a href=\"http:\/\/tour-monde.fr\/\" target=\"_blank\">Tour-Monde.fr<\/a>: Chris fait d\u00e9couvrir le monde \u00e0 son rythme et avec un r\u00e9el int\u00e9r\u00eat pour les volontariats<\/p>\n<p><a href=\"http:\/\/4coinsdumonde.com\/\" target=\"_blank\">4CoinsDuMonde.com<\/a>: Un couple et un b\u00e9b\u00e9 pour des voyages 4 \u00e9toiles \u00e0 travers le monde.<\/p>\n<p><a href=\"http:\/\/oiseaurose.com\/\" target=\"_blank\">OiseauRose.com<\/a>: suivre Camille dans ses voyages c&rsquo;est ne jamais s&rsquo;arr\u00eater de bouger.<\/p>\n<p><strong>Sites Divers<\/strong><\/p>\n<p><a href=\"http:\/\/www.expression-anglaise.com\/\" target=\"_blank\">Apprendre l&rsquo;anglais<\/a>: un site complet sur l&rsquo;apprentissage de la langue de Shakespeare<\/p>\n<pre><span style=\"font-size: small;\">\u00a0<\/span><\/pre>\n","protected":false},"excerpt":{"rendered":"<p>Bienvenue sur ma page de liens vers d\u2019autres blogs et sites de voyages.\u00a0 \u00a0Sur cette page, vous allez retrouver ma s\u00e9lection de blogs et sites li\u00e9s au voyages et \/ ou au Japon, afin de vous permettre de prolonger vos lectures et vous d\u00e9couvertes depuis votre ordinateur. Bonnes lectures \u00e0 vous. Sites et blogs sur &hellip;<\/p>\n","protected":false},"author":2,"featured_media":0,"parent":0,"menu_order":0,"comment_status":"open","ping_status":"open","template":"","meta":{"footnotes":""},"yst_prominent_words":[],"class_list":["post-60","page","type-page","status-publish",""],"_links":{"self":[{"href":"https:\/\/cedric-devarenne.com\/demo\/gaijin\/wp-json\/wp\/v2\/pages\/60","targetHints":{"allow":["GET"]}}],"collection":[{"href":"https:\/\/cedric-devarenne.com\/demo\/gaijin\/wp-json\/wp\/v2\/pages"}],"about":[{"href":"https:\/\/cedric-devarenne.com\/demo\/gaijin\/wp-json\/wp\/v2\/types\/page"}],"author":[{"embeddable":true,"href":"https:\/\/cedric-devarenne.com\/demo\/gaijin\/wp-json\/wp\/v2\/users\/2"}],"replies":[{"embeddable":true,"href":"https:\/\/cedric-devarenne.com\/demo\/gaijin\/wp-json\/wp\/v2\/comments?post=60"}],"version-history":[{"count":0,"href":"https:\/\/cedric-devarenne.com\/demo\/gaijin\/wp-json\/wp\/v2\/pages\/60\/revisions"}],"wp:attachment":[{"href":"https:\/\/cedric-devarenne.com\/demo\/gaijin\/wp-json\/wp\/v2\/media?parent=60"}],"wp:term":[{"taxonomy":"yst_prominent_words","embeddable":true,"href":"https:\/\/cedric-devarenne.com\/demo\/gaijin\/wp-json\/wp\/v2\/yst_prominent_words?post=60"}],"curies":[{"name":"wp","href":"https:\/\/api.w.org\/{rel}","templated":true}]}}