{"id":6061,"date":"2014-12-23T07:08:38","date_gmt":"2014-12-23T07:08:38","guid":{"rendered":"https:\/\/cedric-devarenne.com\/demo\/gaijin\/?page_id=6061"},"modified":"2014-12-23T07:08:38","modified_gmt":"2014-12-23T07:08:38","slug":"politique-dutilisation-des-cookies-sur-un-gaijin-au-japon","status":"publish","type":"page","link":"https:\/\/cedric-devarenne.com\/demo\/gaijin\/politique-dutilisation-des-cookies-sur-un-gaijin-au-japon\/","title":{"rendered":"Politique d&rsquo;utilisation des Cookies sur Un Gaijin au Japon"},"content":{"rendered":"<h2 style=\"text-align: justify;\"><strong>Politique de confidentialit\u00e9<\/strong><\/h2>\n<p style=\"text-align: justify;\">En conformit\u00e9 avec la loi Informatique et Libert\u00e9s, Un Gaijin au Japon s\u2019engage \u00e0 assurer le meilleur niveau de protection \u00e0 vos donn\u00e9es personnelles. Vous pouvez nous contacter \u00e0 tout moment via le formulaire de contact du blog.<\/p>\n<h2 style=\"text-align: justify;\"><strong>Gestion de vos donn\u00e9es personnelles :<\/strong><\/h2>\n<p style=\"text-align: justify;\">Un Gaijin au Japon ne partage, ni ne vend aucune information ou donn\u00e9e concernant les utilisateurs inscrits sur le site Un Gaijin au Japon. Les donn\u00e9es collect\u00e9es sur le site Un Gaijin au Japon sont exclusivement destin\u00e9es au site Un Gaijin au Japon.<\/p>\n<h2 style=\"text-align: justify;\"><strong>La loi Informatique et Libert\u00e9s :<\/strong><\/h2>\n<p style=\"text-align: justify;\">Conform\u00e9ment \u00e0 la loi Informatique et Libert\u00e9s du 6 janvier 1978, mise \u00e0 jour par la loi du 6 ao\u00fbt 2004, vous disposez d&rsquo;un droit d&rsquo;acc\u00e8s, de rectification et d&rsquo;opposition aux donn\u00e9es vous concernant. Les donn\u00e9es personnelles sont collect\u00e9es par :<\/p>\n<p style=\"text-align: justify;\">Un Gaijin au Japon (Aala Kanzali) &#8211; 15 rue des ormes &#8211; 38070 Saint Quentin Fallavier<br \/>\nContact par email via le formulaire de contact du blog.<\/p>\n<h2 style=\"text-align: justify;\"><strong>Les cookies :<\/strong><\/h2>\n<p style=\"text-align: justify;\">A quoi servent les cookies \u00e9mis par Un Gaijin au Japon? Le cookie est un enregistrement d\u2019informations d\u00e9pos\u00e9 par Un Gaijin au Japon sur votre ordinateur. Il permet \u00e0 l&rsquo;utilisateur d\u2019Un Gaijin au Japon d&rsquo;\u00eatre reconnu et identifi\u00e9 automatiquement lorsqu&rsquo;il arrive sur le site.<\/p>\n<p style=\"text-align: justify;\">Comment g\u00e9rer vos cookies selon le navigateur que vous utilisez ? La proc\u00e9dure de gestion des cookies d\u00e9pend de votre navigateur. Vous pouvez modifier vos r\u00e9glages directement dans les param\u00e8tres de votre navigateur Internet, en vous r\u00e9f\u00e9rant aux liens ci-dessous :<\/p>\n<p style=\"text-align: justify;\">Internet Explorer\u2122 : <a href=\"http:\/\/windows.microsoft.com\/\" target=\"_blank\">http:\/\/windows.microsoft.com\/<\/a><\/p>\n<p style=\"text-align: justify;\">Safari\u2122 : <a href=\"http:\/\/support.apple.com\/\" target=\"_blank\">http:\/\/support.apple.com\/<\/a><\/p>\n<p style=\"text-align: justify;\">Chrome\u2122 : <a href=\"http:\/\/support.google.com\/\" target=\"_blank\">http:\/\/support.google.com\/<\/a><\/p>\n<p style=\"text-align: justify;\">Firefox\u2122 : <a href=\"http:\/\/support.mozilla.org\/\" target=\"_blank\">http:\/\/support.mozilla.org\/<\/a><\/p>\n<p style=\"text-align: justify;\">Information importante relative aux cookies et aux services d&rsquo;Un Gaijin au Japon : Un Gaijin au Japon d\u00e9cline toute responsabilit\u00e9 concernant les cons\u00e9quences li\u00e9es au refus ou \u00e0 la suppression des cookies par l&rsquo;utilisateur. Un Gaijin au Japon ne garde aucune information personnelle sur les visiteurs du site <a href=\"http:\/\/www.gaijinjapan.org\">http:\/\/www.gaijinjapan.org<\/a> non inscrits \u00e0 Un Gaijin au Japon.<\/p>\n","protected":false},"excerpt":{"rendered":"<p>Politique de confidentialit\u00e9 En conformit\u00e9 avec la loi Informatique et Libert\u00e9s, Un Gaijin au Japon s\u2019engage \u00e0 assurer le meilleur niveau de protection \u00e0 vos donn\u00e9es personnelles. Vous pouvez nous contacter \u00e0 tout moment via le formulaire de contact du blog. Gestion de vos donn\u00e9es personnelles : Un Gaijin au Japon ne partage, ni ne &hellip;<\/p>\n","protected":false},"author":2,"featured_media":0,"parent":0,"menu_order":0,"comment_status":"open","ping_status":"open","template":"","meta":{"footnotes":""},"yst_prominent_words":[],"class_list":["post-6061","page","type-page","status-publish",""],"_links":{"self":[{"href":"https:\/\/cedric-devarenne.com\/demo\/gaijin\/wp-json\/wp\/v2\/pages\/6061","targetHints":{"allow":["GET"]}}],"collection":[{"href":"https:\/\/cedric-devarenne.com\/demo\/gaijin\/wp-json\/wp\/v2\/pages"}],"about":[{"href":"https:\/\/cedric-devarenne.com\/demo\/gaijin\/wp-json\/wp\/v2\/types\/page"}],"author":[{"embeddable":true,"href":"https:\/\/cedric-devarenne.com\/demo\/gaijin\/wp-json\/wp\/v2\/users\/2"}],"replies":[{"embeddable":true,"href":"https:\/\/cedric-devarenne.com\/demo\/gaijin\/wp-json\/wp\/v2\/comments?post=6061"}],"version-history":[{"count":0,"href":"https:\/\/cedric-devarenne.com\/demo\/gaijin\/wp-json\/wp\/v2\/pages\/6061\/revisions"}],"wp:attachment":[{"href":"https:\/\/cedric-devarenne.com\/demo\/gaijin\/wp-json\/wp\/v2\/media?parent=6061"}],"wp:term":[{"taxonomy":"yst_prominent_words","embeddable":true,"href":"https:\/\/cedric-devarenne.com\/demo\/gaijin\/wp-json\/wp\/v2\/yst_prominent_words?post=6061"}],"curies":[{"name":"wp","href":"https:\/\/api.w.org\/{rel}","templated":true}]}}