{"id":8,"date":"2011-05-04T06:44:53","date_gmt":"2011-05-04T06:44:53","guid":{"rendered":"https:\/\/cedric-devarenne.com\/demo\/gaijin\/?page_id=8"},"modified":"2011-05-04T06:44:53","modified_gmt":"2011-05-04T06:44:53","slug":"un-gaijin-au-japon","status":"publish","type":"page","link":"https:\/\/cedric-devarenne.com\/demo\/gaijin\/un-gaijin-au-japon\/","title":{"rendered":"Gaijin au Japon"},"content":{"rendered":"<figure id=\"attachment_9\" aria-describedby=\"caption-attachment-9\" style=\"width: 300px\" class=\"wp-caption alignleft\"><a href=\"https:\/\/cedric-devarenne.com\/demo\/gaijin\/un-gaijin-au-japon\/\"><img loading=\"lazy\" decoding=\"async\" class=\"size-medium wp-image-9 \" title=\"A Gaijin in Japan LOGO FULL SIZE - Un Gaijin au Japon\" alt=\"logo un Gaijin au Japon par Aala Kanzali\" src=\"https:\/\/cedric-devarenne.com\/demo\/gaijin\/wp-content\/uploads\/2012\/02\/gaijinjapan-logo-300x178.jpg\" width=\"300\" height=\"178\" \/><\/a><figcaption id=\"caption-attachment-9\" class=\"wp-caption-text\">Logo A Gaijin in Japan by Aala Kanzali<\/figcaption><\/figure>\n<p style=\"text-align: justify;\"><strong><a href=\"https:\/\/cedric-devarenne.com\/demo\/gaijin\/\">Le Japon<\/a> est un pays particulier, fascinant, d\u00e9routant et surtout peu connu. Malgr\u00e9 que l\u2019on en entende souvent parler, qui peut r\u00e9ellement dire qu\u2019il connait le Japon sans m\u00eame y avoir mis les pays et l\u2019avoir d\u00e9couvert de l\u2019int\u00e9rieur\u00a0?<\/strong><\/p>\n<p style=\"text-align: justify;\"><a title=\"Histoire du Japon\" href=\"https:\/\/cedric-devarenne.com\/demo\/gaijin\/category\/extra-japon\/histoire-japon\/\">Le 11 mars 2011, est une date importante dans l\u2019histoire du Japon.<\/a> Il s\u2019agit du jour o\u00f9 ce pays a \u00e9t\u00e9 frapp\u00e9 par la plus grande catastrophe naturelle de son histoire\u00a0: <strong>un tremblement de terre de magnitude 9 et un tsunami de 23 m\u00e8tres de haut.<\/strong> Les 2 ont ravag\u00e9 le Nord-Est du pays et g\u00e9n\u00e9r\u00e9 plusieurs dizaines de milliers de morts et disparus.<\/p>\n<p style=\"text-align: justify;\">Mais comme-ci cela ne suffisait pas, ces catastrophes naturelles ont cr\u00e9es une catastrophe nucl\u00e9aire. En effet <strong>la centrale nucl\u00e9aire de Fukushima<\/strong> a \u00e9t\u00e9 durement frapp\u00e9e par ces \u00e9v\u00e9nements, et une crise quasi-similaire \u00e0 celle de Tchernobyl a \u00e9t\u00e9 connue au Japon.<\/p>\n<p style=\"text-align: justify;\">Il s\u2019agit donc d\u2019\u00e9v\u00e9nements importants dans l\u2019Histoire de ce pays. Certainement les plus graves depuis les 6 et 9 ao\u00fbt 1945, lorsque<a title=\"Histoire du Japon\" href=\"https:\/\/cedric-devarenne.com\/demo\/gaijin\/category\/extra-japon\/histoire-japon\/\">Hiroshima et Nagasaki ont \u00e9t\u00e9 bombard\u00e9s par des bombes atomiques<\/a>, g\u00e9n\u00e9rant ainsi plus de 170\u00a0000 morts en quelques minutes.<\/p>\n<p style=\"text-align: justify;\">Mon projet est donc de passer <strong>une ann\u00e9e au Japon (voir plus si affinit\u00e9)<\/strong>, pr\u00e8s de 2 mois apr\u00e8s les derni\u00e8res catastrophes naturelles, et de d\u00e9couvrir cette culture. J\u2019esp\u00e8re d\u00e9couvrir les charmes, les forces, les faiblesses, les atouts, les qualit\u00e9s et les d\u00e9fauts de ce pays si intriguant. Et je vous ferais partager tout cela au travers de ce blog.<\/p>\n<p style=\"text-align: justify;\"><strong>Je ne suis ni <a href=\"https:\/\/cedric-devarenne.com\/demo\/gaijin\/\">Otaku, ni Geek, ni Japan fetish, ni passionn\u00e9 du Japon, je suis un voyageur<\/a> lambda<\/strong> qui \u00e0 soif de d\u00e9couverte et de connaissances. Un voyageur qui va bon o\u00f9 lui semble en fonction de son feeling.<\/p>\n<p style=\"text-align: justify;\">En consultant le net \u00e0 <strong><a href=\"https:\/\/cedric-devarenne.com\/demo\/gaijin\/\">la recherche de blogs sur le Japon<\/a><\/strong>, j\u2019ai constat\u00e9 que la quasi-majorit\u00e9 \u00e9tait tenu par de v\u00e9ritables passionn\u00e9s, qui pour certains vivent en mangent Japon tout au long de la journ\u00e9e. Il \u00e9tait donc difficile de trouver quelque chose qui s\u2019adresse \u00e0 un voyageur plus ordinaire. <strong>D\u2019o\u00f9 l\u2019id\u00e9e de cr\u00e9er ce blog.<\/strong><\/p>\n<p style=\"text-align: justify;\">Vous aurez donc l\u2019opportunit\u00e9 de d\u00e9couvrir <strong>le Japon \u00e0 travers les yeux d\u2019un GAIJIN (comprenez ici un NON-JAPONAIS) ni connaissant rien au Japon le jour de son arriv\u00e9e \u00e0 l\u2019a\u00e9roport de Tokyo-Narita le 6 mai 2011 <\/strong>(si ce n\u2019est ce qu\u2019il \u00e0 appris lors de ses cours d\u2019Histoire au coll\u00e8ge et au lyc\u00e9e). Je vous souhaite une bonne lecture et de bonnes d\u00e9couvertes.<\/p>\n<p style=\"text-align: justify;\">Aala<\/p>\n<p style=\"text-align: justify;\">Aka <a href=\"https:\/\/cedric-devarenne.com\/demo\/gaijin\/\">Un Gaijin au Japon<\/a><\/p>\n","protected":false},"excerpt":{"rendered":"<p>Le Japon est un pays particulier, fascinant, d\u00e9routant et surtout peu connu. Malgr\u00e9 que l\u2019on en entende souvent parler, qui peut r\u00e9ellement dire qu\u2019il connait le Japon sans m\u00eame y avoir mis les pays et l\u2019avoir d\u00e9couvert de l\u2019int\u00e9rieur\u00a0? Le 11 mars 2011, est une date importante dans l\u2019histoire du Japon. Il s\u2019agit du jour &hellip;<\/p>\n","protected":false},"author":2,"featured_media":0,"parent":0,"menu_order":0,"comment_status":"open","ping_status":"open","template":"","meta":{"footnotes":""},"yst_prominent_words":[],"class_list":["post-8","page","type-page","status-publish",""],"_links":{"self":[{"href":"https:\/\/cedric-devarenne.com\/demo\/gaijin\/wp-json\/wp\/v2\/pages\/8","targetHints":{"allow":["GET"]}}],"collection":[{"href":"https:\/\/cedric-devarenne.com\/demo\/gaijin\/wp-json\/wp\/v2\/pages"}],"about":[{"href":"https:\/\/cedric-devarenne.com\/demo\/gaijin\/wp-json\/wp\/v2\/types\/page"}],"author":[{"embeddable":true,"href":"https:\/\/cedric-devarenne.com\/demo\/gaijin\/wp-json\/wp\/v2\/users\/2"}],"replies":[{"embeddable":true,"href":"https:\/\/cedric-devarenne.com\/demo\/gaijin\/wp-json\/wp\/v2\/comments?post=8"}],"version-history":[{"count":0,"href":"https:\/\/cedric-devarenne.com\/demo\/gaijin\/wp-json\/wp\/v2\/pages\/8\/revisions"}],"wp:attachment":[{"href":"https:\/\/cedric-devarenne.com\/demo\/gaijin\/wp-json\/wp\/v2\/media?parent=8"}],"wp:term":[{"taxonomy":"yst_prominent_words","embeddable":true,"href":"https:\/\/cedric-devarenne.com\/demo\/gaijin\/wp-json\/wp\/v2\/yst_prominent_words?post=8"}],"curies":[{"name":"wp","href":"https:\/\/api.w.org\/{rel}","templated":true}]}}