{"id":8150,"date":"2015-04-30T16:03:50","date_gmt":"2015-04-30T16:03:50","guid":{"rendered":"https:\/\/cedric-devarenne.com\/demo\/gaijin\/?page_id=8150"},"modified":"2015-04-30T16:03:50","modified_gmt":"2015-04-30T16:03:50","slug":"apprendre-le-japonais","status":"publish","type":"page","link":"https:\/\/cedric-devarenne.com\/demo\/gaijin\/apprendre-le-japonais\/","title":{"rendered":"Apprendre le japonais &#8211; cours de japonais"},"content":{"rendered":"<p style=\"text-align: justify;\"><a href=\"https:\/\/cedric-devarenne.com\/demo\/gaijin\/wp-content\/uploads\/2015\/04\/apprendre-le-japonais-cours-de-japonais.png\"><img loading=\"lazy\" decoding=\"async\" class=\"aligncenter size-full wp-image-8151\" src=\"https:\/\/cedric-devarenne.com\/demo\/gaijin\/wp-content\/uploads\/2015\/04\/apprendre-le-japonais-cours-de-japonais.png\" alt=\"apprendre le japonais cours de japonais\" width=\"600\" height=\"400\" \/><\/a><\/p>\n<p style=\"text-align: justify;\"><strong>Apprendre le japonais est une activit\u00e9 dans laquelle se lancent de nombreuses personnes, et ce de mani\u00e8re r\u00e9guli\u00e8re. Cet apprentissage de la langue japonaise peut s&rsquo;av\u00e9rer plus ou moins difficile, selon ses aptitudes \u00e0 l&rsquo;apprentissage d&rsquo;une langue \u00e9trang\u00e8re. Ici, vous trouverez des ressources divers et vari\u00e9es afin de vous aider au mieux dans cette aventure.<\/strong><\/p>\n<p style=\"text-align: justify;\"><a href=\"http:\/\/www.akamonkai.ac.jp\/french\/\" target=\"_blank\" rel=\"attachment wp-att-10614\"><img loading=\"lazy\" decoding=\"async\" class=\"aligncenter wp-image-10614 size-full\" src=\"https:\/\/cedric-devarenne.com\/demo\/gaijin\/wp-content\/uploads\/2015\/04\/Banniere_Akamonkai2.jpg\" alt=\"Banni\u00e8re_Akamonkai2\" width=\"600\" height=\"200\" \/><\/a><\/p>\n<p style=\"text-align: justify;\">Le japonais est la 9\u00e8me langue au monde disposant du plus grand nombre de natifs la pratiquant (environ 127 Millions), tandis que le fran\u00e7ais pointe hors du top 10 de ce classement des langues les plus parl\u00e9es par des natifs au monde. Mais, malgr\u00e9 cette position flatteuse, <strong>le japonais est une langue isol\u00e9e<\/strong>, \u00e0 savoir qu&rsquo;elle n&rsquo;est parl\u00e9e qu&rsquo;au Japon et dans aucun autre pays (certainement d\u00fb \u00e0 diff\u00e9rents facteurs comme l&rsquo;insularit\u00e9 du pays, sa fermeture sur l&rsquo;ext\u00e9rieur durant la p\u00e9riode Edo ou encore son \u00e9loignement par rapport aux autres pays).<\/p>\n<p style=\"text-align: justify;\">Tous les ans, de nombreuses personnes se lancent dans <strong>l&rsquo;apprentissage du japonais<\/strong>, pour aller <a title=\"Travailler au Japon dans une entreprise japonaise ou \u00e9trang\u00e8re : le guide\" href=\"https:\/\/cedric-devarenne.com\/demo\/gaijin\/travailler-au-japon-dans-une-entreprise-japonaise-ou-etrangere-le-guide\/\"><strong>travailler au Japon<\/strong><\/a>, pour lire des manga, regarder des anime, <a href=\"https:\/\/cedric-devarenne.com\/demo\/gaijin\/category\/vivre-au-japon-2\/\"><strong>vivre au Japon<\/strong><\/a>, par plaisir, par passion, par envie, par curiosit\u00e9, par envie de compr\u00e9hension, pour r\u00e9aliser un <a href=\"https:\/\/cedric-devarenne.com\/demo\/gaijin\/category\/voyage-japon\/\"><strong>voyage au Japon<\/strong><\/a>, &#8230; ou toutes autres raisons diverses et vari\u00e9es.<\/p>\n<p style=\"text-align: justify;\">Apprendre le japonais est \u00e0 la fois complexe et \u00e0 la port\u00e9e de ceux qui en ont la volont\u00e9. Cette langue est \u00e0 l&rsquo;oppos\u00e9e de tout ce que nous connaissons en fran\u00e7ais, aussi bien d&rsquo;un point de vu grammatical, qu&rsquo;en terme de vocabulaires ou bien encore en mati\u00e8re d&rsquo;alphabets utilis\u00e9s. La partie la plus \u00ab\u00a0difficile\u00a0\u00bb est souvent per\u00e7ue comme \u00e9tant <strong>l&rsquo;apprentissage des Kanji et autres Kana japonais<\/strong>, parler japonais \u00e9tant souvent plus facilement accessible.<\/p>\n<p style=\"text-align: justify;\">Au sein de cette page, vous aller retrouver toute une s\u00e9rie d&rsquo;articles divers et vari\u00e9s qui vont vous aider dans votre formation, vous orienter, vous donner des conseils, et qui seront aliment\u00e9s en nouveaux contenus de mani\u00e8re r\u00e9guli\u00e8re. <strong>Bon apprentissage du japonais \u00e0 vous.<\/strong><\/p>\n<h2 style=\"text-align: justify;\"><strong>Alphabet japonais<\/strong><\/h2>\n<p style=\"text-align: justify;\">Au contraire de la langue fran\u00e7aise, et de beaucoup d&rsquo;autres langues \u00e0 travers le monde, le japonais n&rsquo;est pas compos\u00e9 d&rsquo;alphabet \u00e0 proprement parl\u00e9, mais plut\u00f4t de ce que l&rsquo;on peut appeler un <strong>syst\u00e8me d&rsquo;\u00e9criture syllabaire<\/strong>. Ce syst\u00e8me va se baser sur trois formes d&rsquo;\u00e9critures qui sont les <strong>Hiragana et Katakana<\/strong> (qui formeront le groupe appel\u00e9 les Kana japonais) et les <strong>Kanji japonais<\/strong>. Ici, vous retrouverez des articles d\u00e9di\u00e9s \u00e0 ces syst\u00e8mes d&rsquo;\u00e9critures utilis\u00e9s au Japon.<\/p>\n<p style=\"text-align: justify;\">&#8211; <a title=\"Table des Hiragana Japonais\" href=\"https:\/\/cedric-devarenne.com\/demo\/gaijin\/table-des-hiragana-japonais\/\">Table des Hiragana japonais<\/a><\/p>\n<p style=\"text-align: justify;\">&#8211; <a title=\"Table des Katakana Japonais\" href=\"https:\/\/cedric-devarenne.com\/demo\/gaijin\/table-des-katakana-japonais\/\">Table des Katakana japonais<\/a><\/p>\n<p style=\"text-align: justify;\">&#8211; <a title=\"Les kanji japonais : l\u2019\u00e9criture du japon\" href=\"https:\/\/cedric-devarenne.com\/demo\/gaijin\/kanji-japonais-ecriture-japon\/\">Les kanji japonais<\/a><\/p>\n<h2 style=\"text-align: justify;\"><strong>Cours de japonais<\/strong><\/h2>\n<p style=\"text-align: justify;\">Au sein de cette partie, vous retrouverez un ensemble de <strong>le\u00e7ons de japonais<\/strong> r\u00e9dig\u00e9es par des \u00e9coles de japonais, par des professeurs de japonais, avec pour but de vous donner des \u00e9l\u00e9ments d&rsquo;apprentissage de qualit\u00e9 et dont le contenu est v\u00e9rifi\u00e9.<\/p>\n<p style=\"text-align: justify;\">&#8211;<a title=\"Oui et non en japonais, comment exprimer accord et refus\" href=\"https:\/\/cedric-devarenne.com\/demo\/gaijin\/oui-et-non-en-japonais-comment-exprimer-accord-et-refus\/\">Oui et non en japonais, comment exprimer accord et refus<\/a><\/p>\n<p style=\"text-align: justify;\">&#8211; <a title=\"Joyeux anniversaire en japonais, comment le souhaiter\" href=\"https:\/\/cedric-devarenne.com\/demo\/gaijin\/joyeux-anniversaire-en-japonais-comment-le-souhaiter\/\">Joyeux anniversaire en japonais, comment l&rsquo;exprimer<\/a><\/p>\n<p style=\"text-align: justify;\">&#8211; <a title=\"Au revoir en japonais, Sayonara et les autres expressions\" href=\"https:\/\/cedric-devarenne.com\/demo\/gaijin\/au-revoir-en-japonais-sayonara-et-les-autres-expressions\/\">Au revoir en japonais, sayonara et les autres expressions<\/a><\/p>\n<p style=\"text-align: justify;\">&#8211; <a title=\"Bonjour en japonais, mais aussi bonsoir et bonne nuit\" href=\"https:\/\/cedric-devarenne.com\/demo\/gaijin\/bonjour-en-japonais-mais-aussi-bonsoir-et-bonne-nuit\/\">Bonjour en japonais, mais aussi bonsoir et bonne nuit<\/a><\/p>\n<p style=\"text-align: justify;\">&#8211; <a href=\"https:\/\/cedric-devarenne.com\/demo\/gaijin\/hajimemashite-comment-se-presenter-en-japonais\/\">Comment se pr\u00e9senter en japonais<\/a><\/p>\n<p style=\"text-align: justify;\">&#8211; <a title=\"Comment dire merci en japonais, en toute situation\" href=\"https:\/\/cedric-devarenne.com\/demo\/gaijin\/comment-dire-merci-en-japonais-en-toute-situation\/\">Comment dire merci en japonais, en toute situation<\/a><\/p>\n<p style=\"text-align: justify;\">&#8211; <a href=\"https:\/\/cedric-devarenne.com\/demo\/gaijin\/bon-appetit-en-japonais\/\">Comment dire bon app\u00e9tit en japonais<\/a><\/p>\n<p style=\"text-align: justify;\">&#8211; <a href=\"https:\/\/cedric-devarenne.com\/demo\/gaijin\/s-excuser-en-japonais\/\">Comment s&rsquo;excuser en japonais<\/a><\/p>\n<p style=\"text-align: justify;\">&#8211; <a title=\"Wakarimasen vs Shirimasen, comment dire je ne sais pas en japonais\" href=\"https:\/\/cedric-devarenne.com\/demo\/gaijin\/wakarimasen-vs-shirimasen-comment-dire-je-ne-sais-pas-en-japonais\/\">Wakarimasen vs Shirimasen, comment dire je ne sais pas en japonais?<\/a><\/p>\n<p style=\"text-align: justify;\">&#8211; <a title=\"Je t\u2019aime en japonais, comment et quand l\u2019exprimer\" href=\"https:\/\/cedric-devarenne.com\/demo\/gaijin\/je-taime-en-japonais-comment-et-quand-lexprimer\/\">Je t&rsquo;aime en japonais, comment et quand l&rsquo;exprimer<\/a><\/p>\n<p style=\"text-align: justify;\">&#8211; <a title=\"Que signifie \u00ab\u00a0Yoroshiku Oneigaishimasu\u00a0\u00bb en japonais?\" href=\"https:\/\/cedric-devarenne.com\/demo\/gaijin\/que-signifie-yoroshiku-oneigaishimasu-en-japonais\/\">Que signifie \u00ab\u00a0Yoroshiku Oneigaishimasu\u00a0\u00bb en japonais?<\/a><\/p>\n<p style=\"text-align: justify;\">&#8211; <a href=\"https:\/\/cedric-devarenne.com\/demo\/gaijin\/ganbatte-ganbare-ganbarimasu-ganbaru\/\">Ganbatte, Ganbare, Ganbarimasu, Ganbaru: l&rsquo;esprit japonais<\/a><\/p>\n<p style=\"text-align: justify;\">&#8211; <a href=\"https:\/\/cedric-devarenne.com\/demo\/gaijin\/bonne-annee-en-japonais\/\">Bonne ann\u00e9e en japonais<\/a><\/p>\n<p style=\"text-align: justify;\">&#8211; <a href=\"https:\/\/cedric-devarenne.com\/demo\/gaijin\/joyeux-noel-en-japonais\/\">Joyeux No\u00ebl en japonais<\/a><\/p>\n<p>&#8211; <a href=\"https:\/\/cedric-devarenne.com\/demo\/gaijin\/bienvenue-en-japonais\/\">Comment dire bienvenue en japonais<\/a><\/p>\n<h2 style=\"text-align: justify;\"><strong>Focus sur un mot, une expression et listes de vocabulaires<\/strong><\/h2>\n<p style=\"text-align: justify;\">Au sein de cette partie, vous retrouverez des articles proposant un focus sur un mot de la langue japonaise, ou bien encore un sur une expression, ou des listes de vocabulaires afin de vous apporter plus d&rsquo;informations sur le sujet.<\/p>\n<p style=\"text-align: justify;\">&#8211; <a title=\"28 insultes et gros mots en japonais, les Bujoku\" href=\"https:\/\/cedric-devarenne.com\/demo\/gaijin\/28-insultes-et-gros-mots-en-japonais-les-bujoku\/\">Insultes et gros mots en japonais, les Bujoku<\/a><\/p>\n<p style=\"text-align: justify;\">&#8211; <a title=\"20 proverbes, maximes, adages japonais juste pour le fun\" href=\"https:\/\/cedric-devarenne.com\/demo\/gaijin\/20-proverbes-maximes-adages-japonais-pour-le-fun\/\">Proverbes japonais<\/a><\/p>\n<p style=\"text-align: justify;\">&#8211; <a title=\"Smiley japonais, pour communiquer autrement au Japon\" href=\"https:\/\/cedric-devarenne.com\/demo\/gaijin\/au-japon-on-parle-emoticone\/\">Smiley japonais<\/a><\/p>\n<p style=\"text-align: justify;\">&#8211; <a href=\"https:\/\/cedric-devarenne.com\/demo\/gaijin\/onomatopees-japonaises-pour-exprimer-plus-de-choses-encore\/\">Onomatop\u00e9es japonaises<\/a><\/p>\n<h2 style=\"text-align: justify;\"><strong>Japonais pour les touristes<\/strong><\/h2>\n<p style=\"text-align: justify;\">Vous venir pour un s\u00e9jour de courte dur\u00e9e au Japon et vous voulez conna\u00eetre quelques bases afin de vous aider au mieux lors de votre voyage? Ici, vous retrouverez les le\u00e7ons qui seront adapt\u00e9es aux situations auxquelles vous pourriez \u00eatre confront\u00e9.<\/p>\n<p style=\"text-align: justify;\">&#8211; <a title=\"R\u00e9server un h\u00f4tel en japonais, tout ce qu\u2019il faut savoir\" href=\"https:\/\/cedric-devarenne.com\/demo\/gaijin\/reserver-un-hotel-en-japonais-tout-ce-quil-faut-savoir\/\">r\u00e9server un h\u00f4tel en japonais<\/a><\/p>\n<p style=\"text-align: justify;\">&#8211; <a title=\"Comment envoyer un courrier ou un colis en japonais\" href=\"https:\/\/cedric-devarenne.com\/demo\/gaijin\/comment-envoyer-un-courrier-ou-un-colis-en-japonais\/\">comment envoyer un courrier ou un colis en japonais<\/a><\/p>\n<p style=\"text-align: justify;\">&#8211; <a title=\"Comment acheter des v\u00eatements en japonais?\" href=\"https:\/\/cedric-devarenne.com\/demo\/gaijin\/comment-acheter-des-vetements-en-japonais\/\">comment acheter des v\u00eatements en japonais<\/a><\/p>\n<p style=\"text-align: justify;\">&#8211; <a title=\"Comment demander la permission de prendre des photos en japonais\" href=\"https:\/\/cedric-devarenne.com\/demo\/gaijin\/comment-demander-la-permission-de-prendre-des-photos-en-japonais\/\">comment demander la permission de prendre des photos en japonais<\/a><\/p>\n<h2 style=\"text-align: justify;\"><strong>Livres pour apprendre le japonais<\/strong><\/h2>\n<p style=\"text-align: justify;\">Beaucoup aiment \u00e0 se lancer dans l&rsquo;apprentissage d&rsquo;une langue par eux-m\u00eames, pour diverses raisons, et dans ce cas l\u00e0, les livres repr\u00e9sentent souvent un excellent support pour commencer et progresser \u00e0 son rythme. Vous pourrez retrouver une s\u00e9lection d&rsquo;ouvrages, des livres en fran\u00e7ais ou en anglais.<\/p>\n<h3 style=\"text-align: justify;\"><strong><em>&#8211; Livres en fran\u00e7ais<\/em><\/strong><\/h3>\n<p style=\"text-align: justify;\">&#8211; <a title=\"Minna no Nihongo en fran\u00e7ais \u2013 le livre d\u2019apprentissage du japonais\" href=\"https:\/\/cedric-devarenne.com\/demo\/gaijin\/minna-no-nihongo-en-francais-le-livre-dapprentissage-du-japonais\/\">Minna No Nihongo en fran\u00e7ais<\/a><\/p>\n<p style=\"text-align: justify;\">&#8211; <a title=\"Le japonais en manga \u2013 la collection compl\u00e8te\" href=\"https:\/\/cedric-devarenne.com\/demo\/gaijin\/le-japonais-en-manga-la-collection-complete\/\">Le japonais en manga<\/a><\/p>\n<h3 style=\"text-align: justify;\"><strong><em>&#8211; Livres en anglais<\/em><\/strong><\/h3>\n<p style=\"text-align: justify;\">&#8211; <a title=\"Japanese for everyone \u2013 A functional approach to daily communication: Apprendre le Japonais\" href=\"https:\/\/cedric-devarenne.com\/demo\/gaijin\/japanese-for-everyone-a-functional-approach-to-daily-communication-apprendre-le-japonais\/\">Japanese for everyone<\/a><\/p>\n<p style=\"text-align: justify;\">&#8211; <a title=\"Japanese Grammar : le guide de poche pour toute la grammaire Japonaise\" href=\"https:\/\/cedric-devarenne.com\/demo\/gaijin\/japanese-grammar-le-guide-de-poche-pour-toute-la-grammaire-japonaise\/\">Japanese Grammar<\/a><\/p>\n<p style=\"text-align: justify;\">&#8211; <a title=\"Japanese Vocabulary : un guide de poche pour le vocabulaire Japonais\" href=\"https:\/\/cedric-devarenne.com\/demo\/gaijin\/japanese-vocabulary-un-guide-de-poche-pour-le-vocabulaire-japonais\/\">Japanese Vocabulary<\/a><\/p>\n<p style=\"text-align: justify;\">&#8211; <a title=\"Self-study Kana Workbook: apprendre les Hiragana et les Katakana facilement\" href=\"https:\/\/cedric-devarenne.com\/demo\/gaijin\/self-study-kana-workbook-apprendre-les-hiragana-et-les-katakana-facilement\/\">Self-Study Kana Workbook<\/a><\/p>\n<p style=\"text-align: justify;\">&#8211; <a title=\"Speak Japanese Naturally: le livre pour parler le Japonais de tous les jours\" href=\"https:\/\/cedric-devarenne.com\/demo\/gaijin\/speak-japanese-naturally-le-livre-pour-parler-le-japonais-de-tous-les-jours\/\">Speak Japanese naturally<\/a><\/p>\n<p style=\"text-align: justify;\">&#8211; <a title=\"Easy Kanji par Fujihiko Kaneda\" href=\"https:\/\/cedric-devarenne.com\/demo\/gaijin\/easy-kanji-par-fujihiko-kaneda\/\">Easy Kanji<\/a><\/p>\n<p style=\"text-align: justify;\">&#8211; <a title=\"Kanji Starter volume 1 par Daiki Kusuya\" href=\"https:\/\/cedric-devarenne.com\/demo\/gaijin\/kanji-starter-volume-1-par-daiki-kusuya\/\">Kanji Starter Volume 1<\/a><\/p>\n<p style=\"text-align: justify;\">&#8211; <a title=\"Kanji Starter volume 2 par Daiki Kusuya\" href=\"https:\/\/cedric-devarenne.com\/demo\/gaijin\/kanji-starter-volume-2-par-daiki-kusuya\/\">Kanji Starter Volume 2<\/a><\/p>\n<h2 style=\"text-align: justify;\"><strong>Logiciels pour apprendre le japonais<\/strong><\/h2>\n<p style=\"text-align: justify;\">A l&rsquo;\u00e8re du num\u00e9rique, il existe de nombreux outils qui permettent de nous aider pour apprendre le japonais, alors pourquoi s&rsquo;en priver? Ces outils peuvent aller de la simple application pour Smartphones aux dictionnaires \u00e9lectroniques en tout genre.<\/p>\n<p style=\"text-align: justify;\">&#8211; <a title=\"Dictionnaire japonais fran\u00e7ais, ma s\u00e9lection\" href=\"https:\/\/cedric-devarenne.com\/demo\/gaijin\/dictionnaire-japonais-francais-ma-selection\/\">Dictionnaires japonais &#8211; fran\u00e7ais<\/a><\/p>\n<p style=\"text-align: justify;\">&#8211; <a title=\"Les meilleures applications Smartphones et tablettes pour 1 voyage au Japon\" href=\"https:\/\/cedric-devarenne.com\/demo\/gaijin\/les-meilleures-applications-smartphones-et-tablettes-pour-1-voyage-au-japon\/\">Applications Smartphones pour un voyage au Japon<\/a><\/p>\n<h2 style=\"text-align: justify;\"><strong>\u00c9coles de japonais au Japon<\/strong><\/h2>\n<p style=\"text-align: justify;\">Vous voulez vous lancer, <a title=\"Partir au Japon : l\u2019essentiel \u00e0 savoir avant le d\u00e9part\" href=\"https:\/\/cedric-devarenne.com\/demo\/gaijin\/partir-au-japon-lessentiel-a-savoir-avant-le-depart\/\"><strong>partir au Japon<\/strong><\/a> et apprendre la langue sur place? Choisir la bonne \u00e9cole, la plus adapt\u00e9e \u00e0 vos besoins sera vital. Ici, je vous recommande toute une s\u00e9rie d&rsquo;\u00e9coles proposant des cours de qualit\u00e9 et des services qui vous satisferont.<\/p>\n<p>&#8211; <a href=\"https:\/\/cedric-devarenne.com\/demo\/gaijin\/dokodemo-pour-etudier-le-japonais\/\">Dokodemo au Japon<\/a><\/p>\n<p style=\"text-align: justify;\">&#8211; <a title=\"Comment obtenir un visa \u00e9tudiant pour le Japon avec Akamonkai Japanese Language School\" href=\"https:\/\/cedric-devarenne.com\/demo\/gaijin\/comment-obtenir-un-visa-etudiant-pour-le-japon-avec-akamonkai-japanese-language-school\/\">Akamonkai \u00e0 Tokyo<\/a><\/p>\n<p style=\"text-align: justify;\">&#8211; <a title=\"Coto Academy : la meilleure \u00e9cole de japonais \u00e0 Tokyo\" href=\"https:\/\/cedric-devarenne.com\/demo\/gaijin\/iidabashi-language-school-la-meilleure-ecole-de-japonais-a-tokyo\/\">Coto Academy \u00e0 Tokyo<\/a><\/p>\n<h2 style=\"text-align: justify;\"><a href=\"http:\/\/www.dokodemo.fr\/\" target=\"_blank\" rel=\"attachment wp-att-10698\"><img loading=\"lazy\" decoding=\"async\" class=\"aligncenter wp-image-10698 size-full\" src=\"https:\/\/cedric-devarenne.com\/demo\/gaijin\/wp-content\/uploads\/2015\/04\/13474246_10208407960089914_1610048997_n.jpg\" alt=\"13474246_10208407960089914_1610048997_n\" width=\"600\" height=\"200\" \/><\/a><\/h2>\n<h2 style=\"text-align: justify;\"><strong>Conseils pour apprendre le japonais<\/strong><\/h2>\n<p style=\"text-align: justify;\">Lorsque je suis venu, en 2011, au pays du Soleil-Levant, avec un <a title=\"PVT Japon: d\u00e9marches et conseils pour obtenir le visa\" href=\"https:\/\/cedric-devarenne.com\/demo\/gaijin\/demande-de-pvt-japon-demarches-conseils\/\"><strong>PVT Japon<\/strong><\/a>, je ne parlais pas un seul mot de japonais. Il m&rsquo;aura fallu me lancer et apprendre, par diverses mani\u00e8res. Ici, je partage avec vous mes conseils bas\u00e9s sur mon exp\u00e9rience personnelle, ou des retours que j&rsquo;ai pu avoir.<\/p>\n<p style=\"text-align: justify;\">&#8211; <a title=\"Apprendre le japonais au Japon: conseils\" href=\"https:\/\/cedric-devarenne.com\/demo\/gaijin\/apprendre-le-japonais-au-japon-conseils\/\">Apprendre le japonais au Japon<\/a><\/p>\n<p style=\"text-align: justify;\">&#8211; <a title=\"Comment apprendre le japonais\" href=\"https:\/\/cedric-devarenne.com\/demo\/gaijin\/comment-apprendre-le-japonais-facilement\/\">Comment apprendre le japonais<\/a><\/p>\n","protected":false},"excerpt":{"rendered":"<p>Apprendre le japonais est une activit\u00e9 dans laquelle se lancent de nombreuses personnes, et ce de mani\u00e8re r\u00e9guli\u00e8re. Cet apprentissage de la langue japonaise peut s&rsquo;av\u00e9rer plus ou moins difficile, selon ses aptitudes \u00e0 l&rsquo;apprentissage d&rsquo;une langue \u00e9trang\u00e8re. Ici, vous trouverez des ressources divers et vari\u00e9es afin de vous aider au mieux dans cette aventure. &hellip;<\/p>\n","protected":false},"author":2,"featured_media":0,"parent":0,"menu_order":0,"comment_status":"open","ping_status":"open","template":"","meta":{"footnotes":""},"yst_prominent_words":[],"class_list":["post-8150","page","type-page","status-publish",""],"_links":{"self":[{"href":"https:\/\/cedric-devarenne.com\/demo\/gaijin\/wp-json\/wp\/v2\/pages\/8150","targetHints":{"allow":["GET"]}}],"collection":[{"href":"https:\/\/cedric-devarenne.com\/demo\/gaijin\/wp-json\/wp\/v2\/pages"}],"about":[{"href":"https:\/\/cedric-devarenne.com\/demo\/gaijin\/wp-json\/wp\/v2\/types\/page"}],"author":[{"embeddable":true,"href":"https:\/\/cedric-devarenne.com\/demo\/gaijin\/wp-json\/wp\/v2\/users\/2"}],"replies":[{"embeddable":true,"href":"https:\/\/cedric-devarenne.com\/demo\/gaijin\/wp-json\/wp\/v2\/comments?post=8150"}],"version-history":[{"count":0,"href":"https:\/\/cedric-devarenne.com\/demo\/gaijin\/wp-json\/wp\/v2\/pages\/8150\/revisions"}],"wp:attachment":[{"href":"https:\/\/cedric-devarenne.com\/demo\/gaijin\/wp-json\/wp\/v2\/media?parent=8150"}],"wp:term":[{"taxonomy":"yst_prominent_words","embeddable":true,"href":"https:\/\/cedric-devarenne.com\/demo\/gaijin\/wp-json\/wp\/v2\/yst_prominent_words?post=8150"}],"curies":[{"name":"wp","href":"https:\/\/api.w.org\/{rel}","templated":true}]}}