{"id":8625,"date":"2015-07-06T13:23:35","date_gmt":"2015-07-06T13:23:35","guid":{"rendered":"https:\/\/cedric-devarenne.com\/demo\/gaijin\/?page_id=8625"},"modified":"2015-07-06T13:23:35","modified_gmt":"2015-07-06T13:23:35","slug":"mentions-legales","status":"publish","type":"page","link":"https:\/\/cedric-devarenne.com\/demo\/gaijin\/mentions-legales\/","title":{"rendered":"Mentions l\u00e9gales"},"content":{"rendered":"<p style=\"text-align: justify;\"><strong>En conformit\u00e9 avec l&rsquo;article 6 de la loi du 21 juin 2004, relative \u00e0 la confiance dans l&rsquo;\u00e9conomie num\u00e9rique, nous vous informons que ce service de communication au public en ligne est \u00e9dit\u00e9 par:<\/strong><\/p>\n<p style=\"text-align: justify;\">Aala Kanzali<\/p>\n<p style=\"text-align: justify;\">15 rue des ormes &#8211; Chez M. Kanzali<\/p>\n<p style=\"text-align: justify;\">38070 Saint Quentin Fallavier &#8211; France<\/p>\n<p style=\"text-align: justify;\">T\u00e9l: 0081.80.3270.3959 (num\u00e9ro japonais)<\/p>\n<p style=\"text-align: justify;\">Identifiant RCS: 518 521\u00a0224<\/p>\n<p style=\"text-align: justify;\">Identifiant SIRET: 518\u00a0521\u00a0224\u00a0000 15<\/p>\n<p style=\"text-align: justify;\">Code APE: 7911Z \u00a0Activit\u00e9s des agences de voyage<\/p>\n<p style=\"text-align: justify;\"><strong>Le directeur de la publication est<\/strong> M. Aala Kanzali<\/p>\n<p style=\"text-align: justify;\"><strong>Le prestataire mentionn\u00e9 au 2 du I de l&rsquo;article 6 de la loi pr\u00e9cit\u00e9e, est:<\/strong><\/p>\n<p style=\"text-align: justify;\">OVH<\/p>\n<p style=\"text-align: justify;\">SAS au Capital de 10\u00a0000\u00a0000 \u20ac<\/p>\n<p style=\"text-align: justify;\">RCS Roubaix \u2013 Tourcoing 424\u00a0761\u00a0419 00045<\/p>\n<p style=\"text-align: justify;\">Code APE\u00a0: 6202A<\/p>\n<p style=\"text-align: justify;\">N\u00b0 TVA\u00a0: FR 22\u00a0424\u00a0761\u00a0419<\/p>\n<p style=\"text-align: justify;\">Si\u00e8ge social\u00a0: 2 rue Kellemann 59100 Roubaix \u2013 France<\/p>\n<p style=\"text-align: justify;\">T\u00e9l: 0.820.698.765<\/p>\n","protected":false},"excerpt":{"rendered":"<p>En conformit\u00e9 avec l&rsquo;article 6 de la loi du 21 juin 2004, relative \u00e0 la confiance dans l&rsquo;\u00e9conomie num\u00e9rique, nous vous informons que ce service de communication au public en ligne est \u00e9dit\u00e9 par: Aala Kanzali 15 rue des ormes &#8211; Chez M. Kanzali 38070 Saint Quentin Fallavier &#8211; France T\u00e9l: 0081.80.3270.3959 (num\u00e9ro japonais) Identifiant &hellip;<\/p>\n","protected":false},"author":2,"featured_media":0,"parent":0,"menu_order":0,"comment_status":"open","ping_status":"open","template":"","meta":{"footnotes":""},"yst_prominent_words":[],"class_list":["post-8625","page","type-page","status-publish",""],"_links":{"self":[{"href":"https:\/\/cedric-devarenne.com\/demo\/gaijin\/wp-json\/wp\/v2\/pages\/8625","targetHints":{"allow":["GET"]}}],"collection":[{"href":"https:\/\/cedric-devarenne.com\/demo\/gaijin\/wp-json\/wp\/v2\/pages"}],"about":[{"href":"https:\/\/cedric-devarenne.com\/demo\/gaijin\/wp-json\/wp\/v2\/types\/page"}],"author":[{"embeddable":true,"href":"https:\/\/cedric-devarenne.com\/demo\/gaijin\/wp-json\/wp\/v2\/users\/2"}],"replies":[{"embeddable":true,"href":"https:\/\/cedric-devarenne.com\/demo\/gaijin\/wp-json\/wp\/v2\/comments?post=8625"}],"version-history":[{"count":0,"href":"https:\/\/cedric-devarenne.com\/demo\/gaijin\/wp-json\/wp\/v2\/pages\/8625\/revisions"}],"wp:attachment":[{"href":"https:\/\/cedric-devarenne.com\/demo\/gaijin\/wp-json\/wp\/v2\/media?parent=8625"}],"wp:term":[{"taxonomy":"yst_prominent_words","embeddable":true,"href":"https:\/\/cedric-devarenne.com\/demo\/gaijin\/wp-json\/wp\/v2\/yst_prominent_words?post=8625"}],"curies":[{"name":"wp","href":"https:\/\/api.w.org\/{rel}","templated":true}]}}